{"id":26420,"date":"2025-02-15T09:24:32","date_gmt":"2025-02-15T09:24:32","guid":{"rendered":"https:\/\/www.metlaninst.com\/?post_type=product&#038;p=26420"},"modified":"2025-06-17T03:14:44","modified_gmt":"2025-06-17T03:14:44","slug":"medidor-de-caudal-de-gas-ultrassonico-de-alta-precisao-mts-lynsb","status":"publish","type":"product","link":"https:\/\/metlaninst.com\/pt\/p\/medidor-de-caudal-de-gas-ultrassonico-de-alta-precisao-mts-lynsb\/","title":{"rendered":"Medidor de caudal de g\u00e1s ultrass\u00f3nico de alta precis\u00e3o (MTS-LYNSB)"},"content":{"rendered":"<div class=\"e-con-inner\">\n<div class=\"elementor-element e-con-full e-flex e-con e-child\">\n<div class=\"elementor-widget-container\">\n<h3 class=\"elementor-heading-title elementor-size-default\">Carater\u00edsticas:<\/h3>\n<\/div>\n<div class=\"elementor-widget-container\">\n<ol>\n<li data-zone-id=\"0\" data-line-index=\"0\" data-line=\"true\">Alta precis\u00e3o para g\u00e1s at\u00e9 \u00b10,5%<\/li>\n<li data-zone-id=\"0\" data-line-index=\"0\" data-line=\"true\">Sem pe\u00e7as m\u00f3veis, sem perda de press\u00e3o, sem obstru\u00e7\u00f5es na linha<\/li>\n<li data-zone-id=\"0\" data-line-index=\"0\" data-line=\"true\">Sem lubrifica\u00e7\u00e3o ou manuten\u00e7\u00e3o peri\u00f3dica<\/li>\n<li data-zone-id=\"0\" data-line-index=\"0\" data-line=\"true\">A medi\u00e7\u00e3o n\u00e3o \u00e9 afetada pelas propriedades do g\u00e1s<\/li>\n<li data-zone-id=\"0\" data-line-index=\"0\" data-line=\"true\">R\u00e1cio de abertura ampla de 100:1<\/li>\n<li data-zone-id=\"0\" data-line-index=\"0\" data-line=\"true\">Capacidade bidirecional<\/li>\n<li data-zone-id=\"0\" data-line-index=\"0\" data-line=\"true\">Est\u00e3o dispon\u00edveis para o ecr\u00e3 LCD ingl\u00eas, espanhol, franc\u00eas e outras l\u00ednguas, mediante pedido.<\/li>\n<li data-zone-id=\"0\" data-line-index=\"0\" data-line=\"true\">Cada medidor de caudal \u00e9 calibrado e \u00e9-lhe atribu\u00eddo um n\u00famero de s\u00e9rie \u00fanico correspondente a todos os dados de calibra\u00e7\u00e3o.<\/li>\n<\/ol>\n<\/div>\n<\/div>\n<div class=\"elementor-element e-con-full e-flex e-con e-child\">\n<div class=\"elementor-widget-container\">\n<h3 class=\"elementor-heading-title elementor-size-default\">Aplica\u00e7\u00f5es:<\/h3>\n<\/div>\n<div class=\"elementor-widget-container\">\n<h5 class=\"first\">Aplica\u00e7\u00f5es t\u00edpicas:<\/h5>\n<div>\n<ul>\n<li data-zone-id=\"0\" data-line-index=\"0\" data-line=\"true\">Aplica\u00e7\u00f5es de transfer\u00eancia de cust\u00f3dia (g\u00e1s natural, N2, 02, ar, etileno)<\/li>\n<li data-zone-id=\"0\" data-line-index=\"0\" data-line=\"true\">aplica\u00e7\u00f5es onshore e offshore<\/li>\n<li data-zone-id=\"0\" data-line-index=\"0\" data-line=\"true\">Instala\u00e7\u00f5es de armazenamento subterr\u00e2neo de g\u00e1s (\u00e9 poss\u00edvel efetuar medi\u00e7\u00f5es bidireccionais)<\/li>\n<li data-zone-id=\"0\" data-line-index=\"0\" data-line=\"true\">Para gases com elevado componente de H2S, como o g\u00e1s \u00e1cido ou o biog\u00e1s<\/li>\n<\/ul>\n<\/div>\n<h5>Ind\u00fastrias:<\/h5>\n<div>\n<ul>\n<li data-zone-id=\"0\" data-line-index=\"0\" data-line=\"true\">Solu\u00e7\u00f5es a montante\/offshore<\/li>\n<li data-zone-id=\"0\" data-line-index=\"0\" data-line=\"true\">Armazenamento e distribui\u00e7\u00e3o de petr\u00f3leo e g\u00e1s<\/li>\n<li data-zone-id=\"0\" data-line-index=\"0\" data-line=\"true\">Solu\u00e7\u00f5es para refinarias<\/li>\n<li data-zone-id=\"0\" data-line-index=\"0\" data-line=\"true\">Armazenamento subterr\u00e2neo e processamento de g\u00e1s<\/li>\n<li data-zone-id=\"0\" data-line-index=\"0\" data-line=\"true\">Solu\u00e7\u00f5es de petr\u00f3leo e g\u00e1s onshore\/shaleInd\u00fastria do ferro, do a\u00e7o e dos metais<\/li>\n<\/ul>\n<\/div>\n<div><\/div>\n<\/div>\n<\/div>\n<\/div>","protected":false},"excerpt":{"rendered":"<div class=\"short-description-head\">\n<div data-zone-id=\"0\" data-line-index=\"0\" data-line=\"true\">O MTS-LYNSB \u00e9 ideal tanto para a transfer\u00eancia de cust\u00f3dia de g\u00e1s natural como para a medi\u00e7\u00e3o altamente precisa de gases de processo com uma exatid\u00e3o at\u00e9 \u00b10,5%. Mede a velocidade de fluxo do g\u00e1s atrav\u00e9s dos tempos de tr\u00e2nsito dos impulsos ultra-s\u00f3nicos e calcula a taxa de fluxo nas condi\u00e7\u00f5es de medi\u00e7\u00e3o.<\/div>\n<\/div>","protected":false},"featured_media":26421,"template":"","meta":[],"product_brand":[],"product_cat":[216,208,164],"product_tag":[],"class_list":{"0":"post-26420","1":"product","2":"type-product","3":"status-publish","4":"has-post-thumbnail","6":"product_cat-ultrasonic-gas-flow-meter","7":"product_cat-gas-flow-meters","8":"product_cat-air-flow-meters","10":"first","11":"instock","12":"shipping-taxable","13":"purchasable","14":"product-type-simple"},"_links":{"self":[{"href":"https:\/\/metlaninst.com\/pt\/wp-json\/wp\/v2\/product\/26420","targetHints":{"allow":["GET"]}}],"collection":[{"href":"https:\/\/metlaninst.com\/pt\/wp-json\/wp\/v2\/product"}],"about":[{"href":"https:\/\/metlaninst.com\/pt\/wp-json\/wp\/v2\/types\/product"}],"version-history":[{"count":2,"href":"https:\/\/metlaninst.com\/pt\/wp-json\/wp\/v2\/product\/26420\/revisions"}],"predecessor-version":[{"id":27022,"href":"https:\/\/metlaninst.com\/pt\/wp-json\/wp\/v2\/product\/26420\/revisions\/27022"}],"wp:featuredmedia":[{"embeddable":true,"href":"https:\/\/metlaninst.com\/pt\/wp-json\/wp\/v2\/media\/26421"}],"wp:attachment":[{"href":"https:\/\/metlaninst.com\/pt\/wp-json\/wp\/v2\/media?parent=26420"}],"wp:term":[{"taxonomy":"product_brand","embeddable":true,"href":"https:\/\/metlaninst.com\/pt\/wp-json\/wp\/v2\/product_brand?post=26420"},{"taxonomy":"product_cat","embeddable":true,"href":"https:\/\/metlaninst.com\/pt\/wp-json\/wp\/v2\/product_cat?post=26420"},{"taxonomy":"product_tag","embeddable":true,"href":"https:\/\/metlaninst.com\/pt\/wp-json\/wp\/v2\/product_tag?post=26420"}],"curies":[{"name":"wp","href":"https:\/\/api.w.org\/{rel}","templated":true}]}}