{"id":26621,"date":"2024-09-15T13:30:46","date_gmt":"2024-09-15T13:30:46","guid":{"rendered":"https:\/\/www.metlaninst.com\/?post_type=product&#038;p=26621"},"modified":"2025-03-21T02:47:06","modified_gmt":"2025-03-21T02:47:06","slug":"medidor-de-caudal-de-gas-com-tubo-pitot-mtkb-201x","status":"publish","type":"product","link":"https:\/\/metlaninst.com\/pt\/p\/medidor-de-caudal-de-gas-com-tubo-pitot-mtkb-201x\/","title":{"rendered":"Medidor de caudal de g\u00e1s com tubo de Pitot MTKB-201x"},"content":{"rendered":"<div class=\"e-con-inner\">\n<div class=\"elementor-element e-con-full e-flex e-con e-child\">\n<div class=\"elementor-widget-container\">\n<h3 class=\"elementor-heading-title elementor-size-default\">Carater\u00edsticas:<\/h3>\n<\/div>\n<div class=\"elementor-widget-container\">\n<ol>\n<li>Aplic\u00e1vel \u00e0 medi\u00e7\u00e3o de ar sujo e h\u00famido<\/li>\n<li>A auto-calibra\u00e7\u00e3o em linha reduz o desvio de dados<\/li>\n<li>alta sensibilidade, o limite inferior \u00e9 de 5 Nm\/s<\/li>\n<li>R\u00e1cio de abertura ampla de 1:60<\/li>\n<li>Medi\u00e7\u00e3o de caudal bidirecional<\/li>\n<li>Integra sensores de press\u00e3o e temperatura para monitorizar a press\u00e3o e a temperatura do g\u00e1s em linha<\/li>\n<li>Sem partes m\u00f3veis, baixa queda de press\u00e3o<\/li>\n<li>N\u00e3o \u00e9 afetado pela vibra\u00e7\u00e3o da tubagem<\/li>\n<li>Est\u00e3o dispon\u00edveis para o ecr\u00e3 LCD ingl\u00eas, espanhol, franc\u00eas e outras l\u00ednguas, mediante pedido.<\/li>\n<li>Cada medidor de caudal \u00e9 calibrado e \u00e9-lhe atribu\u00eddo um n\u00famero de s\u00e9rie \u00fanico correspondente a todos os dados de calibra\u00e7\u00e3o.<\/li>\n<\/ol>\n<\/div>\n<\/div>\n<div class=\"elementor-element e-con-full e-flex e-con e-child\">\n<div class=\"elementor-widget-container\">\n<h3 class=\"elementor-heading-title elementor-size-default\">Aplica\u00e7\u00f5es:<\/h3>\n<\/div>\n<div class=\"elementor-widget-container\">\n<p><strong>Geral<\/strong><\/p>\n<ul>\n<li>Ar seco \/ h\u00famido e gases n\u00e3o corrosivos<\/li>\n<li>Utilidades e vapor, monitoriza\u00e7\u00e3o da energia<\/li>\n<li>Processos de combust\u00e3o t\u00e9rmica, ar prim\u00e1rio e secund\u00e1rio<\/li>\n<li>Despoeiramento e ventila\u00e7\u00e3o<\/li>\n<li>Ar comprimido<\/li>\n<li>Biog\u00e1s<\/li>\n<\/ul>\n<\/div>\n<\/div>\n<\/div>","protected":false},"excerpt":{"rendered":"<div class=\"short-description-head\">\n<div data-zone-id=\"0\" data-line-index=\"0\" data-line=\"true\">O medidor de caudal de press\u00e3o diferente com tubo pitot MTKB-201x \u00e9 a escolha perfeita para gases, especialmente os gases sujos\/h\u00famidos n\u00e3o corrosivos. O limite de medi\u00e7\u00e3o muito baixo, que pode atingir 5 Nm\/s, e o r\u00e1cio de abertura de cama 1:60. A auto-calibra\u00e7\u00e3o online compensa automaticamente os impactos da mudan\u00e7a de temperatura, mudan\u00e7a de press\u00e3o e polui\u00e7\u00e3o do sensor.<\/div>\n<\/div>","protected":false},"featured_media":26624,"template":"","meta":[],"product_brand":[],"product_cat":[122,208,164],"product_tag":[],"class_list":{"0":"post-26621","1":"product","2":"type-product","3":"status-publish","4":"has-post-thumbnail","6":"product_cat-differential-pressure-flow-meters","7":"product_cat-gas-flow-meters","8":"product_cat-air-flow-meters","10":"first","11":"instock","12":"shipping-taxable","13":"purchasable","14":"product-type-variable"},"_links":{"self":[{"href":"https:\/\/metlaninst.com\/pt\/wp-json\/wp\/v2\/product\/26621","targetHints":{"allow":["GET"]}}],"collection":[{"href":"https:\/\/metlaninst.com\/pt\/wp-json\/wp\/v2\/product"}],"about":[{"href":"https:\/\/metlaninst.com\/pt\/wp-json\/wp\/v2\/types\/product"}],"version-history":[{"count":2,"href":"https:\/\/metlaninst.com\/pt\/wp-json\/wp\/v2\/product\/26621\/revisions"}],"predecessor-version":[{"id":26628,"href":"https:\/\/metlaninst.com\/pt\/wp-json\/wp\/v2\/product\/26621\/revisions\/26628"}],"wp:featuredmedia":[{"embeddable":true,"href":"https:\/\/metlaninst.com\/pt\/wp-json\/wp\/v2\/media\/26624"}],"wp:attachment":[{"href":"https:\/\/metlaninst.com\/pt\/wp-json\/wp\/v2\/media?parent=26621"}],"wp:term":[{"taxonomy":"product_brand","embeddable":true,"href":"https:\/\/metlaninst.com\/pt\/wp-json\/wp\/v2\/product_brand?post=26621"},{"taxonomy":"product_cat","embeddable":true,"href":"https:\/\/metlaninst.com\/pt\/wp-json\/wp\/v2\/product_cat?post=26621"},{"taxonomy":"product_tag","embeddable":true,"href":"https:\/\/metlaninst.com\/pt\/wp-json\/wp\/v2\/product_tag?post=26621"}],"curies":[{"name":"wp","href":"https:\/\/api.w.org\/{rel}","templated":true}]}}