{"id":26694,"date":"2025-04-19T02:56:05","date_gmt":"2025-04-19T02:56:05","guid":{"rendered":"https:\/\/www.metlaninst.com\/?post_type=product&#038;p=26694"},"modified":"2025-06-15T11:05:40","modified_gmt":"2025-06-15T11:05:40","slug":"medidor-de-caudal-massico-de-gas-termico-controlador-mtl20fd","status":"publish","type":"product","link":"https:\/\/metlaninst.com\/pt\/p\/medidor-de-caudal-massico-de-gas-termico-controlador-mtl20fd\/","title":{"rendered":"Medidor de caudal m\u00e1ssico de g\u00e1s t\u00e9rmico \/ Controlador (MTL20FD)"},"content":{"rendered":"<div class=\"e-con-inner\">\n<div class=\"elementor-element e-con-full e-flex e-con e-child\">\n<div class=\"elementor-widget-container\">\n<h3 class=\"elementor-heading-title elementor-size-default\">Carater\u00edsticas:<\/h3>\n<\/div>\n<div class=\"elementor-widget-container\">\n<ol>\n<li data-zone-id=\"0\" data-line-index=\"0\" data-line=\"true\">\u00a0Concebido para a medi\u00e7\u00e3o de gases de baixo caudal.<\/li>\n<li data-zone-id=\"0\" data-line-index=\"0\" data-line=\"true\">R\u00e1cio de redu\u00e7\u00e3o: 50:1 para o controlador digital de caudal m\u00e1ssico; 100:1 para o medidor digital de caudal m\u00e1ssico.<\/li>\n<li data-zone-id=\"0\" data-line-index=\"0\" data-line=\"true\">Tempo de resposta: controlador de caudal m\u00e1ssico &lt;0,2s; medidor de caudal m\u00e1ssico &lt;0,1s<\/li>\n<li data-zone-id=\"0\" data-line-index=\"0\" data-line=\"true\">Controlador PID integrado para regular o caudal<\/li>\n<li data-zone-id=\"0\" data-line-index=\"0\" data-line=\"true\">Medi\u00e7\u00e3o direta do caudal m\u00e1ssico, compensa\u00e7\u00e3o autom\u00e1tica da temperatura<\/li>\n<li data-zone-id=\"0\" data-line-index=\"0\" data-line=\"true\">Ecr\u00e3 t\u00e1til<\/li>\n<li data-zone-id=\"0\" data-line-index=\"0\" data-line=\"true\">Adequado para v\u00e1rias condutas de alta e baixa press\u00e3o.<\/li>\n<li data-zone-id=\"0\" data-line-index=\"0\" data-line=\"true\">Est\u00e3o dispon\u00edveis para o ecr\u00e3 LCD ingl\u00eas, espanhol, franc\u00eas e outras l\u00ednguas, mediante pedido.<\/li>\n<li data-zone-id=\"0\" data-line-index=\"0\" data-line=\"true\">Cada medidor de caudal \u00e9 calibrado e \u00e9-lhe atribu\u00eddo um n\u00famero de s\u00e9rie \u00fanico correspondente a todos os dados de calibra\u00e7\u00e3o.<\/li>\n<\/ol>\n<\/div>\n<\/div>\n<div class=\"elementor-element e-con-full e-flex e-con e-child\">\n<div class=\"elementor-widget-container\">\n<h3 class=\"elementor-heading-title elementor-size-default\">Aplica\u00e7\u00f5es:<\/h3>\n<\/div>\n<div class=\"elementor-widget-container\">\n<p>Ind\u00fastria do vidro, energia solar, monitoriza\u00e7\u00e3o da atmosfera, ind\u00fastria<br \/>\nprodu\u00e7\u00e3o, petr\u00f3leo e petroqu\u00edmica, gest\u00e3o de carv\u00e3o e ouro,<br \/>\nprodu\u00e7\u00e3o e distribui\u00e7\u00e3o de g\u00e1s, prote\u00e7\u00e3o do ambiente,<br \/>\nenergia do hidrog\u00e9nio \/ pilha de combust\u00edvel, an\u00e1lise de v\u00e1rios instrumentos<\/p>\n<\/div>\n<\/div>\n<\/div>","protected":false},"excerpt":{"rendered":"<div class=\"short-description-head\">\n<div data-zone-id=\"0\" data-line-index=\"0\" data-line=\"true\">O MTL20FD \u00e9 uma s\u00e9rie de medidores\/controladores de caudal m\u00e1ssico de alta precis\u00e3o, com uma exatid\u00e3o at\u00e9 \u00b1 0,5% da escala completa baseada no princ\u00edpio t\u00e9rmico. Pode ser utilizado para v\u00e1rias experi\u00eancias em laborat\u00f3rios e ambientes industriais complexos. Para se adaptar a ambientes industriais complexos, tamb\u00e9m temos alguns modelos que suportam a classifica\u00e7\u00e3o IP67 \u00e0 prova de poeira e \u00e1gua, bem como a seguran\u00e7a intr\u00ednseca IICT4 \u00e0 prova de explos\u00e3o. Para al\u00e9m da interface anal\u00f3gica standard de entrada\/sa\u00edda, suporta tamb\u00e9m a interface 485\/232 e o protocolo de comunica\u00e7\u00e3o \u00e9 o protocolo standard modbus RTU.<\/div>\n<\/div>","protected":false},"featured_media":26789,"template":"","meta":[],"product_brand":[],"product_cat":[223],"product_tag":[],"class_list":{"0":"post-26694","1":"product","2":"type-product","3":"status-publish","4":"has-post-thumbnail","6":"product_cat-low-flow-mass-flow-meter-controller","8":"first","9":"instock","10":"shipping-taxable","11":"purchasable","12":"product-type-simple"},"_links":{"self":[{"href":"https:\/\/metlaninst.com\/pt\/wp-json\/wp\/v2\/product\/26694","targetHints":{"allow":["GET"]}}],"collection":[{"href":"https:\/\/metlaninst.com\/pt\/wp-json\/wp\/v2\/product"}],"about":[{"href":"https:\/\/metlaninst.com\/pt\/wp-json\/wp\/v2\/types\/product"}],"version-history":[{"count":1,"href":"https:\/\/metlaninst.com\/pt\/wp-json\/wp\/v2\/product\/26694\/revisions"}],"predecessor-version":[{"id":26696,"href":"https:\/\/metlaninst.com\/pt\/wp-json\/wp\/v2\/product\/26694\/revisions\/26696"}],"wp:featuredmedia":[{"embeddable":true,"href":"https:\/\/metlaninst.com\/pt\/wp-json\/wp\/v2\/media\/26789"}],"wp:attachment":[{"href":"https:\/\/metlaninst.com\/pt\/wp-json\/wp\/v2\/media?parent=26694"}],"wp:term":[{"taxonomy":"product_brand","embeddable":true,"href":"https:\/\/metlaninst.com\/pt\/wp-json\/wp\/v2\/product_brand?post=26694"},{"taxonomy":"product_cat","embeddable":true,"href":"https:\/\/metlaninst.com\/pt\/wp-json\/wp\/v2\/product_cat?post=26694"},{"taxonomy":"product_tag","embeddable":true,"href":"https:\/\/metlaninst.com\/pt\/wp-json\/wp\/v2\/product_tag?post=26694"}],"curies":[{"name":"wp","href":"https:\/\/api.w.org\/{rel}","templated":true}]}}