{"id":26697,"date":"2025-04-19T03:28:22","date_gmt":"2025-04-19T03:28:22","guid":{"rendered":"https:\/\/www.metlaninst.com\/?post_type=product&#038;p=26697"},"modified":"2025-11-05T01:52:50","modified_gmt":"2025-11-05T01:52:50","slug":"medidor-de-caudal-massico-de-gas-com-pressao-diferencial-controlador-mtl20fc","status":"publish","type":"product","link":"https:\/\/metlaninst.com\/pt\/p\/medidor-de-caudal-massico-de-gas-com-pressao-diferencial-controlador-mtl20fc\/","title":{"rendered":"Medidor de caudal m\u00e1ssico de press\u00e3o diferencial \/ Controlador MTL20FC"},"content":{"rendered":"<div class=\"e-con-inner\">\n<div class=\"elementor-element e-con-full e-flex e-con e-child\">\n<div class=\"elementor-widget-container\">\n<h3 class=\"elementor-heading-title elementor-size-default\">Carater\u00edsticas:<\/h3>\n<\/div>\n<div class=\"elementor-widget-container\">\n<ol>\n<li data-zone-id=\"0\" data-line-index=\"0\" data-line=\"true\">\u00a0Concebida para medi\u00e7\u00e3o de caudal reduzido de l\u00edquidos\/gases\/vapor.<\/li>\n<li data-zone-id=\"0\" data-line-index=\"0\" data-line=\"true\">R\u00e1cio de redu\u00e7\u00e3o: 50:1 para o controlador digital de caudal m\u00e1ssico; 100:1 para o medidor digital de caudal m\u00e1ssico.<\/li>\n<li data-zone-id=\"0\" data-line-index=\"0\" data-line=\"true\">Tempo de resposta: controlador de caudal m\u00e1ssico &lt;0,2s; medidor de caudal m\u00e1ssico &lt;0,1s<\/li>\n<li data-zone-id=\"0\" data-line-index=\"0\" data-line=\"true\">Controlador PID integrado para regular o caudal<\/li>\n<li data-zone-id=\"0\" data-line-index=\"0\" data-line=\"true\">Medi\u00e7\u00e3o direta do caudal m\u00e1ssico, compensa\u00e7\u00e3o autom\u00e1tica da temperatura<\/li>\n<li data-zone-id=\"0\" data-line-index=\"0\" data-line=\"true\">Ecr\u00e3 t\u00e1til<\/li>\n<li data-zone-id=\"0\" data-line-index=\"0\" data-line=\"true\">N\u00e3o \u00e9 necess\u00e1rio pr\u00e9-aquecimento, n\u00e3o h\u00e1 atraso de resposta durante a medi\u00e7\u00e3o.<\/li>\n<li data-zone-id=\"0\" data-line-index=\"0\" data-line=\"true\">Est\u00e3o dispon\u00edveis para o ecr\u00e3 LCD ingl\u00eas, espanhol, franc\u00eas e outras l\u00ednguas, mediante pedido.<\/li>\n<li data-zone-id=\"0\" data-line-index=\"0\" data-line=\"true\">Cada medidor de caudal \u00e9 calibrado e \u00e9-lhe atribu\u00eddo um n\u00famero de s\u00e9rie \u00fanico correspondente a todos os dados de calibra\u00e7\u00e3o.<\/li>\n<\/ol>\n<\/div>\n<\/div>\n<div class=\"elementor-element e-con-full e-flex e-con e-child\">\n<div class=\"elementor-widget-container\">\n<h3 class=\"elementor-heading-title elementor-size-default\">Aplica\u00e7\u00f5es:<\/h3>\n<\/div>\n<div class=\"elementor-widget-container\">\n<p>V\u00e1cuo, revestimento, energia solar, semicondutores, petr\u00f3leo e<br \/>\npetroqu\u00edmica, metalurgia do carv\u00e3o, produ\u00e7\u00e3o e distribui\u00e7\u00e3o de g\u00e1s,<br \/>\nprote\u00e7\u00e3o do ambiente, energia de hidrog\u00e9nio\/c\u00e9lula de combust\u00edvel, todos os tipos de an\u00e1lise de instrumentos<\/p>\n<\/div>\n<\/div>\n<\/div>","protected":false},"excerpt":{"rendered":"<div class=\"short-description-head\">\n<div data-zone-id=\"0\" data-line-index=\"0\" data-line=\"true\">Com base no princ\u00edpio da press\u00e3o diferencial, a s\u00e9rie de medidores\/controladores de caudal m\u00e1ssico MTL20FC pode apresentar e produzir simultaneamente caudal instant\u00e2neo, caudal acumulado, press\u00e3o, temperatura, etc. Quando s\u00e3o necess\u00e1rias fun\u00e7\u00f5es de controlo, tamb\u00e9m podem ser instaladas v\u00e1lvulas de controlo proporcionais electromagn\u00e9ticas e fun\u00e7\u00f5es de ajuste PID incorporadas.<\/div>\n<\/div>","protected":false},"featured_media":26788,"template":"","meta":[],"product_brand":[],"product_cat":[223],"product_tag":[],"class_list":{"0":"post-26697","1":"product","2":"type-product","3":"status-publish","4":"has-post-thumbnail","6":"product_cat-low-flow-mass-flow-meter-controller","8":"first","9":"instock","10":"shipping-taxable","11":"purchasable","12":"product-type-simple"},"_links":{"self":[{"href":"https:\/\/metlaninst.com\/pt\/wp-json\/wp\/v2\/product\/26697","targetHints":{"allow":["GET"]}}],"collection":[{"href":"https:\/\/metlaninst.com\/pt\/wp-json\/wp\/v2\/product"}],"about":[{"href":"https:\/\/metlaninst.com\/pt\/wp-json\/wp\/v2\/types\/product"}],"version-history":[{"count":3,"href":"https:\/\/metlaninst.com\/pt\/wp-json\/wp\/v2\/product\/26697\/revisions"}],"predecessor-version":[{"id":27067,"href":"https:\/\/metlaninst.com\/pt\/wp-json\/wp\/v2\/product\/26697\/revisions\/27067"}],"wp:featuredmedia":[{"embeddable":true,"href":"https:\/\/metlaninst.com\/pt\/wp-json\/wp\/v2\/media\/26788"}],"wp:attachment":[{"href":"https:\/\/metlaninst.com\/pt\/wp-json\/wp\/v2\/media?parent=26697"}],"wp:term":[{"taxonomy":"product_brand","embeddable":true,"href":"https:\/\/metlaninst.com\/pt\/wp-json\/wp\/v2\/product_brand?post=26697"},{"taxonomy":"product_cat","embeddable":true,"href":"https:\/\/metlaninst.com\/pt\/wp-json\/wp\/v2\/product_cat?post=26697"},{"taxonomy":"product_tag","embeddable":true,"href":"https:\/\/metlaninst.com\/pt\/wp-json\/wp\/v2\/product_tag?post=26697"}],"curies":[{"name":"wp","href":"https:\/\/api.w.org\/{rel}","templated":true}]}}