{"id":26700,"date":"2025-04-19T03:35:25","date_gmt":"2025-04-19T03:35:25","guid":{"rendered":"https:\/\/www.metlaninst.com\/?post_type=product&#038;p=26700"},"modified":"2025-09-12T14:41:34","modified_gmt":"2025-09-12T14:41:34","slug":"medidor-de-caudal-massico-coriolis-controlador-mtl20fe","status":"publish","type":"product","link":"https:\/\/metlaninst.com\/pt\/p\/medidor-de-caudal-massico-coriolis-controlador-mtl20fe\/","title":{"rendered":"Medidor de caudal m\u00e1ssico Coriolis \/ Controlador MTL20FE"},"content":{"rendered":"<div class=\"e-con-inner\">\n<div class=\"elementor-element e-con-full e-flex e-con e-child\">\n<div class=\"elementor-widget-container\">\n<h3 class=\"elementor-heading-title elementor-size-default\">Carater\u00edsticas:<\/h3>\n<\/div>\n<div class=\"elementor-widget-container\">\n<ol>\n<li data-zone-id=\"0\" data-line-index=\"0\" data-line=\"true\">Concebido para a medi\u00e7\u00e3o de g\u00e1s\/l\u00edquido de baixo caudal.<\/li>\n<li data-zone-id=\"0\" data-line-index=\"0\" data-line=\"true\">Alta precis\u00e3o, boa repetibilidade. Para l\u00edquidos, a exatid\u00e3o da medi\u00e7\u00e3o pode atingir \u00b1 0,25%; para gases, a exatid\u00e3o da medi\u00e7\u00e3o pode atingir \u00b1 0,5%.<\/li>\n<li data-zone-id=\"0\" data-line-index=\"0\" data-line=\"true\">Elevada fiabilidade e estabilidade, capaz de suportar condi\u00e7\u00f5es ambientais extremas: O produto mant\u00e9m um desempenho consistente mesmo em ambientes propensos a vibra\u00e7\u00f5es. Na eventualidade de perturba\u00e7\u00f5es f\u00edsicas acidentais, como impactos ou colis\u00f5es, o sistema recupera automaticamente uma medi\u00e7\u00e3o est\u00e1vel em 400 milissegundos.<\/li>\n<li data-zone-id=\"0\" data-line-index=\"0\" data-line=\"true\">Pode medir fluidos de alta viscosidade e gases de alta densidade: O MTL20FE mede uma vasta gama de fluidos, tais como<br \/>\n\u00f3leo lubrificante, azoto l\u00edquido e outros fluidos de alta densidade tamb\u00e9m podem ser medidos com precis\u00e3o.<\/li>\n<li data-zone-id=\"0\" data-line-index=\"0\" data-line=\"true\">R\u00e1cio de redu\u00e7\u00e3o: 50:1 para o controlador digital de caudal m\u00e1ssico; 100:1 para o medidor digital de caudal m\u00e1ssico.<\/li>\n<li data-zone-id=\"0\" data-line-index=\"0\" data-line=\"true\">Tempo de resposta: controlador de caudal m\u00e1ssico &lt;0,2s; medidor de caudal m\u00e1ssico &lt;0,1s<\/li>\n<li data-zone-id=\"0\" data-line-index=\"0\" data-line=\"true\">Controlador PID integrado para regular o caudal.<\/li>\n<li data-zone-id=\"0\" data-line-index=\"0\" data-line=\"true\">Medi\u00e7\u00e3o direta do caudal m\u00e1ssico, compensa\u00e7\u00e3o autom\u00e1tica da temperatura.<\/li>\n<li data-zone-id=\"0\" data-line-index=\"0\" data-line=\"true\">Ecr\u00e3 t\u00e1til.<\/li>\n<li data-zone-id=\"0\" data-line-index=\"0\" data-line=\"true\">N\u00e3o \u00e9 necess\u00e1rio pr\u00e9-aquecimento, n\u00e3o h\u00e1 atraso de resposta durante a medi\u00e7\u00e3o.<\/li>\n<li data-zone-id=\"0\" data-line-index=\"0\" data-line=\"true\">Est\u00e3o dispon\u00edveis para o ecr\u00e3 LCD ingl\u00eas, espanhol, franc\u00eas e outras l\u00ednguas, mediante pedido.<\/li>\n<li data-zone-id=\"0\" data-line-index=\"0\" data-line=\"true\">Cada medidor de caudal \u00e9 calibrado e \u00e9-lhe atribu\u00eddo um n\u00famero de s\u00e9rie \u00fanico correspondente a todos os dados de calibra\u00e7\u00e3o.<\/li>\n<\/ol>\n<\/div>\n<\/div>\n<div class=\"elementor-element e-con-full e-flex e-con e-child\">\n<div class=\"elementor-widget-container\">\n<h3 class=\"elementor-heading-title elementor-size-default\">Aplica\u00e7\u00f5es:<\/h3>\n<\/div>\n<div class=\"elementor-widget-container\">\n<ul>\n<li><strong>Fabrico de semicondutores:<\/strong> Controlo preciso dos fluxos de g\u00e1s e de l\u00edquido para garantir a precis\u00e3o dos processos de fabrico de chips.<\/li>\n<li><strong>Processamento de alimentos e bebidas:<\/strong> Dosagem exacta de aditivos alimentares, aromatizantes e produtos l\u00e1cteos para manter uma qualidade consistente do produto.<\/li>\n<li><strong>Investiga\u00e7\u00e3o cient\u00edfica:<\/strong> Permitindo a medi\u00e7\u00e3o exacta de fluidos para reac\u00e7\u00f5es qu\u00edmicas e desenvolvimento de formula\u00e7\u00f5es.<\/li>\n<li><strong>Petr\u00f3leo, g\u00e1s e energia:<\/strong> Otimiza\u00e7\u00e3o do controlo do fluxo de reagentes e produtos para melhorar a efici\u00eancia da produ\u00e7\u00e3o e a qualidade dos resultados.<\/li>\n<li><strong>Monitoriza\u00e7\u00e3o ambiental:<\/strong> Fornecimento de medi\u00e7\u00f5es fi\u00e1veis de emiss\u00f5es para controlo da polui\u00e7\u00e3o e conformidade regulamentar.<\/li>\n<li><strong>Tecnologia das pilhas de combust\u00edvel:<\/strong> Regula\u00e7\u00e3o precisa das rela\u00e7\u00f5es de fluxo de hidrog\u00e9nio\/oxig\u00e9nio para maximizar a efici\u00eancia da c\u00e9lula e a sua vida \u00fatil.<br \/>\nProdu\u00e7\u00e3o farmac\u00eautica: Assegurar o controlo rigoroso da dosagem dos ingredientes activos para garantir a seguran\u00e7a dos medicamentos e a consist\u00eancia dos lotes.<\/li>\n<\/ul>\n<\/div>\n<\/div>\n<\/div>","protected":false},"excerpt":{"rendered":"<div class=\"short-description-head\">\n<div data-zone-id=\"0\" data-line-index=\"0\" data-line=\"true\">O controlador\/flux\u00f3metro de caudal m\u00e1ssico Coriolis da s\u00e9rie MTL20FE \u00e9 um instrumento de alta precis\u00e3o que utiliza a tecnologia Coriolis avan\u00e7ada para efetuar medi\u00e7\u00f5es de caudal excecionalmente precisas, n\u00e3o afectadas pelas carater\u00edsticas do fluido, o que o torna ideal para medir caudais extremamente pequenos com uma fiabilidade sem paralelo. Atrav\u00e9s de inova\u00e7\u00f5es tecnol\u00f3gicas cont\u00ednuas, esta s\u00e9rie n\u00e3o s\u00f3 permite a medi\u00e7\u00e3o direta do caudal m\u00e1ssico, como tamb\u00e9m mede simultaneamente a densidade e a temperatura do fluido, oferecendo dois n\u00edveis de precis\u00e3o: \u00b10,25% para l\u00edquidos e \u00b10,5% para gases, superando as tecnologias de medi\u00e7\u00e3o alternativas em aplica\u00e7\u00f5es que requerem os mais elevados n\u00edveis de consist\u00eancia e repetibilidade de medi\u00e7\u00e3o.<\/div>\n<\/div>","protected":false},"featured_media":26785,"template":"","meta":[],"product_brand":[],"product_cat":[223],"product_tag":[],"class_list":{"0":"post-26700","1":"product","2":"type-product","3":"status-publish","4":"has-post-thumbnail","6":"product_cat-low-flow-mass-flow-meter-controller","8":"first","9":"instock","10":"shipping-taxable","11":"purchasable","12":"product-type-simple"},"_links":{"self":[{"href":"https:\/\/metlaninst.com\/pt\/wp-json\/wp\/v2\/product\/26700","targetHints":{"allow":["GET"]}}],"collection":[{"href":"https:\/\/metlaninst.com\/pt\/wp-json\/wp\/v2\/product"}],"about":[{"href":"https:\/\/metlaninst.com\/pt\/wp-json\/wp\/v2\/types\/product"}],"version-history":[{"count":4,"href":"https:\/\/metlaninst.com\/pt\/wp-json\/wp\/v2\/product\/26700\/revisions"}],"predecessor-version":[{"id":26787,"href":"https:\/\/metlaninst.com\/pt\/wp-json\/wp\/v2\/product\/26700\/revisions\/26787"}],"wp:featuredmedia":[{"embeddable":true,"href":"https:\/\/metlaninst.com\/pt\/wp-json\/wp\/v2\/media\/26785"}],"wp:attachment":[{"href":"https:\/\/metlaninst.com\/pt\/wp-json\/wp\/v2\/media?parent=26700"}],"wp:term":[{"taxonomy":"product_brand","embeddable":true,"href":"https:\/\/metlaninst.com\/pt\/wp-json\/wp\/v2\/product_brand?post=26700"},{"taxonomy":"product_cat","embeddable":true,"href":"https:\/\/metlaninst.com\/pt\/wp-json\/wp\/v2\/product_cat?post=26700"},{"taxonomy":"product_tag","embeddable":true,"href":"https:\/\/metlaninst.com\/pt\/wp-json\/wp\/v2\/product_tag?post=26700"}],"curies":[{"name":"wp","href":"https:\/\/api.w.org\/{rel}","templated":true}]}}