{"id":26723,"date":"2024-12-25T08:09:06","date_gmt":"2024-12-25T08:09:06","guid":{"rendered":"https:\/\/www.metlaninst.com\/?post_type=product&#038;p=26723"},"modified":"2025-06-15T12:04:14","modified_gmt":"2025-06-15T12:04:14","slug":"caudalimetro-pd-de-engrenagem-oval-mt-lc","status":"publish","type":"product","link":"https:\/\/metlaninst.com\/pt\/p\/caudalimetro-pd-de-engrenagem-oval-mt-lc\/","title":{"rendered":"Medidor de caudal de engrenagem oval PD MT-LC"},"content":{"rendered":"<div class=\"e-con-inner\">\n<div class=\"elementor-element e-con-full e-flex e-con e-child\">\n<div class=\"elementor-widget-container\">\n<h3 class=\"elementor-heading-title elementor-size-default\">Carater\u00edsticas:<\/h3>\n<\/div>\n<div class=\"elementor-widget-container\">\n<ol>\n<li data-zone-id=\"0\" data-line-index=\"0\" data-line=\"true\">Funcionamento suave do rotor em espiral com vibra\u00e7\u00e3o m\u00ednima para um desempenho consistente<\/li>\n<li data-zone-id=\"0\" data-line-index=\"0\" data-line=\"true\">Ampla gama de medi\u00e7\u00e3o com boa repetibilidade<\/li>\n<li data-zone-id=\"0\" data-line-index=\"0\" data-line=\"true\">Medi\u00e7\u00e3o de alta precis\u00e3o com exatid\u00e3o at\u00e9 \u00b10,2%<\/li>\n<li data-zone-id=\"0\" data-line-index=\"0\" data-line=\"true\">Pouco sens\u00edvel \u00e0 varia\u00e7\u00e3o da viscosidade<\/li>\n<li data-zone-id=\"0\" data-line-index=\"0\" data-line=\"true\">Optimizado para a medi\u00e7\u00e3o de l\u00edquidos de maior viscosidade<\/li>\n<li data-zone-id=\"0\" data-line-index=\"0\" data-line=\"true\">Instala\u00e7\u00e3o simples sem necessidade de tubagens rectas<\/li>\n<li data-zone-id=\"0\" data-line-index=\"0\" data-line=\"true\">Tamb\u00e9m dispon\u00edvel em constru\u00e7\u00f5es espec\u00edficas para o cliente<\/li>\n<li data-zone-id=\"0\" data-line-index=\"0\" data-line=\"true\">Est\u00e3o dispon\u00edveis para o ecr\u00e3 LCD ingl\u00eas, espanhol, franc\u00eas e outras l\u00ednguas, mediante pedido.<\/li>\n<li data-zone-id=\"0\" data-line-index=\"0\" data-line=\"true\">Cada medidor de caudal \u00e9 calibrado e \u00e9-lhe atribu\u00eddo um n\u00famero de s\u00e9rie \u00fanico correspondente a todos os dados de calibra\u00e7\u00e3o.<\/li>\n<\/ol>\n<\/div>\n<\/div>\n<div class=\"elementor-element e-con-full e-flex e-con e-child\">\n<div class=\"elementor-widget-container\">\n<h3 class=\"elementor-heading-title elementor-size-default\">Aplica\u00e7\u00f5es:<\/h3>\n<\/div>\n<div class=\"elementor-widget-container\">\n<ul>\n<li data-zone-id=\"0\" data-line-index=\"0\" data-line=\"true\">Ind\u00fastria mineira<\/li>\n<li data-zone-id=\"0\" data-line-index=\"0\" data-line=\"true\">Dep\u00f3sito de petr\u00f3leo m\u00e9dio e pequeno<\/li>\n<li data-zone-id=\"0\" data-line-index=\"0\" data-line=\"true\">Estaleiro<\/li>\n<li data-zone-id=\"0\" data-line-index=\"0\" data-line=\"true\">Armaz\u00e9m de \u00f3leo<\/li>\n<li data-zone-id=\"0\" data-line-index=\"0\" data-line=\"true\">Gas\u00f3leo<\/li>\n<li data-zone-id=\"0\" data-line-index=\"0\" data-line=\"true\">Petr\u00f3leo bruto<\/li>\n<li data-zone-id=\"0\" data-line-index=\"0\" data-line=\"true\">Gasolina<\/li>\n<\/ul>\n<\/div>\n<\/div>\n<\/div>","protected":false},"excerpt":{"rendered":"<div class=\"short-description-head\">\n<div data-zone-id=\"0\" data-line-index=\"0\" data-line=\"true\">O medidor de caudal PD de engrenagem oval da s\u00e9rie MT-LC oferece contadores electr\u00f3nicos inteligentes opcionais que fornecem leituras diretas do caudal total acumulado e dos caudais instant\u00e2neos. Quando ligado a uma fonte de alimenta\u00e7\u00e3o externa, pode emitir sinais de impulsos e de corrente, suportando tamb\u00e9m os protocolos de comunica\u00e7\u00e3o HART e RS485. Para aplica\u00e7\u00f5es mais simples, est\u00e1 dispon\u00edvel um contador mec\u00e2nico opcional para indicar diretamente o volume total de l\u00edquido que passa pela tubagem. Concebidos para lidar com v\u00e1rios l\u00edquidos, incluindo gas\u00f3leo, \u00e1cidos, \u00e1lcalis, solu\u00e7\u00f5es salinas e compostos org\u00e2nicos, estes medidores de caudal est\u00e3o dispon\u00edveis em v\u00e1rias op\u00e7\u00f5es de materiais, como ferro fundido, a\u00e7o fundido, liga de alum\u00ednio e a\u00e7o inoxid\u00e1vel, para se adaptarem a diferentes requisitos de meios.<\/div>\n<\/div>","protected":false},"featured_media":26724,"template":"","meta":[],"product_brand":[],"product_cat":[209,166,165],"product_tag":[],"class_list":{"0":"post-26723","1":"product","2":"type-product","3":"status-publish","4":"has-post-thumbnail","6":"product_cat-positive-displacement-flow-meters","7":"product_cat-liquid-flow-meters","8":"product_cat-oil-flow-meters","10":"first","11":"instock","12":"shipping-taxable","13":"purchasable","14":"product-type-simple"},"_links":{"self":[{"href":"https:\/\/metlaninst.com\/pt\/wp-json\/wp\/v2\/product\/26723","targetHints":{"allow":["GET"]}}],"collection":[{"href":"https:\/\/metlaninst.com\/pt\/wp-json\/wp\/v2\/product"}],"about":[{"href":"https:\/\/metlaninst.com\/pt\/wp-json\/wp\/v2\/types\/product"}],"version-history":[{"count":1,"href":"https:\/\/metlaninst.com\/pt\/wp-json\/wp\/v2\/product\/26723\/revisions"}],"predecessor-version":[{"id":26728,"href":"https:\/\/metlaninst.com\/pt\/wp-json\/wp\/v2\/product\/26723\/revisions\/26728"}],"wp:featuredmedia":[{"embeddable":true,"href":"https:\/\/metlaninst.com\/pt\/wp-json\/wp\/v2\/media\/26724"}],"wp:attachment":[{"href":"https:\/\/metlaninst.com\/pt\/wp-json\/wp\/v2\/media?parent=26723"}],"wp:term":[{"taxonomy":"product_brand","embeddable":true,"href":"https:\/\/metlaninst.com\/pt\/wp-json\/wp\/v2\/product_brand?post=26723"},{"taxonomy":"product_cat","embeddable":true,"href":"https:\/\/metlaninst.com\/pt\/wp-json\/wp\/v2\/product_cat?post=26723"},{"taxonomy":"product_tag","embeddable":true,"href":"https:\/\/metlaninst.com\/pt\/wp-json\/wp\/v2\/product_tag?post=26723"}],"curies":[{"name":"wp","href":"https:\/\/api.w.org\/{rel}","templated":true}]}}