{"id":26730,"date":"2024-12-26T08:21:44","date_gmt":"2024-12-26T08:21:44","guid":{"rendered":"https:\/\/www.metlaninst.com\/?post_type=product&#038;p=26730"},"modified":"2025-06-24T08:01:31","modified_gmt":"2025-06-24T08:01:31","slug":"caudalimetro-de-engrenagens-de-deslocamento-positivo-de-caudal-reduzido-mt-gf","status":"publish","type":"product","link":"https:\/\/metlaninst.com\/pt\/p\/caudalimetro-de-engrenagens-de-deslocamento-positivo-de-caudal-reduzido-mt-gf\/","title":{"rendered":"Medidor de caudal de engrenagem de deslocamento positivo de caudal reduzido MT-GF"},"content":{"rendered":"<div class=\"e-con-inner\">\n<div class=\"elementor-element e-con-full e-flex e-con e-child\">\n<div class=\"elementor-widget-container\">\n<h3 class=\"elementor-heading-title elementor-size-default\">Carater\u00edsticas:<\/h3>\n<\/div>\n<div class=\"elementor-widget-container\">\n<ol>\n<li data-zone-id=\"0\" data-line-index=\"0\" data-line=\"true\">Capaz de medir meios altamente corrosivos, incluindo \u00e1cido sulf\u00farico, \u00e1cido fluor\u00eddrico e outros produtos qu\u00edmicos agressivos<\/li>\n<li data-zone-id=\"0\" data-line-index=\"0\" data-line=\"true\">Concebida para a medi\u00e7\u00e3o de fluidos de elevada viscosidade, manuseando meios dif\u00edceis como xarope, asfalto fundido e mel com uma precis\u00e3o fi\u00e1vel<\/li>\n<li data-zone-id=\"0\" data-line-index=\"0\" data-line=\"true\">Medi\u00e7\u00e3o de alta precis\u00e3o com exatid\u00e3o at\u00e9 \u00b10,5%<\/li>\n<li data-zone-id=\"0\" data-line-index=\"0\" data-line=\"true\">R\u00e1cio de abertura ampla de 150:1<\/li>\n<li data-zone-id=\"0\" data-line-index=\"0\" data-line=\"true\">Concebida para l\u00edquidos de baixo caudal a partir de 0,6 L\/H<\/li>\n<li data-zone-id=\"0\" data-line-index=\"0\" data-line=\"true\">Tamb\u00e9m dispon\u00edvel em constru\u00e7\u00f5es espec\u00edficas para o cliente<\/li>\n<li data-zone-id=\"0\" data-line-index=\"0\" data-line=\"true\">Est\u00e3o dispon\u00edveis para o ecr\u00e3 LCD ingl\u00eas, espanhol, franc\u00eas e outras l\u00ednguas, mediante pedido.<\/li>\n<li data-zone-id=\"0\" data-line-index=\"0\" data-line=\"true\">Cada medidor de caudal \u00e9 calibrado e \u00e9-lhe atribu\u00eddo um n\u00famero de s\u00e9rie \u00fanico correspondente a todos os dados de calibra\u00e7\u00e3o.<\/li>\n<\/ol>\n<\/div>\n<\/div>\n<div class=\"elementor-element e-con-full e-flex e-con e-child\">\n<div class=\"elementor-widget-container\">\n<h3 class=\"elementor-heading-title elementor-size-default\">Aplica\u00e7\u00f5es:<\/h3>\n<\/div>\n<div class=\"elementor-widget-container\">\n<ul>\n<li><strong>Ind\u00fastria do petr\u00f3leo e do g\u00e1s<\/strong><\/li>\n<\/ul>\n<p><strong>Combust\u00edveis:<\/strong> Gasolina, gas\u00f3leo, \u00f3leo pesado naval, fuel\u00f3leo<br \/>\n<strong>Lubrificantes:<\/strong> \u00d3leo para engrenagens, \u00f3leos hidr\u00e1ulicos<br \/>\n<strong>Outros: <\/strong>Resinas, asfalto<\/p>\n<ul>\n<li><strong> Produ\u00e7\u00e3o qu\u00edmica<\/strong><\/li>\n<\/ul>\n<p><strong>Meios corrosivos: <\/strong>\u00c1cido ac\u00e9tico, \u00e1lcali c\u00e1ustico, hidr\u00f3xido de pot\u00e1ssio<br \/>\n<strong>Pure Media:<\/strong> \u00c1gua desionizada<\/p>\n<ul>\n<li><strong>Ind\u00fastria alimentar e de bebidas<\/strong><\/li>\n<\/ul>\n<p><strong>Ado\u00e7antes:<\/strong> Solu\u00e7\u00f5es de a\u00e7\u00facar, xaropes, mel, chocolate<br \/>\n<strong>L\u00edquidos:<\/strong> Sumos de fruta, \u00e1lcool, etanol, molhos<br \/>\n<strong>Lactic\u00ednios:<\/strong> Leite, natas, iogurte<\/p>\n<ul>\n<li><strong>Farmac\u00eautica e cosm\u00e9tica<\/strong><\/li>\n<\/ul>\n<p><strong>Farmac\u00eautico:<\/strong> \u00c1lcool, xaropes medicinais, glicerina<br \/>\n<strong>Cosm\u00e9ticos:<\/strong> Champ\u00f4s, g\u00e9is, perfumes, cremes<\/p>\n<ul>\n<li><strong>Tratamento de \u00e1gua e de \u00e1guas residuais<\/strong><\/li>\n<\/ul>\n<p>Produtos qu\u00edmicos de tratamento, fluoretos, \u00e1cidos<\/p>\n<ul>\n<li><strong>Fabrico industrial<\/strong><\/li>\n<\/ul>\n<p><strong>Pasta e papel:<\/strong> Revestimentos de cera, corantes, agentes de tratamento de superf\u00edcies<br \/>\n<strong>Impress\u00e3o:<\/strong> Tintas, solventes<br \/>\n<strong>Autom\u00f3vel:<\/strong> Fluidos de transmiss\u00e3o, etilenoglicol, refrigerantes de ar condicionado<br \/>\n<strong>T\u00eaxtil:<\/strong> Corantes, branqueadores, produtos qu\u00edmicos de transforma\u00e7\u00e3o<br \/>\n<strong>Pintar:<\/strong> Tintas \u00e0 base de l\u00e1tex, solventes, vernizes<br \/>\n<strong>Constru\u00e7\u00e3o naval:<\/strong> \u00d3leos lubrificantes, combust\u00edveis navais<br \/>\n<strong>Explora\u00e7\u00e3o mineira:<\/strong> Lubrificantes para trabalhos pesados, \u00f3leos hidr\u00e1ulicos<\/p>\n<ul>\n<li><strong>Aplica\u00e7\u00f5es especiais<\/strong><\/li>\n<\/ul>\n<p><strong>Adesivos:<\/strong> Colas, resinas epox\u00eddicas<br \/>\n<strong>Revestimentos:<\/strong> Pel\u00edculas de prote\u00e7\u00e3o, selantes<\/p>\n<\/div>\n<\/div>\n<\/div>","protected":false},"excerpt":{"rendered":"<div class=\"short-description-head\">\n<div data-zone-id=\"0\" data-line-index=\"0\" data-line=\"true\">O medidor de caudal de engrenagens funciona com base num princ\u00edpio mec\u00e2nico simples mas altamente eficaz. Possui dois rotores maquinados com precis\u00e3o, com dentes de engrenagem de temporiza\u00e7\u00e3o integrados ao longo das suas circunfer\u00eancias, que rodam em oposi\u00e7\u00e3o sincronizada dentro de uma c\u00e2mara de medi\u00e7\u00e3o de alta toler\u00e2ncia. Pode medir fluidos altamente corrosivos e de elevada viscosidade com uma exatid\u00e3o at\u00e9 \u00b10,5%.<\/div>\n<\/div>","protected":false},"featured_media":26731,"template":"","meta":[],"product_brand":[],"product_cat":[209,166,165],"product_tag":[],"class_list":{"0":"post-26730","1":"product","2":"type-product","3":"status-publish","4":"has-post-thumbnail","6":"product_cat-positive-displacement-flow-meters","7":"product_cat-liquid-flow-meters","8":"product_cat-oil-flow-meters","10":"first","11":"instock","12":"shipping-taxable","13":"purchasable","14":"product-type-simple"},"_links":{"self":[{"href":"https:\/\/metlaninst.com\/pt\/wp-json\/wp\/v2\/product\/26730","targetHints":{"allow":["GET"]}}],"collection":[{"href":"https:\/\/metlaninst.com\/pt\/wp-json\/wp\/v2\/product"}],"about":[{"href":"https:\/\/metlaninst.com\/pt\/wp-json\/wp\/v2\/types\/product"}],"version-history":[{"count":3,"href":"https:\/\/metlaninst.com\/pt\/wp-json\/wp\/v2\/product\/26730\/revisions"}],"predecessor-version":[{"id":26737,"href":"https:\/\/metlaninst.com\/pt\/wp-json\/wp\/v2\/product\/26730\/revisions\/26737"}],"wp:featuredmedia":[{"embeddable":true,"href":"https:\/\/metlaninst.com\/pt\/wp-json\/wp\/v2\/media\/26731"}],"wp:attachment":[{"href":"https:\/\/metlaninst.com\/pt\/wp-json\/wp\/v2\/media?parent=26730"}],"wp:term":[{"taxonomy":"product_brand","embeddable":true,"href":"https:\/\/metlaninst.com\/pt\/wp-json\/wp\/v2\/product_brand?post=26730"},{"taxonomy":"product_cat","embeddable":true,"href":"https:\/\/metlaninst.com\/pt\/wp-json\/wp\/v2\/product_cat?post=26730"},{"taxonomy":"product_tag","embeddable":true,"href":"https:\/\/metlaninst.com\/pt\/wp-json\/wp\/v2\/product_tag?post=26730"}],"curies":[{"name":"wp","href":"https:\/\/api.w.org\/{rel}","templated":true}]}}