{"id":27060,"date":"2024-12-26T08:31:36","date_gmt":"2024-12-26T08:31:36","guid":{"rendered":"https:\/\/metlaninst.com\/?post_type=product&#038;p=27060"},"modified":"2025-06-24T07:57:15","modified_gmt":"2025-06-24T07:57:15","slug":"caudalimetro-mecanico-de-deslocamento-positivo-da-serie-m","status":"publish","type":"product","link":"https:\/\/metlaninst.com\/pt\/p\/caudalimetro-mecanico-de-deslocamento-positivo-da-serie-m\/","title":{"rendered":"Medidor de caudal mec\u00e2nico de deslocamento positivo da s\u00e9rie M"},"content":{"rendered":"<div class=\"e-con-inner\">\n<div class=\"elementor-element e-con-full e-flex e-con e-child\">\n<div class=\"elementor-widget-container\">\n<h3 class=\"elementor-heading-title elementor-size-default\">Carater\u00edsticas:<\/h3>\n<\/div>\n<div class=\"elementor-widget-container\">\n<ol>\n<li data-zone-id=\"0\" data-line-index=\"0\" data-line=\"true\">Elevada exatid\u00e3o at\u00e9 \u00b10,2 %, boa repetibilidade \u22640,05%.<\/li>\n<li data-zone-id=\"0\" data-line-index=\"0\" data-line=\"true\">O excelente mecanismo de ajuste cont\u00ednuo permite um micro ajuste do medidor.<\/li>\n<li data-zone-id=\"0\" data-line-index=\"0\" data-line=\"true\">Manuten\u00e7\u00e3o reduzida, sem contacto metal-metal na c\u00e2mara de medi\u00e7\u00e3o, servi\u00e7o de longa dura\u00e7\u00e3o.<\/li>\n<li data-zone-id=\"0\" data-line-index=\"0\" data-line=\"true\">Baixa perda de press\u00e3o, um verdadeiro medidor de caudal por gravidade.<\/li>\n<li data-zone-id=\"0\" data-line-index=\"0\" data-line=\"true\">Precis\u00e3o n\u00e3o afetada por flutua\u00e7\u00f5es de press\u00e3o, varia\u00e7\u00f5es t\u00e9rmicas ou altera\u00e7\u00f5es de viscosidade do fluido.<\/li>\n<\/ol>\n<\/div>\n<\/div>\n<div class=\"elementor-element e-con-full e-flex e-con e-child\">\n<div class=\"elementor-widget-container\">\n<h3 class=\"elementor-heading-title elementor-size-default\">Aplica\u00e7\u00f5es:<\/h3>\n<\/div>\n<div class=\"elementor-widget-container\">\n<ul>\n<li data-zone-id=\"0\" data-line-index=\"0\" data-line=\"true\">Produtos petrol\u00edferos refinados;<\/li>\n<li data-zone-id=\"0\" data-line-index=\"0\" data-line=\"true\">Gasolinas de avia\u00e7\u00e3o e combust\u00edveis para jactos;<\/li>\n<li data-zone-id=\"0\" data-line-index=\"0\" data-line=\"true\">Uma grande variedade de produtos, tais como: a\u00e7\u00facares l\u00edquidos, xarope de milho, edulcorantes de milho, dextrose, frutose, sacarose, maltose, lactose, \u00f3leo de milho, \u00f3leo de soja, \u00f3leo de sementes de algod\u00e3o, \u00f3leo de coco;<\/li>\n<li data-zone-id=\"0\" data-line-index=\"0\" data-line=\"true\">\u00c1guas tratadas (desionizadas, desmineralizadas e pot\u00e1veis);<\/li>\n<li data-zone-id=\"0\" data-line-index=\"0\" data-line=\"true\">Solventes clorados e dosagem de solventes em geral;<\/li>\n<li data-zone-id=\"0\" data-line-index=\"0\" data-line=\"true\">L\u00edquidos de pH \u00e1cido;<\/li>\n<li data-zone-id=\"0\" data-line-index=\"0\" data-line=\"true\">G\u00e1s de petr\u00f3leo liquefeito (GPL);<\/li>\n<li data-zone-id=\"0\" data-line-index=\"0\" data-line=\"true\">Petr\u00f3leo bruto, tamb\u00e9m para l\u00edquidos aquecidos e\/ou viscosos;<\/li>\n<li data-zone-id=\"0\" data-line-index=\"0\" data-line=\"true\">Produtos de l\u00e1tex \u00e0 base de \u00f3leo ou \u00e1gua, resinas de poli\u00e9ster e adesivos (pH neutro), tamb\u00e9m para dosagem de herbicidas e solu\u00e7\u00f5es de fertilizantes azotados;<\/li>\n<li data-zone-id=\"0\" data-line-index=\"0\" data-line=\"true\">Herbicida;<\/li>\n<li data-zone-id=\"0\" data-line-index=\"0\" data-line=\"true\">Solu\u00e7\u00f5es de hidr\u00f3xido de s\u00f3dio (c\u00e1ustico), petr\u00f3leo bruto com elevado teor de enxofre (LACT e NOD) e outros l\u00edquidos de pH alcalino;<\/li>\n<li data-zone-id=\"0\" data-line-index=\"0\" data-line=\"true\">L\u00edquidos abrasivos.<\/li>\n<\/ul>\n<\/div>\n<\/div>\n<\/div>","protected":false},"excerpt":{"rendered":"<div class=\"short-description-head\">\n<div data-zone-id=\"0\" data-line-index=\"0\" data-line=\"true\">O\u00a0<strong>Medidor de caudal de deslocamento positivo Metlan S\u00e9rie M<\/strong>\u00a0entrega\u00a0<strong>elevada exatid\u00e3o (\u00b10,2%) e boa repetibilidade (\u22640,05%)<\/strong> em amplas gamas de viscosidade (30SSU-1.500.000SSU), tornando-o ideal para petr\u00f3leo, GPL e fluidos de alta viscosidade. O seu mecanismo de micro-ajuste cont\u00ednuo assegura um controlo preciso do caudal, enquanto a c\u00e2mara de medi\u00e7\u00e3o sem contacto garante uma longa vida \u00fatil com uma manuten\u00e7\u00e3o m\u00ednima.<\/div>\n<\/div>","protected":false},"featured_media":27061,"template":"","meta":[],"product_brand":[],"product_cat":[209,166,165],"product_tag":[],"class_list":{"0":"post-27060","1":"product","2":"type-product","3":"status-publish","4":"has-post-thumbnail","6":"product_cat-positive-displacement-flow-meters","7":"product_cat-liquid-flow-meters","8":"product_cat-oil-flow-meters","10":"first","11":"instock","12":"shipping-taxable","13":"purchasable","14":"product-type-simple"},"_links":{"self":[{"href":"https:\/\/metlaninst.com\/pt\/wp-json\/wp\/v2\/product\/27060","targetHints":{"allow":["GET"]}}],"collection":[{"href":"https:\/\/metlaninst.com\/pt\/wp-json\/wp\/v2\/product"}],"about":[{"href":"https:\/\/metlaninst.com\/pt\/wp-json\/wp\/v2\/types\/product"}],"version-history":[{"count":1,"href":"https:\/\/metlaninst.com\/pt\/wp-json\/wp\/v2\/product\/27060\/revisions"}],"predecessor-version":[{"id":27062,"href":"https:\/\/metlaninst.com\/pt\/wp-json\/wp\/v2\/product\/27060\/revisions\/27062"}],"wp:featuredmedia":[{"embeddable":true,"href":"https:\/\/metlaninst.com\/pt\/wp-json\/wp\/v2\/media\/27061"}],"wp:attachment":[{"href":"https:\/\/metlaninst.com\/pt\/wp-json\/wp\/v2\/media?parent=27060"}],"wp:term":[{"taxonomy":"product_brand","embeddable":true,"href":"https:\/\/metlaninst.com\/pt\/wp-json\/wp\/v2\/product_brand?post=27060"},{"taxonomy":"product_cat","embeddable":true,"href":"https:\/\/metlaninst.com\/pt\/wp-json\/wp\/v2\/product_cat?post=27060"},{"taxonomy":"product_tag","embeddable":true,"href":"https:\/\/metlaninst.com\/pt\/wp-json\/wp\/v2\/product_tag?post=27060"}],"curies":[{"name":"wp","href":"https:\/\/api.w.org\/{rel}","templated":true}]}}