{"id":27317,"date":"2024-12-25T06:43:49","date_gmt":"2024-12-25T06:43:49","guid":{"rendered":"https:\/\/metlaninst.com\/?post_type=product&#038;p=27317"},"modified":"2025-07-17T10:11:39","modified_gmt":"2025-07-17T10:11:39","slug":"steam-vortex-flow-meter-anti-vibration-lugbmt-vs","status":"publish","type":"product","link":"https:\/\/metlaninst.com\/pt\/p\/steam-vortex-flow-meter-anti-vibration-lugbmt-vs\/","title":{"rendered":"Steam Vortex Flow Meter Anti-vibration (LUGBMT-VS)"},"content":{"rendered":"<div class=\"e-con-inner\">\n<div class=\"elementor-element e-con-full e-flex e-con e-child\">\n<div class=\"elementor-widget-container\">\n<h3 class=\"elementor-heading-title elementor-size-default\">Carater\u00edsticas:<\/h3>\n<\/div>\n<div class=\"elementor-widget-container\">\n<ol>\n<li data-zone-id=\"0\" data-line-index=\"0\" data-line=\"true\">Suitable for measuring dirty and wet compressed air, oxygen, natural gas and other industrial gases, steam, and etc.<\/li>\n<li data-zone-id=\"0\" data-line-index=\"0\" data-line=\"true\">Wide measuring range, the low measuring limit can reach 1.5m\/s.<\/li>\n<li data-zone-id=\"0\" data-line-index=\"0\" data-line=\"true\">The turndown range ratio is 53:1, which exceeds the traditional vortex flow meters.<\/li>\n<li data-zone-id=\"0\" data-line-index=\"0\" data-line=\"true\">Combining with DSA (digital full spectrum analysis technology), the flowmeter can accurately identify flow, vibration, and electromagnetic disturbance signals, greatly improving the anti-vibration ability of this vortex flow meter.<\/li>\n<li data-zone-id=\"0\" data-line-index=\"0\" data-line=\"true\">Integrates pressure and temperature sensors to monitor online gas pressure and temperature.<\/li>\n<li data-zone-id=\"0\" data-line-index=\"0\" data-line=\"true\">No moving parts, low pressure drop.<\/li>\n<li data-zone-id=\"0\" data-line-index=\"0\" data-line=\"true\">Standard Modbus RTU (RS485) interface, 4 to 20 mA current and pulse output.<\/li>\n<li data-zone-id=\"0\" data-line-index=\"0\" data-line=\"true\">Bluetooth function for wireless flowmeter configuration and data transmission.<\/li>\n<li data-zone-id=\"0\" data-line-index=\"0\" data-line=\"true\">The fully welded structure has better corrosion and high pressure and temperature resistance.<\/li>\n<li data-zone-id=\"0\" data-line-index=\"0\" data-line=\"true\">Explosion-proof class: Ex db IIC T6 Gb \/ Ex tb IIIC T80\u00b0C Db<\/li>\n<li data-zone-id=\"0\" data-line-index=\"0\" data-line=\"true\">Est\u00e3o dispon\u00edveis para o ecr\u00e3 LCD ingl\u00eas, espanhol, franc\u00eas e outras l\u00ednguas, mediante pedido.<\/li>\n<li data-zone-id=\"0\" data-line-index=\"4\" data-line=\"true\">Cada medidor de caudal \u00e9 calibrado e \u00e9-lhe atribu\u00eddo um n\u00famero de s\u00e9rie \u00fanico correspondente a todos os dados de calibra\u00e7\u00e3o.<\/li>\n<\/ol>\n<\/div>\n<\/div>\n<div class=\"elementor-element e-con-full e-flex e-con e-child\">\n<div class=\"elementor-widget-container\">\n<h3 class=\"elementor-heading-title elementor-size-default\">Aplica\u00e7\u00f5es:<\/h3>\n<\/div>\n<div class=\"elementor-widget-container\">\n<h5 class=\"first\">Geral<\/h5>\n<div>\n<ul>\n<li data-zone-id=\"0\" data-line-index=\"0\" data-line=\"true\">Aplica\u00e7\u00f5es de utilidade p\u00fablica: Distribui\u00e7\u00e3o de energia em circuitos auxiliares e de alimenta\u00e7\u00e3o<\/li>\n<li data-zone-id=\"0\" data-line-index=\"0\" data-line=\"true\">Medi\u00e7\u00e3o de l\u00edquidos (n\u00e3o) condutores, gases, vapor saturado e sobreaquecido<\/li>\n<li data-zone-id=\"0\" data-line-index=\"0\" data-line=\"true\">Medi\u00e7\u00e3o do calor bruto\/l\u00edquido do vapor e da \u00e1gua quente<\/li>\n<li data-zone-id=\"0\" data-line-index=\"0\" data-line=\"true\">Medi\u00e7\u00e3o do consumo de gases industriais (g\u00e1s natural, azoto, etc.)<\/li>\n<li data-zone-id=\"0\" data-line-index=\"0\" data-line=\"true\">Medi\u00e7\u00e3o do consumo em sistemas de ar comprimido<\/li>\n<\/ul>\n<\/div>\n<h5>Ind\u00fastrias qu\u00edmicas e outras ind\u00fastrias de transforma\u00e7\u00e3o<\/h5>\n<div>\n<ul>\n<li data-zone-id=\"0\" data-line-index=\"0\" data-line=\"true\">Hidrocarbonetos, \u00f3leos t\u00e9rmicos, etc.<\/li>\n<li data-zone-id=\"0\" data-line-index=\"0\" data-line=\"true\">Solventes<\/li>\n<li data-zone-id=\"0\" data-line-index=\"0\" data-line=\"true\">\u00c1gua dessalinizada<\/li>\n<li data-zone-id=\"0\" data-line-index=\"0\" data-line=\"true\">Gases, gases de soldadura, vapor<\/li>\n<li data-zone-id=\"0\" data-line-index=\"0\" data-line=\"true\">Produtos petroqu\u00edmicos (benzeno, etileno, etc.)<\/li>\n<\/ul>\n<\/div>\n<h5>Ind\u00fastria do ferro, do a\u00e7o e dos metais<\/h5>\n<div>\n<ul>\n<li data-zone-id=\"0\" data-line-index=\"0\" data-line=\"true\">Circuitos de arrefecimento<\/li>\n<li data-zone-id=\"0\" data-line-index=\"0\" data-line=\"true\">Ar comprimido<\/li>\n<li data-zone-id=\"0\" data-line-index=\"0\" data-line=\"true\">Gases inertes<\/li>\n<li data-zone-id=\"0\" data-line-index=\"0\" data-line=\"true\">Oxig\u00e9nio<\/li>\n<li data-zone-id=\"0\" data-line-index=\"0\" data-line=\"true\">G\u00e1s natural<\/li>\n<li data-zone-id=\"0\" data-line-index=\"0\" data-line=\"true\">Vapor<\/li>\n<\/ul>\n<\/div>\n<h5>Ind\u00fastria alimentar e de bebidas<\/h5>\n<ul>\n<li>\u00c1gua purificada e dessalinizada<\/li>\n<li>CO2<\/li>\n<li>Consumo do queimador<\/li>\n<li>Vapor<\/li>\n<\/ul>\n<h5>Ind\u00fastria da pasta e do papel<\/h5>\n<ul>\n<li>Ar comprimido, vapor, etc.<\/li>\n<\/ul>\n<h5>Ind\u00fastria do petr\u00f3leo e do g\u00e1s<\/h5>\n<ul>\n<li>Produtos petroqu\u00edmicos (benzeno, etileno, vapor, etc.)<\/li>\n<li>G\u00e1s natural<\/li>\n<\/ul>\n<\/div>\n<\/div>\n<\/div>","protected":false},"excerpt":{"rendered":"<div class=\"short-description-head\">\n<div data-zone-id=\"0\" data-line-index=\"0\" data-line=\"true\">The LUGBMT-VS vortex flow meter integrated temperature and pressure sensor, automatically calculates the mass flow of the medium through the international standard density compensation algorithm. Due to the built-in ultra-high sensitivity dual vortex sensor, the flow meter can simultaneously detect the flow signal and interference signal, through the algorithm can automatically identify the flow signal and vibration, electromagnetic disturbance signal. In comparison to the traditional vortex flow meter, the newly developed DSA (Digital Spectrum Analysis) technology greatly improves the low limit of measurement, turndown ratio, anti-vibration and anti-disturbance performance of flow meters, providing users with high accuracy and long-term stability.<\/div>\n<\/div>","protected":false},"featured_media":27319,"template":"","meta":[],"product_brand":[],"product_cat":[121,205,164,166,163],"product_tag":[],"class_list":{"0":"post-27317","1":"product","2":"type-product","3":"status-publish","4":"has-post-thumbnail","6":"product_cat-vortex-flow-meters","7":"product_cat-steam-flow-meters","8":"product_cat-air-flow-meters","9":"product_cat-liquid-flow-meters","10":"product_cat-water-flow-meters","12":"first","13":"instock","14":"shipping-taxable","15":"purchasable","16":"product-type-simple"},"_links":{"self":[{"href":"https:\/\/metlaninst.com\/pt\/wp-json\/wp\/v2\/product\/27317","targetHints":{"allow":["GET"]}}],"collection":[{"href":"https:\/\/metlaninst.com\/pt\/wp-json\/wp\/v2\/product"}],"about":[{"href":"https:\/\/metlaninst.com\/pt\/wp-json\/wp\/v2\/types\/product"}],"version-history":[{"count":1,"href":"https:\/\/metlaninst.com\/pt\/wp-json\/wp\/v2\/product\/27317\/revisions"}],"predecessor-version":[{"id":27320,"href":"https:\/\/metlaninst.com\/pt\/wp-json\/wp\/v2\/product\/27317\/revisions\/27320"}],"wp:featuredmedia":[{"embeddable":true,"href":"https:\/\/metlaninst.com\/pt\/wp-json\/wp\/v2\/media\/27319"}],"wp:attachment":[{"href":"https:\/\/metlaninst.com\/pt\/wp-json\/wp\/v2\/media?parent=27317"}],"wp:term":[{"taxonomy":"product_brand","embeddable":true,"href":"https:\/\/metlaninst.com\/pt\/wp-json\/wp\/v2\/product_brand?post=27317"},{"taxonomy":"product_cat","embeddable":true,"href":"https:\/\/metlaninst.com\/pt\/wp-json\/wp\/v2\/product_cat?post=27317"},{"taxonomy":"product_tag","embeddable":true,"href":"https:\/\/metlaninst.com\/pt\/wp-json\/wp\/v2\/product_tag?post=27317"}],"curies":[{"name":"wp","href":"https:\/\/api.w.org\/{rel}","templated":true}]}}