{"id":22729,"date":"2024-12-27T04:26:45","date_gmt":"2024-12-27T04:26:45","guid":{"rendered":"https:\/\/www.metlaninst.com\/?post_type=product&#038;p=22729"},"modified":"2025-02-02T03:53:39","modified_gmt":"2025-02-02T03:53:39","slug":"su-ve-atik-su-i%cc%87ci%cc%87n-manyeti%cc%87k-akis-olcer-mtf-w","status":"publish","type":"product","link":"https:\/\/metlaninst.com\/tr\/p\/su-ve-atik-su-i%cc%87ci%cc%87n-manyeti%cc%87k-akis-olcer-mtf-w\/","title":{"rendered":"Su ve At\u0131ksu i\u00e7in Manyetik Ak\u0131\u015f \u00d6l\u00e7er (MTF-W)"},"content":{"rendered":"<div class=\"e-con-inner\">\n<div class=\"elementor-element e-con-full e-flex e-con e-child\">\n<div class=\"elementor-widget-container\">\n<h3 class=\"elementor-heading-title elementor-size-default\">\u00d6zellikler:<\/h3>\n<\/div>\n<div class=\"elementor-widget-container\">\n<ol class=\"product-description-list\">\n<li>PU, Neopren veya PTFE astar: m\u00fckemmel kimyasal diren\u00e7<\/li>\n<li>Geni\u015f elektrot malzemesi yelpazesi<\/li>\n<li>Renkler ve g\u00f6r\u00fcn\u00fcm iste\u011fe g\u00f6re \u00f6zelle\u015ftirilebilir<\/li>\n<li>M\u00fc\u015fteriye \u00f6zel konstr\u00fcksiyonlarda da mevcuttur<\/li>\n<li>Hareketli par\u00e7a yok, a\u015f\u0131nma yok, bas\u0131n\u00e7 kayb\u0131 yok<\/li>\n<li>Sabit do\u011frulukta g\u00fcvenilir \u00f6l\u00e7\u00fcm<\/li>\n<li>\u00d6l\u00e7\u00fcm prensibi bas\u0131n\u00e7, yo\u011funluk, s\u0131cakl\u0131k ve viskoziteden neredeyse ba\u011f\u0131ms\u0131zd\u0131r<\/li>\n<li>LCD ekran i\u00e7in \u0130ngilizce, \u0130spanyolca, Frans\u0131zca ve talep \u00fczerine di\u011fer diller mevcuttur.<\/li>\n<li>Her ak\u0131\u015f \u00f6l\u00e7er kalibre edilir ve t\u00fcm kalibrasyon verilerine kar\u015f\u0131l\u0131k gelen benzersiz bir seri numaras\u0131 atan\u0131r.<\/li>\n<li>Vericinin kompakt veya uzak versiyonu ile mevcuttur.<\/li>\n<\/ol>\n<\/div>\n<\/div>\n<div class=\"elementor-element e-con-full e-flex e-con e-child\">\n<div class=\"elementor-widget-container\">\n<h3 class=\"elementor-heading-title elementor-size-default\">Uygulamalar:<\/h3>\n<\/div>\n<div class=\"elementor-widget-container\">\n<h5 class=\"first\">Genel<\/h5>\n<ul class=\"product-description-list\">\n<li style=\"list-style-type: none;\">\n<ul class=\"product-description-list\">\n<li>T\u00fcm basit su ve at\u0131k su uygulamalar\u0131<\/li>\n<\/ul>\n<\/li>\n<\/ul>\n<h5>Su ve at\u0131k su end\u00fcstrisi<\/h5>\n<ul class=\"product-description-list\">\n<li>Soyutlama ve sulama<\/li>\n<li>Da\u011f\u0131t\u0131m \u015febekelerinin izlenmesi<\/li>\n<li>Su sirk\u00fclasyonu ve ar\u0131tma sistemleri<\/li>\n<li>Su ar\u0131tma ve tuzdan ar\u0131nd\u0131rma<\/li>\n<\/ul>\n<\/div>\n<\/div>\n<\/div>","protected":false},"excerpt":{"rendered":"<div class=\"short-description-head\">Bu elektromanyetik ak\u0131\u015f \u00f6l\u00e7er, geni\u015f \u00e7ap aral\u0131\u011f\u0131 ve a\u015f\u0131nmaya dayan\u0131kl\u0131 astar malzemeleri ile temel su ve at\u0131k su uygulamalar\u0131 i\u00e7in m\u00fckemmeldir. IP68 s\u0131n\u0131f\u0131 versiyonu ile su bask\u0131n\u0131na maruz kalan \u00f6l\u00e7\u00fcm odalar\u0131na kurulum m\u00fcmk\u00fcnd\u00fcr.<\/div>","protected":false},"featured_media":23251,"template":"","meta":[],"product_brand":[],"product_cat":[118,166,163],"product_tag":[],"class_list":{"0":"post-22729","1":"product","2":"type-product","3":"status-publish","4":"has-post-thumbnail","6":"product_cat-magnetic-flow-meters","7":"product_cat-liquid-flow-meters","8":"product_cat-water-flow-meters","10":"first","11":"instock","12":"shipping-taxable","13":"purchasable","14":"product-type-simple"},"_links":{"self":[{"href":"https:\/\/metlaninst.com\/tr\/wp-json\/wp\/v2\/product\/22729","targetHints":{"allow":["GET"]}}],"collection":[{"href":"https:\/\/metlaninst.com\/tr\/wp-json\/wp\/v2\/product"}],"about":[{"href":"https:\/\/metlaninst.com\/tr\/wp-json\/wp\/v2\/types\/product"}],"version-history":[{"count":22,"href":"https:\/\/metlaninst.com\/tr\/wp-json\/wp\/v2\/product\/22729\/revisions"}],"predecessor-version":[{"id":26147,"href":"https:\/\/metlaninst.com\/tr\/wp-json\/wp\/v2\/product\/22729\/revisions\/26147"}],"wp:featuredmedia":[{"embeddable":true,"href":"https:\/\/metlaninst.com\/tr\/wp-json\/wp\/v2\/media\/23251"}],"wp:attachment":[{"href":"https:\/\/metlaninst.com\/tr\/wp-json\/wp\/v2\/media?parent=22729"}],"wp:term":[{"taxonomy":"product_brand","embeddable":true,"href":"https:\/\/metlaninst.com\/tr\/wp-json\/wp\/v2\/product_brand?post=22729"},{"taxonomy":"product_cat","embeddable":true,"href":"https:\/\/metlaninst.com\/tr\/wp-json\/wp\/v2\/product_cat?post=22729"},{"taxonomy":"product_tag","embeddable":true,"href":"https:\/\/metlaninst.com\/tr\/wp-json\/wp\/v2\/product_tag?post=22729"}],"curies":[{"name":"wp","href":"https:\/\/api.w.org\/{rel}","templated":true}]}}