{"id":23193,"date":"2024-10-18T07:18:42","date_gmt":"2024-10-18T07:18:42","guid":{"rendered":"https:\/\/www.metlaninst.com\/?post_type=product&#038;p=23193"},"modified":"2025-02-02T04:03:42","modified_gmt":"2025-02-02T04:03:42","slug":"bulamac-mtf-s-i%cc%87ci%cc%87n-elektromanyeti%cc%87k-akis-olcer","status":"publish","type":"product","link":"https:\/\/metlaninst.com\/tr\/p\/bulamac-mtf-s-i%cc%87ci%cc%87n-elektromanyeti%cc%87k-akis-olcer\/","title":{"rendered":"Bulama\u00e7 i\u00e7in Elektromanyetik Ak\u0131\u015f \u00d6l\u00e7er (MTF-S)"},"content":{"rendered":"<div class=\"e-con-inner\">\n<div class=\"elementor-element e-con-full e-flex e-con e-child\">\n<div class=\"elementor-widget-container\">\n<h3 class=\"elementor-heading-title elementor-size-default\">\u00d6zellikler:<\/h3>\n<\/div>\n<div class=\"elementor-widget-container\">\n<ol class=\"product-description-list\">\n<li>PU, PFA, ETFE veya FEP astar: m\u00fckemmel kimyasal ve a\u015f\u0131nma direnci<\/li>\n<li>Geni\u015f elektrot malzemesi yelpazesi<\/li>\n<li>Renkler ve g\u00f6r\u00fcn\u00fcm iste\u011fe g\u00f6re \u00f6zelle\u015ftirilebilir<\/li>\n<li>M\u00fc\u015fteriye \u00f6zel konstr\u00fcksiyonlarda da mevcuttur<\/li>\n<li>Hareketli par\u00e7a yok, a\u015f\u0131nma yok, bas\u0131n\u00e7 kayb\u0131 yok<\/li>\n<li>Sabit do\u011frulukta g\u00fcvenilir \u00f6l\u00e7\u00fcm<\/li>\n<li>\u00d6l\u00e7\u00fcm prensibi bas\u0131n\u00e7, yo\u011funluk, s\u0131cakl\u0131k ve viskoziteden neredeyse ba\u011f\u0131ms\u0131zd\u0131r<\/li>\n<li>LCD ekran i\u00e7in \u0130ngilizce, \u0130spanyolca, Frans\u0131zca ve talep \u00fczerine di\u011fer diller mevcuttur.<\/li>\n<li>Her ak\u0131\u015f \u00f6l\u00e7er kalibre edilir ve t\u00fcm kalibrasyon verilerine kar\u015f\u0131l\u0131k gelen benzersiz bir seri numaras\u0131 atan\u0131r.<\/li>\n<li>Vericinin kompakt veya uzak versiyonu ile mevcuttur.<\/li>\n<\/ol>\n<\/div>\n<\/div>\n<div class=\"elementor-element e-con-full e-flex e-con e-child\">\n<div class=\"elementor-widget-container\">\n<h3 class=\"elementor-heading-title elementor-size-default\">Uygulamalar:<\/h3>\n<\/div>\n<div class=\"elementor-widget-container\">\n<h5 class=\"first\">Genel<\/h5>\n<ul class=\"product-description-list\">\n<li style=\"list-style-type: none;\">\n<ul class=\"product-description-list\">\n<li>Temiz, agresif veya a\u015f\u0131nd\u0131r\u0131c\u0131 s\u0131v\u0131larla standart uygulamalar<\/li>\n<\/ul>\n<\/li>\n<\/ul>\n<h5>Kimya ve di\u011fer proses end\u00fcstrileri<\/h5>\n<ul class=\"product-description-list\">\n<li style=\"list-style-type: none;\">\n<ul class=\"product-description-list\">\n<li>\u0130letken s\u0131v\u0131 kimyasallar\u0131<\/li>\n<li>Proses suyu, so\u011futma suyu<\/li>\n<\/ul>\n<\/li>\n<\/ul>\n<h5>Petrol ve gaz end\u00fcstrisi<\/h5>\n<ul class=\"product-description-list\">\n<li style=\"list-style-type: none;\">\n<ul class=\"product-description-list\">\n<li>Su enjeksiyonu (y\u00fcksek bas\u0131n\u00e7)<\/li>\n<li>Sondaj \u00e7amuru<\/li>\n<li>\u00dcretilen su<\/li>\n<\/ul>\n<\/li>\n<\/ul>\n<h5>Mineraller ve madencilik end\u00fcstrisi<\/h5>\n<ul class=\"product-description-list\">\n<li style=\"list-style-type: none;\">\n<ul class=\"product-description-list\">\n<li>Hidrosiklon besleme hatlar\u0131<\/li>\n<\/ul>\n<\/li>\n<\/ul>\n<h5>Ka\u011f\u0131t hamuru ve ka\u011f\u0131t end\u00fcstrisi<\/h5>\n<ul class=\"product-description-list\">\n<li style=\"list-style-type: none;\">\n<ul class=\"product-description-list\">\n<li>Kimyasallar (siyah lik\u00f6r, \u00e7ama\u015f\u0131r suyu, vb.)<\/li>\n<\/ul>\n<\/li>\n<\/ul>\n<h5>At\u0131k su end\u00fcstrisi<\/h5>\n<ul class=\"product-description-list\">\n<li>Sulama<\/li>\n<li>\u00c7amur ve kanalizasyon ar\u0131t\u0131m\u0131<\/li>\n<\/ul>\n<\/div>\n<\/div>\n<\/div>","protected":false},"excerpt":{"rendered":"<div class=\"short-description-head\">MTF-S, agresif ve a\u015f\u0131nd\u0131r\u0131c\u0131 s\u0131v\u0131lar\u0131n, \u00f6zellikle de bulama\u00e7lar\u0131n kullan\u0131ld\u0131\u011f\u0131 \u00e7ok \u00e7e\u015fitli standart proses uygulamalar\u0131na y\u00f6nelik bir magmetredir. 180\u00b0C \/ +356\u00b0F'ye kadar s\u0131cakl\u0131klar, d\u00fc\u015f\u00fck iletkenlik (\u22655 \u00b5S\/cm) ve kat\u0131 madde i\u00e7eri\u011fi ile zorlu proses ko\u015fullar\u0131nda bile g\u00fcvenilir ak\u0131\u015f \u00f6l\u00e7\u00fcm\u00fc sa\u011flar.<\/div>","protected":false},"featured_media":23250,"template":"","meta":[],"product_brand":[],"product_cat":[118,166],"product_tag":[],"class_list":{"0":"post-23193","1":"product","2":"type-product","3":"status-publish","4":"has-post-thumbnail","6":"product_cat-magnetic-flow-meters","7":"product_cat-liquid-flow-meters","9":"first","10":"instock","11":"shipping-taxable","12":"purchasable","13":"product-type-simple"},"_links":{"self":[{"href":"https:\/\/metlaninst.com\/tr\/wp-json\/wp\/v2\/product\/23193","targetHints":{"allow":["GET"]}}],"collection":[{"href":"https:\/\/metlaninst.com\/tr\/wp-json\/wp\/v2\/product"}],"about":[{"href":"https:\/\/metlaninst.com\/tr\/wp-json\/wp\/v2\/types\/product"}],"version-history":[{"count":11,"href":"https:\/\/metlaninst.com\/tr\/wp-json\/wp\/v2\/product\/23193\/revisions"}],"predecessor-version":[{"id":26157,"href":"https:\/\/metlaninst.com\/tr\/wp-json\/wp\/v2\/product\/23193\/revisions\/26157"}],"wp:featuredmedia":[{"embeddable":true,"href":"https:\/\/metlaninst.com\/tr\/wp-json\/wp\/v2\/media\/23250"}],"wp:attachment":[{"href":"https:\/\/metlaninst.com\/tr\/wp-json\/wp\/v2\/media?parent=23193"}],"wp:term":[{"taxonomy":"product_brand","embeddable":true,"href":"https:\/\/metlaninst.com\/tr\/wp-json\/wp\/v2\/product_brand?post=23193"},{"taxonomy":"product_cat","embeddable":true,"href":"https:\/\/metlaninst.com\/tr\/wp-json\/wp\/v2\/product_cat?post=23193"},{"taxonomy":"product_tag","embeddable":true,"href":"https:\/\/metlaninst.com\/tr\/wp-json\/wp\/v2\/product_tag?post=23193"}],"curies":[{"name":"wp","href":"https:\/\/api.w.org\/{rel}","templated":true}]}}