{"id":23196,"date":"2024-10-17T07:18:59","date_gmt":"2024-10-17T07:18:59","guid":{"rendered":"https:\/\/www.metlaninst.com\/?post_type=product&#038;p=23196"},"modified":"2025-02-02T04:04:37","modified_gmt":"2025-02-02T04:04:37","slug":"sihhi-manyetik-akis-olcerler-mtf-a","status":"publish","type":"product","link":"https:\/\/metlaninst.com\/tr\/p\/sihhi-manyetik-akis-olcerler-mtf-a\/","title":{"rendered":"S\u0131hhi Manyetik Ak\u0131\u015f \u00d6l\u00e7erler (MTF-A)"},"content":{"rendered":"<div class=\"e-con-inner\">\n<div class=\"elementor-element e-con-full e-flex e-con e-child\">\n<div class=\"elementor-widget-container\">\n<h3 class=\"elementor-heading-title elementor-size-default\">\u00d6zellikler:<\/h3>\n<\/div>\n<div class=\"elementor-widget-container\">\n<ol class=\"product-description-list\">\n<li>PFA astar: hijyenik uygulamalar i\u00e7in sertifikal\u0131<\/li>\n<li>Geni\u015f elektrot malzemesi yelpazesi<\/li>\n<li>Renkler ve g\u00f6r\u00fcn\u00fcm iste\u011fe g\u00f6re \u00f6zelle\u015ftirilebilir<\/li>\n<li>M\u00fc\u015fteriye \u00f6zel konstr\u00fcksiyonlarda da mevcuttur<\/li>\n<li>Hareketli par\u00e7a yok, a\u015f\u0131nma yok, bas\u0131n\u00e7 kayb\u0131 yok<\/li>\n<li>Sabit do\u011frulukta g\u00fcvenilir \u00f6l\u00e7\u00fcm<\/li>\n<li>\u00d6l\u00e7\u00fcm prensibi bas\u0131n\u00e7, yo\u011funluk, s\u0131cakl\u0131k ve viskoziteden neredeyse ba\u011f\u0131ms\u0131zd\u0131r<\/li>\n<li>LCD ekran i\u00e7in \u0130ngilizce, \u0130spanyolca, Frans\u0131zca ve talep \u00fczerine di\u011fer diller mevcuttur.<\/li>\n<li>Her ak\u0131\u015f \u00f6l\u00e7er kalibre edilir ve t\u00fcm kalibrasyon verilerine kar\u015f\u0131l\u0131k gelen benzersiz bir seri numaras\u0131 atan\u0131r.<\/li>\n<li>Vericinin kompakt veya uzak versiyonu ile mevcuttur.<\/li>\n<\/ol>\n<\/div>\n<\/div>\n<div class=\"elementor-element e-con-full e-flex e-con e-child\">\n<div class=\"elementor-widget-container\">\n<h3 class=\"elementor-heading-title elementor-size-default\">Uygulamalar:<\/h3>\n<\/div>\n<div class=\"elementor-widget-container\">\n<h5 class=\"first\">Genel<\/h5>\n<ul class=\"product-description-list\">\n<li style=\"list-style-type: none;\">\n<ul class=\"product-description-list\">\n<li>Standart hijyenik uygulamalar<\/li>\n<li>DN150 \/ 6\u2033 \u00e7apa kadar b\u00fcy\u00fck \u00f6l\u00e7ekli \u00fcretim tesisleri i\u00e7in (Di\u011ferleri talep \u00fczerine)<\/li>\n<\/ul>\n<\/li>\n<\/ul>\n<h5>Yiyecek ve i\u00e7ecek end\u00fcstrisi<\/h5>\n<ul class=\"product-description-list\">\n<li style=\"list-style-type: none;\">\n<ul class=\"product-description-list\">\n<li>\u0130\u00e7ecekler (alkols\u00fcz i\u00e7ecekler, bira, \u015farap, meyve sular\u0131 vb.)<\/li>\n<li>S\u00fct ve di\u011fer s\u00fct \u00fcr\u00fcnleri<\/li>\n<li>CIP ortam\u0131 (asitler ve kostik \u00e7\u00f6zeltiler dahil)<\/li>\n<\/ul>\n<\/li>\n<\/ul>\n<h5>\u0130la\u00e7 end\u00fcstrisi<\/h5>\n<ul class=\"product-description-list\">\n<li>\u0130la\u00e7lar\u0131n, kostik sodalar\u0131n, asitlerin, proteinlerin, antibiyotiklerin i\u015flenmesi<\/li>\n<\/ul>\n<\/div>\n<\/div>\n<\/div>","protected":false},"excerpt":{"rendered":"<div class=\"short-description-head\">MTF-A, g\u0131da, i\u00e7ecek ve ya\u015fam bilimleri end\u00fcstrilerindeki hijyenik uygulamalar i\u00e7in tercih edilen elektromanyetik ak\u0131\u015f \u00f6l\u00e7erdir. Kurulumu ve s\u00f6k\u00fclmesi kolayd\u0131r, CIP veya SIP temizleme prosed\u00fcrlerini destekler ve vericinin kompakt veya uzak versiyonu ile mevcuttur.<\/div>","protected":false},"featured_media":23244,"template":"","meta":[],"product_brand":[],"product_cat":[118,166],"product_tag":[],"class_list":{"0":"post-23196","1":"product","2":"type-product","3":"status-publish","4":"has-post-thumbnail","6":"product_cat-magnetic-flow-meters","7":"product_cat-liquid-flow-meters","9":"first","10":"instock","11":"shipping-taxable","12":"purchasable","13":"product-type-simple"},"_links":{"self":[{"href":"https:\/\/metlaninst.com\/tr\/wp-json\/wp\/v2\/product\/23196","targetHints":{"allow":["GET"]}}],"collection":[{"href":"https:\/\/metlaninst.com\/tr\/wp-json\/wp\/v2\/product"}],"about":[{"href":"https:\/\/metlaninst.com\/tr\/wp-json\/wp\/v2\/types\/product"}],"version-history":[{"count":2,"href":"https:\/\/metlaninst.com\/tr\/wp-json\/wp\/v2\/product\/23196\/revisions"}],"predecessor-version":[{"id":26158,"href":"https:\/\/metlaninst.com\/tr\/wp-json\/wp\/v2\/product\/23196\/revisions\/26158"}],"wp:featuredmedia":[{"embeddable":true,"href":"https:\/\/metlaninst.com\/tr\/wp-json\/wp\/v2\/media\/23244"}],"wp:attachment":[{"href":"https:\/\/metlaninst.com\/tr\/wp-json\/wp\/v2\/media?parent=23196"}],"wp:term":[{"taxonomy":"product_brand","embeddable":true,"href":"https:\/\/metlaninst.com\/tr\/wp-json\/wp\/v2\/product_brand?post=23196"},{"taxonomy":"product_cat","embeddable":true,"href":"https:\/\/metlaninst.com\/tr\/wp-json\/wp\/v2\/product_cat?post=23196"},{"taxonomy":"product_tag","embeddable":true,"href":"https:\/\/metlaninst.com\/tr\/wp-json\/wp\/v2\/product_tag?post=23196"}],"curies":[{"name":"wp","href":"https:\/\/api.w.org\/{rel}","templated":true}]}}