{"id":23199,"date":"2024-10-16T07:19:27","date_gmt":"2024-10-16T07:19:27","guid":{"rendered":"https:\/\/www.metlaninst.com\/?post_type=product&#038;p=23199"},"modified":"2025-02-02T04:06:00","modified_gmt":"2025-02-02T04:06:00","slug":"yuksek-sicaklikli-ortamlar-i%cc%87ci%cc%87n-manyeti%cc%87k-akis-olcer-mtf-h","status":"publish","type":"product","link":"https:\/\/metlaninst.com\/tr\/p\/yuksek-sicaklikli-ortamlar-i%cc%87ci%cc%87n-manyeti%cc%87k-akis-olcer-mtf-h\/","title":{"rendered":"Y\u00fcksek S\u0131cakl\u0131k Ortam\u0131 i\u00e7in Manyetik Ak\u0131\u015f \u00d6l\u00e7er (MTF-H)"},"content":{"rendered":"<div class=\"e-con-inner\">\n<div class=\"elementor-element e-con-full e-flex e-con e-child\">\n<div class=\"elementor-widget-container\">\n<h3 class=\"elementor-heading-title elementor-size-default\">\u00d6zellikler:<\/h3>\n<\/div>\n<div class=\"elementor-widget-container\">\n<ol class=\"product-description-list\">\n<li>PFA\/PTFE\/ETFE\/FEP astar: A\u015f\u0131nd\u0131r\u0131c\u0131 s\u0131v\u0131lar ve y\u00fcksek orta s\u0131cakl\u0131klar i\u00e7eren kimyasal ve proses uygulamalar\u0131na \u00f6zel<\/li>\n<li>Geni\u015f elektrot malzemesi yelpazesi<\/li>\n<li>Renkler ve g\u00f6r\u00fcn\u00fcm iste\u011fe g\u00f6re \u00f6zelle\u015ftirilebilir<\/li>\n<li>M\u00fc\u015fteriye \u00f6zel konstr\u00fcksiyonlarda da mevcuttur<\/li>\n<li>Hareketli par\u00e7a yok, a\u015f\u0131nma yok, bas\u0131n\u00e7 kayb\u0131 yok<\/li>\n<li>Sabit do\u011frulukta g\u00fcvenilir \u00f6l\u00e7\u00fcm<\/li>\n<li>\u00d6l\u00e7\u00fcm prensibi bas\u0131n\u00e7, yo\u011funluk, s\u0131cakl\u0131k ve viskoziteden neredeyse ba\u011f\u0131ms\u0131zd\u0131r<\/li>\n<li>LCD ekran i\u00e7in \u0130ngilizce, \u0130spanyolca, Frans\u0131zca ve talep \u00fczerine di\u011fer diller mevcuttur.<\/li>\n<li>Her ak\u0131\u015f \u00f6l\u00e7er kalibre edilir ve t\u00fcm kalibrasyon verilerine kar\u015f\u0131l\u0131k gelen benzersiz bir seri numaras\u0131 atan\u0131r.<\/li>\n<li>Vericinin kompakt veya uzak versiyonu ile mevcuttur.<\/li>\n<\/ol>\n<\/div>\n<\/div>\n<div class=\"elementor-element e-con-full e-flex e-con e-child\">\n<div class=\"elementor-widget-container\">\n<h3 class=\"elementor-heading-title elementor-size-default\">Uygulamalar:<\/h3>\n<\/div>\n<div class=\"elementor-widget-container\">\n<h5 class=\"first\">Genel<\/h5>\n<ul class=\"product-description-list\">\n<li style=\"list-style-type: none;\">\n<ul class=\"product-description-list\">\n<li>Temiz, agresif veya a\u015f\u0131nd\u0131r\u0131c\u0131 s\u0131v\u0131larla zorlu uygulamalar<\/li>\n<\/ul>\n<\/li>\n<\/ul>\n<h5>Kimya ve di\u011fer proses end\u00fcstrileri<\/h5>\n<ul class=\"product-description-list\">\n<li style=\"list-style-type: none;\">\n<ul class=\"product-description-list\">\n<li>\u0130norganik ve organik seri \u00fcretim<\/li>\n<li>Y\u00fcksek derecede a\u015f\u0131nd\u0131r\u0131c\u0131 ve agresif kimyasallar (asitler, alkali ortam)<\/li>\n<li>A\u015f\u0131nd\u0131r\u0131c\u0131 ve agresif kimyasallar\u0131n i\u015flenmesi (asitler, alkali ortam)<\/li>\n<\/ul>\n<\/li>\n<\/ul>\n<h5>Mineraller ve madencilik end\u00fcstrisi<\/h5>\n<ul class=\"product-description-list\">\n<li style=\"list-style-type: none;\">\n<ul class=\"product-description-list\">\n<li>\u0130nce partik\u00fcll\u00fc (kat\u0131 i\u00e7erikli) homojen olmayan ve a\u015f\u0131nd\u0131r\u0131c\u0131 \u00e7amurlar<\/li>\n<li>Hidrosiklon besleme hatlar\u0131<\/li>\n<\/ul>\n<\/li>\n<\/ul>\n<h5>G\u0131da ve i\u00e7ecek end\u00fcstrisi, ila\u00e7 end\u00fcstrisi<\/h5>\n<ul class=\"product-description-list\">\n<li style=\"list-style-type: none;\">\n<ul class=\"product-description-list\">\n<li>\u0130letken s\u0131v\u0131lar\u0131n kar\u0131\u015ft\u0131r\u0131lmas\u0131, dozajlanmas\u0131, harmanlanmas\u0131<\/li>\n<\/ul>\n<\/li>\n<\/ul>\n<h5>At\u0131k su end\u00fcstrisi<\/h5>\n<ul class=\"product-description-list\">\n<li style=\"list-style-type: none;\">\n<ul class=\"product-description-list\">\n<li>Tortu \u00e7amurlar\u0131 ve \u00e7amurlar<\/li>\n<li>Koag\u00fclant ve flok\u00fclant dozaj\u0131<\/li>\n<\/ul>\n<\/li>\n<\/ul>\n<h5>Ka\u011f\u0131t hamuru ve ka\u011f\u0131t end\u00fcstrisi<\/h5>\n<ul class=\"product-description-list\">\n<li>Kimyasal olarak agresif lifli \u00fcr\u00fcnler<\/li>\n<\/ul>\n<\/div>\n<\/div>\n<\/div>","protected":false},"excerpt":{"rendered":"<div class=\"short-description-head\">MTF-H manyetik ak\u0131\u015f \u00f6l\u00e7er, a\u015f\u0131nd\u0131r\u0131c\u0131 s\u0131v\u0131lar ve +180\u00b0C \/ +356\u00b0F'ye kadar en y\u00fcksek ortam s\u0131cakl\u0131klar\u0131 ile kimyasal ve proses uygulamalar\u0131na adanm\u0131\u015ft\u0131r. Zorlu ortamlarda kurulum esnekli\u011fini ve operasyonel g\u00fcvenli\u011fi en \u00fcst d\u00fczeye \u00e7\u0131karmak i\u00e7in uzaktan verici mevcuttur.<\/div>","protected":false},"featured_media":23248,"template":"","meta":[],"product_brand":[],"product_cat":[118,166],"product_tag":[],"class_list":{"0":"post-23199","1":"product","2":"type-product","3":"status-publish","4":"has-post-thumbnail","6":"product_cat-magnetic-flow-meters","7":"product_cat-liquid-flow-meters","9":"first","10":"instock","11":"shipping-taxable","12":"purchasable","13":"product-type-simple"},"_links":{"self":[{"href":"https:\/\/metlaninst.com\/tr\/wp-json\/wp\/v2\/product\/23199","targetHints":{"allow":["GET"]}}],"collection":[{"href":"https:\/\/metlaninst.com\/tr\/wp-json\/wp\/v2\/product"}],"about":[{"href":"https:\/\/metlaninst.com\/tr\/wp-json\/wp\/v2\/types\/product"}],"version-history":[{"count":5,"href":"https:\/\/metlaninst.com\/tr\/wp-json\/wp\/v2\/product\/23199\/revisions"}],"predecessor-version":[{"id":26159,"href":"https:\/\/metlaninst.com\/tr\/wp-json\/wp\/v2\/product\/23199\/revisions\/26159"}],"wp:featuredmedia":[{"embeddable":true,"href":"https:\/\/metlaninst.com\/tr\/wp-json\/wp\/v2\/media\/23248"}],"wp:attachment":[{"href":"https:\/\/metlaninst.com\/tr\/wp-json\/wp\/v2\/media?parent=23199"}],"wp:term":[{"taxonomy":"product_brand","embeddable":true,"href":"https:\/\/metlaninst.com\/tr\/wp-json\/wp\/v2\/product_brand?post=23199"},{"taxonomy":"product_cat","embeddable":true,"href":"https:\/\/metlaninst.com\/tr\/wp-json\/wp\/v2\/product_cat?post=23199"},{"taxonomy":"product_tag","embeddable":true,"href":"https:\/\/metlaninst.com\/tr\/wp-json\/wp\/v2\/product_tag?post=23199"}],"curies":[{"name":"wp","href":"https:\/\/api.w.org\/{rel}","templated":true}]}}