{"id":23215,"date":"2024-12-26T08:16:33","date_gmt":"2024-12-26T08:16:33","guid":{"rendered":"https:\/\/www.metlaninst.com\/?post_type=product&#038;p=23215"},"modified":"2025-02-02T03:54:33","modified_gmt":"2025-02-02T03:54:33","slug":"uzaktan-elektromanyeti%cc%87k-akis-olcer-mtf-f-200","status":"publish","type":"product","link":"https:\/\/metlaninst.com\/tr\/p\/uzaktan-elektromanyeti%cc%87k-akis-olcer-mtf-f-200\/","title":{"rendered":"Uzaktan Elektromanyetik Debi \u00d6l\u00e7er (MTF-F-200)"},"content":{"rendered":"<div class=\"e-con-inner\">\n<div class=\"elementor-element e-con-full e-flex e-con e-child\">\n<div class=\"elementor-widget-container\">\n<h3 class=\"elementor-heading-title elementor-size-default\">\u00d6zellikler:<\/h3>\n<\/div>\n<div class=\"elementor-widget-container\">\n<ol class=\"product-description-list\">\n<li>Geni\u015f astar ve elektrot malzemesi yelpazesi<\/li>\n<li>Renkler ve g\u00f6r\u00fcn\u00fcm iste\u011fe g\u00f6re \u00f6zelle\u015ftirilebilir<\/li>\n<li>M\u00fc\u015fteriye \u00f6zel konstr\u00fcksiyonlarda da mevcuttur<\/li>\n<li>Hareketli par\u00e7a yok, a\u015f\u0131nma yok, bas\u0131n\u00e7 kayb\u0131 yok<\/li>\n<li>Sabit do\u011frulukta g\u00fcvenilir \u00f6l\u00e7\u00fcm<\/li>\n<li>\u00d6l\u00e7\u00fcm prensibi bas\u0131n\u00e7, yo\u011funluk, s\u0131cakl\u0131k ve viskoziteden neredeyse ba\u011f\u0131ms\u0131zd\u0131r<\/li>\n<li>LCD ekran i\u00e7in \u0130ngilizce, \u0130spanyolca, Frans\u0131zca ve talep \u00fczerine di\u011fer diller mevcuttur.<\/li>\n<li>Her ak\u0131\u015f \u00f6l\u00e7er kalibre edilir ve t\u00fcm kalibrasyon verilerine kar\u015f\u0131l\u0131k gelen benzersiz bir seri numaras\u0131 atan\u0131r.<\/li>\n<li>Vericinin kompakt veya uzak versiyonu ile mevcuttur.<\/li>\n<\/ol>\n<\/div>\n<\/div>\n<div class=\"elementor-element e-con-full e-flex e-con e-child\">\n<div class=\"elementor-widget-container\">\n<h3 class=\"elementor-heading-title elementor-size-default\">Uygulamalar:<\/h3>\n<\/div>\n<div class=\"elementor-widget-container\">\n<h5 class=\"first\">Genel<\/h5>\n<ul class=\"product-description-list\">\n<li style=\"list-style-type: none;\">\n<ul class=\"product-description-list\">\n<li>Temiz, agresif veya a\u015f\u0131nd\u0131r\u0131c\u0131 s\u0131v\u0131larla uygulamalar<\/li>\n<li>Standart hijyenik uygulamalar<\/li>\n<li>DN3000 \/ 120\u2033'ye kadar \u00e7apa sahip b\u00fcy\u00fck \u00f6l\u00e7ekli \u00fcretim tesisleri i\u00e7in (Di\u011ferleri talep \u00fczerine)<\/li>\n<\/ul>\n<\/li>\n<\/ul>\n<h5>Kimya ve di\u011fer proses end\u00fcstrileri<\/h5>\n<ul class=\"product-description-list\">\n<li style=\"list-style-type: none;\">\n<ul class=\"product-description-list\">\n<li>\u0130letken s\u0131v\u0131 kimyasallar\u0131<\/li>\n<li>Proses suyu, so\u011futma suyu<\/li>\n<li>\u0130norganik ve organik seri \u00fcretim<\/li>\n<li>Y\u00fcksek derecede a\u015f\u0131nd\u0131r\u0131c\u0131 ve agresif kimyasallar (asitler, alkali ortam)<\/li>\n<li>A\u015f\u0131nd\u0131r\u0131c\u0131 ve agresif kimyasallar\u0131n i\u015flenmesi (asitler, alkali ortam)<\/li>\n<\/ul>\n<\/li>\n<\/ul>\n<h5>Mineraller ve madencilik end\u00fcstrisi<\/h5>\n<ul class=\"product-description-list\">\n<li style=\"list-style-type: none;\">\n<ul class=\"product-description-list\">\n<li>\u0130nce partik\u00fcll\u00fc (kat\u0131 i\u00e7erikli) homojen olmayan ve a\u015f\u0131nd\u0131r\u0131c\u0131 \u00e7amurlar<\/li>\n<li>Hidrosiklon besleme hatlar\u0131<\/li>\n<\/ul>\n<\/li>\n<\/ul>\n<h5>At\u0131k su end\u00fcstrisi<\/h5>\n<ul class=\"product-description-list\">\n<li style=\"list-style-type: none;\">\n<ul class=\"product-description-list\">\n<li>Tortu \u00e7amurlar\u0131 ve \u00e7amurlar<\/li>\n<li>Koag\u00fclant ve flok\u00fclant dozaj\u0131<\/li>\n<li>Soyutlama ve sulama<\/li>\n<li>Da\u011f\u0131t\u0131m \u015febekelerinin izlenmesi<\/li>\n<li>Su sirk\u00fclasyonu ve ar\u0131tma sistemleri<\/li>\n<li>Su ar\u0131tma ve tuzdan ar\u0131nd\u0131rma<\/li>\n<\/ul>\n<\/li>\n<\/ul>\n<h5>Ka\u011f\u0131t hamuru ve ka\u011f\u0131t end\u00fcstrisi<\/h5>\n<ul class=\"product-description-list\">\n<li style=\"list-style-type: none;\">\n<ul class=\"product-description-list\">\n<li>Kimyasal olarak agresif lifli \u00fcr\u00fcnler<\/li>\n<\/ul>\n<\/li>\n<\/ul>\n<h5>Petrol ve gaz end\u00fcstrisi<\/h5>\n<ul class=\"product-description-list\">\n<li>Su enjeksiyonu (y\u00fcksek bas\u0131n\u00e7)<\/li>\n<li>Sondaj \u00e7amuru<\/li>\n<li>\u00dcretilen su<\/li>\n<\/ul>\n<\/div>\n<\/div>\n<\/div>","protected":false},"excerpt":{"rendered":"<div class=\"short-description-head\">MTF-F-200, zorlu ortamlarda kurulum esnekli\u011fini ve operasyonel g\u00fcvenli\u011fi en \u00fcst d\u00fczeye \u00e7\u0131karmak i\u00e7in geni\u015f \u0131slak malzeme se\u00e7enekleri ve 180 \u00b0C\/356 \u00b0F'ye kadar orta s\u0131cakl\u0131k aral\u0131klar\u0131 sa\u011flayan MTF-F-100 eletromanyetik ak\u0131\u015f \u00f6l\u00e7erin uzak versiyonudur.<\/div>","protected":false},"featured_media":23247,"template":"","meta":[],"product_brand":[],"product_cat":[118,166,163],"product_tag":[],"class_list":{"0":"post-23215","1":"product","2":"type-product","3":"status-publish","4":"has-post-thumbnail","6":"product_cat-magnetic-flow-meters","7":"product_cat-liquid-flow-meters","8":"product_cat-water-flow-meters","10":"first","11":"instock","12":"shipping-taxable","13":"purchasable","14":"product-type-simple"},"_links":{"self":[{"href":"https:\/\/metlaninst.com\/tr\/wp-json\/wp\/v2\/product\/23215","targetHints":{"allow":["GET"]}}],"collection":[{"href":"https:\/\/metlaninst.com\/tr\/wp-json\/wp\/v2\/product"}],"about":[{"href":"https:\/\/metlaninst.com\/tr\/wp-json\/wp\/v2\/types\/product"}],"version-history":[{"count":2,"href":"https:\/\/metlaninst.com\/tr\/wp-json\/wp\/v2\/product\/23215\/revisions"}],"predecessor-version":[{"id":26148,"href":"https:\/\/metlaninst.com\/tr\/wp-json\/wp\/v2\/product\/23215\/revisions\/26148"}],"wp:featuredmedia":[{"embeddable":true,"href":"https:\/\/metlaninst.com\/tr\/wp-json\/wp\/v2\/media\/23247"}],"wp:attachment":[{"href":"https:\/\/metlaninst.com\/tr\/wp-json\/wp\/v2\/media?parent=23215"}],"wp:term":[{"taxonomy":"product_brand","embeddable":true,"href":"https:\/\/metlaninst.com\/tr\/wp-json\/wp\/v2\/product_brand?post=23215"},{"taxonomy":"product_cat","embeddable":true,"href":"https:\/\/metlaninst.com\/tr\/wp-json\/wp\/v2\/product_cat?post=23215"},{"taxonomy":"product_tag","embeddable":true,"href":"https:\/\/metlaninst.com\/tr\/wp-json\/wp\/v2\/product_tag?post=23215"}],"curies":[{"name":"wp","href":"https:\/\/api.w.org\/{rel}","templated":true}]}}