{"id":23226,"date":"2024-10-13T08:36:16","date_gmt":"2024-10-13T08:36:16","guid":{"rendered":"https:\/\/www.metlaninst.com\/?post_type=product&#038;p=23226"},"modified":"2025-02-02T04:06:29","modified_gmt":"2025-02-02T04:06:29","slug":"akulu-manyeti%cc%87k-akis-olcer-mtf-b","status":"publish","type":"product","link":"https:\/\/metlaninst.com\/tr\/p\/akulu-manyeti%cc%87k-akis-olcer-mtf-b\/","title":{"rendered":"Ak\u00fcl\u00fc Manyetik Debimetre (MTF-B)"},"content":{"rendered":"<div class=\"e-con-inner\">\n<div class=\"elementor-element e-con-full e-flex e-con e-child\">\n<div class=\"elementor-widget-container\">\n<h3 class=\"elementor-heading-title elementor-size-default\">\u00d6zellikler:<\/h3>\n<\/div>\n<div class=\"elementor-widget-container\">\n<ol class=\"product-description-list\">\n<li>Geni\u015f astar ve elektrot malzemesi yelpazesi<\/li>\n<li>Renkler ve g\u00f6r\u00fcn\u00fcm iste\u011fe g\u00f6re \u00f6zelle\u015ftirilebilir<\/li>\n<li>M\u00fc\u015fteriye \u00f6zel konstr\u00fcksiyonlarda da mevcuttur<\/li>\n<li>Hareketli par\u00e7a yok, a\u015f\u0131nma yok, bas\u0131n\u00e7 kayb\u0131 yok<\/li>\n<li>Sabit do\u011frulukta g\u00fcvenilir \u00f6l\u00e7\u00fcm<\/li>\n<li>\u00d6l\u00e7\u00fcm prensibi bas\u0131n\u00e7, yo\u011funluk, s\u0131cakl\u0131k ve viskoziteden neredeyse ba\u011f\u0131ms\u0131zd\u0131r<\/li>\n<li>LCD ekran i\u00e7in \u0130ngilizce, \u0130spanyolca, Frans\u0131zca ve talep \u00fczerine di\u011fer diller mevcuttur.<\/li>\n<li>Her ak\u0131\u015f \u00f6l\u00e7er kalibre edilir ve t\u00fcm kalibrasyon verilerine kar\u015f\u0131l\u0131k gelen benzersiz bir seri numaras\u0131 atan\u0131r.<\/li>\n<\/ol>\n<\/div>\n<\/div>\n<div class=\"elementor-element e-con-full e-flex e-con e-child\">\n<div class=\"elementor-widget-container\">\n<h3 class=\"elementor-heading-title elementor-size-default\">Uygulamalar:<\/h3>\n<\/div>\n<div class=\"elementor-widget-container\">\n<h5 class=\"first\">Su end\u00fcstrisi<\/h5>\n<ul class=\"product-description-list\">\n<li>Su kaynaklar\u0131n\u0131n ve da\u011f\u0131t\u0131m \u015febekelerinin uzaktan izlenmesi<\/li>\n<li>Su t\u00fcketimi ve mali \u00f6l\u00e7\u00fcm (saklama transferi)<\/li>\n<li>Sulama ve su \u00e7\u0131karma<\/li>\n<li>Su ar\u0131tma<\/li>\n<li>Mekanik t\u00fcrbin saya\u00e7lar\u0131n\u0131n de\u011fi\u015ftirilmesi<\/li>\n<li>S\u0131z\u0131nt\u0131 tespiti<\/li>\n<li>Pompalar\u0131n ve su kuyular\u0131n\u0131n kontrol\u00fc<\/li>\n<li>B\u00f6lgesel \u0131s\u0131tma \u015febekelerinde saklama transferi ak\u0131\u015f \u00f6l\u00e7\u00fcm\u00fc<\/li>\n<\/ul>\n<\/div>\n<\/div>\n<\/div>","protected":false},"excerpt":{"rendered":"<div class=\"short-description-head\">MTF-B, su \u00e7\u0131karma kuyular\u0131nda ve b\u00f6lgesel \u00f6l\u00e7\u00fcm alanlar\u0131nda (DMA) kullan\u0131lmak \u00fczere pille \u00e7al\u0131\u015fan bir elektromanyetik su sayac\u0131d\u0131r. Opsiyonel bas\u0131n\u00e7 ve s\u0131cakl\u0131k sens\u00f6rleri ile saya\u00e7, s\u0131z\u0131nt\u0131 tespiti, kalite kontrol ve bas\u0131n\u00e7 y\u00f6netim sistemleri i\u00e7in de kullan\u0131labilir.<\/div>","protected":false},"featured_media":23245,"template":"","meta":[],"product_brand":[],"product_cat":[118,166,163],"product_tag":[],"class_list":{"0":"post-23226","1":"product","2":"type-product","3":"status-publish","4":"has-post-thumbnail","6":"product_cat-magnetic-flow-meters","7":"product_cat-liquid-flow-meters","8":"product_cat-water-flow-meters","10":"first","11":"instock","12":"shipping-taxable","13":"purchasable","14":"product-type-simple"},"_links":{"self":[{"href":"https:\/\/metlaninst.com\/tr\/wp-json\/wp\/v2\/product\/23226","targetHints":{"allow":["GET"]}}],"collection":[{"href":"https:\/\/metlaninst.com\/tr\/wp-json\/wp\/v2\/product"}],"about":[{"href":"https:\/\/metlaninst.com\/tr\/wp-json\/wp\/v2\/types\/product"}],"version-history":[{"count":2,"href":"https:\/\/metlaninst.com\/tr\/wp-json\/wp\/v2\/product\/23226\/revisions"}],"predecessor-version":[{"id":26160,"href":"https:\/\/metlaninst.com\/tr\/wp-json\/wp\/v2\/product\/23226\/revisions\/26160"}],"wp:featuredmedia":[{"embeddable":true,"href":"https:\/\/metlaninst.com\/tr\/wp-json\/wp\/v2\/media\/23245"}],"wp:attachment":[{"href":"https:\/\/metlaninst.com\/tr\/wp-json\/wp\/v2\/media?parent=23226"}],"wp:term":[{"taxonomy":"product_brand","embeddable":true,"href":"https:\/\/metlaninst.com\/tr\/wp-json\/wp\/v2\/product_brand?post=23226"},{"taxonomy":"product_cat","embeddable":true,"href":"https:\/\/metlaninst.com\/tr\/wp-json\/wp\/v2\/product_cat?post=23226"},{"taxonomy":"product_tag","embeddable":true,"href":"https:\/\/metlaninst.com\/tr\/wp-json\/wp\/v2\/product_tag?post=23226"}],"curies":[{"name":"wp","href":"https:\/\/api.w.org\/{rel}","templated":true}]}}