{"id":23234,"date":"2024-10-19T08:53:01","date_gmt":"2024-10-19T08:53:01","guid":{"rendered":"https:\/\/www.metlaninst.com\/?post_type=product&#038;p=23234"},"modified":"2025-02-02T04:02:56","modified_gmt":"2025-02-02T04:02:56","slug":"dusuk-i%cc%87letkenli%cc%87kli%cc%87-sivilar-i%cc%87ci%cc%87n-elektromanyeti%cc%87k-akis-olcer-mtf-c","status":"publish","type":"product","link":"https:\/\/metlaninst.com\/tr\/p\/dusuk-i%cc%87letkenli%cc%87kli%cc%87-sivilar-i%cc%87ci%cc%87n-elektromanyeti%cc%87k-akis-olcer-mtf-c\/","title":{"rendered":"D\u00fc\u015f\u00fck \u0130letkenlikli S\u0131v\u0131lar i\u00e7in Elektromanyetik Debimetre (MTF-C)"},"content":{"rendered":"<div class=\"e-con-inner\">\n<div class=\"elementor-element e-con-full e-flex e-con e-child\">\n<div class=\"elementor-widget-container\">\n<h3 class=\"elementor-heading-title elementor-size-default\">\u00d6zellikler:<\/h3>\n<\/div>\n<div class=\"elementor-widget-container\">\n<ol class=\"product-description-list\">\n<li>D\u00fc\u015f\u00fck iletkenlikli s\u0131v\u0131lar i\u00e7in kullan\u0131labilir \u22653 \u03bcS\/cm<\/li>\n<li>Geni\u015f astar ve elektrot malzemesi yelpazesi<\/li>\n<li>Renkler ve g\u00f6r\u00fcn\u00fcm iste\u011fe g\u00f6re \u00f6zelle\u015ftirilebilir<\/li>\n<li>M\u00fc\u015fteriye \u00f6zel konstr\u00fcksiyonlarda da mevcuttur<\/li>\n<li>Hareketli par\u00e7a yok, a\u015f\u0131nma yok, bas\u0131n\u00e7 kayb\u0131 yok<\/li>\n<li>Sabit do\u011frulukta g\u00fcvenilir \u00f6l\u00e7\u00fcm<\/li>\n<li>\u00d6l\u00e7\u00fcm prensibi bas\u0131n\u00e7, yo\u011funluk, s\u0131cakl\u0131k ve viskoziteden neredeyse ba\u011f\u0131ms\u0131zd\u0131r<\/li>\n<li>LCD ekran i\u00e7in \u0130ngilizce, \u0130spanyolca, Frans\u0131zca ve talep \u00fczerine di\u011fer diller mevcuttur.<\/li>\n<li>Her ak\u0131\u015f \u00f6l\u00e7er kalibre edilir ve t\u00fcm kalibrasyon verilerine kar\u015f\u0131l\u0131k gelen benzersiz bir seri numaras\u0131 atan\u0131r.<\/li>\n<\/ol>\n<\/div>\n<\/div>\n<div class=\"elementor-element e-con-full e-flex e-con e-child\">\n<div class=\"elementor-widget-container\">\n<h3 class=\"elementor-heading-title elementor-size-default\">Uygulamalar:<\/h3>\n<\/div>\n<div class=\"elementor-widget-container\">\n<h5 class=\"first\">Genel<\/h5>\n<ul class=\"product-description-list\">\n<li style=\"list-style-type: none;\">\n<ul class=\"product-description-list\">\n<li>D\u00fc\u015f\u00fck iletkenlikli ortamlarla geli\u015fmi\u015f uygulamalar (\u22653 \u03bcS\/cm)<\/li>\n<li>Agresif ve a\u015f\u0131nd\u0131r\u0131c\u0131 ortamlar<\/li>\n<\/ul>\n<\/li>\n<\/ul>\n<h5>Kimya ve di\u011fer proses end\u00fcstrileri<\/h5>\n<ul class=\"product-description-list\">\n<li style=\"list-style-type: none;\">\n<ul class=\"product-description-list\">\n<li>Katk\u0131 maddelerinin hassas vol\u00fcmetrik dozaj\u0131<\/li>\n<li>A\u015f\u0131nd\u0131r\u0131c\u0131, a\u015f\u0131nd\u0131r\u0131c\u0131 s\u0131v\u0131lar ve bulama\u00e7lar<\/li>\n<li>Yap\u0131\u015ft\u0131r\u0131c\u0131lar\u0131n ve lifli \u00fcr\u00fcnlerin dozajlanmas\u0131<\/li>\n<li>Lateks, em\u00fclsiyon boyalar vb. dahil olmak \u00fczere em\u00fclsiyonlar<\/li>\n<li>(Biyo-)alkoller, alkoll\u00fc i\u00e7kiler, glikoller, gliserin<\/li>\n<li>Organik seri \u00fcretim<\/li>\n<li>Ya\u011f bazl\u0131 \u00fcr\u00fcnler<\/li>\n<\/ul>\n<\/li>\n<\/ul>\n<h5>Yiyecek ve i\u00e7ecek end\u00fcstrisi<\/h5>\n<ul class=\"product-description-list\">\n<li style=\"list-style-type: none;\">\n<ul class=\"product-description-list\">\n<li>Hijyenik kar\u0131\u015ft\u0131rma, dozajlama ve harmanlama<\/li>\n<li>Ya\u011fl\u0131 ve ya\u011fl\u0131 \u00fcr\u00fcnler (\u00f6rn. bitkisel ya\u011flar)<\/li>\n<li>Kremal\u0131 ve s\u00fct \u00fcr\u00fcnleri (\u00f6rn. ya\u011f, krema, s\u00fct, peynir, meyve par\u00e7ac\u0131kl\u0131 yo\u011furt)<\/li>\n<\/ul>\n<\/li>\n<\/ul>\n<h5>Mineraller ve madencilik end\u00fcstrisi<\/h5>\n<ul class=\"product-description-list\">\n<li style=\"list-style-type: none;\">\n<ul class=\"product-description-list\">\n<li>Homojen olmayan ve a\u015f\u0131nd\u0131r\u0131c\u0131 ak\u0131\u015fkanlar<\/li>\n<li>\u00c7imento ve benzeri uygulamalar<\/li>\n<\/ul>\n<\/li>\n<\/ul>\n<h5>Su ve at\u0131k su end\u00fcstrisi<\/h5>\n<ul class=\"product-description-list\">\n<li style=\"list-style-type: none;\">\n<ul class=\"product-description-list\">\n<li>\u00c7amur ve kanalizasyon<\/li>\n<li>Ya\u011f, s\u0131v\u0131 ya\u011f ve gres ile kar\u0131\u015ft\u0131r\u0131lm\u0131\u015f su (\u00f6rn. anaerobik ortak sindirimde)<\/li>\n<li>Sulama<\/li>\n<\/ul>\n<\/li>\n<\/ul>\n<h5>Ka\u011f\u0131t hamuru ve ka\u011f\u0131t end\u00fcstrisi<\/h5>\n<ul class=\"product-description-list\">\n<li>Kimyasal olarak agresif lifli \u00fcr\u00fcnler<\/li>\n<li>Elektrotlar\u0131 yal\u0131tan bir film olu\u015fturan \u00fcr\u00fcnler (su cam\u0131)<\/li>\n<\/ul>\n<\/div>\n<\/div>\n<\/div>","protected":false},"excerpt":{"rendered":"<div class=\"short-description-head\">MTF-C, \u00e7ok d\u00fc\u015f\u00fck iletkenlikteki s\u0131v\u0131lar\u0131n (\u22653 \u03bcS\/cm) \u00f6l\u00e7\u00fcm\u00fc i\u00e7in kullan\u0131lan bir elektromanyetik ak\u0131\u015f \u00f6l\u00e7erdir. Bu ak\u0131\u015f \u00f6l\u00e7er, \u00f6zellikle yal\u0131t\u0131m filmi olu\u015fturma e\u011filiminde olan yap\u0131\u015fkan ve ya\u011fl\u0131 maddelerle yap\u0131lan uygulamalar i\u00e7in uygundur.<\/div>","protected":false},"featured_media":23313,"template":"","meta":[],"product_brand":[],"product_cat":[118,166],"product_tag":[],"class_list":{"0":"post-23234","1":"product","2":"type-product","3":"status-publish","4":"has-post-thumbnail","6":"product_cat-magnetic-flow-meters","7":"product_cat-liquid-flow-meters","9":"first","10":"instock","11":"shipping-taxable","12":"purchasable","13":"product-type-simple"},"_links":{"self":[{"href":"https:\/\/metlaninst.com\/tr\/wp-json\/wp\/v2\/product\/23234","targetHints":{"allow":["GET"]}}],"collection":[{"href":"https:\/\/metlaninst.com\/tr\/wp-json\/wp\/v2\/product"}],"about":[{"href":"https:\/\/metlaninst.com\/tr\/wp-json\/wp\/v2\/types\/product"}],"version-history":[{"count":3,"href":"https:\/\/metlaninst.com\/tr\/wp-json\/wp\/v2\/product\/23234\/revisions"}],"predecessor-version":[{"id":26156,"href":"https:\/\/metlaninst.com\/tr\/wp-json\/wp\/v2\/product\/23234\/revisions\/26156"}],"wp:featuredmedia":[{"embeddable":true,"href":"https:\/\/metlaninst.com\/tr\/wp-json\/wp\/v2\/media\/23313"}],"wp:attachment":[{"href":"https:\/\/metlaninst.com\/tr\/wp-json\/wp\/v2\/media?parent=23234"}],"wp:term":[{"taxonomy":"product_brand","embeddable":true,"href":"https:\/\/metlaninst.com\/tr\/wp-json\/wp\/v2\/product_brand?post=23234"},{"taxonomy":"product_cat","embeddable":true,"href":"https:\/\/metlaninst.com\/tr\/wp-json\/wp\/v2\/product_cat?post=23234"},{"taxonomy":"product_tag","embeddable":true,"href":"https:\/\/metlaninst.com\/tr\/wp-json\/wp\/v2\/product_tag?post=23234"}],"curies":[{"name":"wp","href":"https:\/\/api.w.org\/{rel}","templated":true}]}}