{"id":23332,"date":"2024-11-10T06:07:02","date_gmt":"2024-11-10T06:07:02","guid":{"rendered":"https:\/\/www.metlaninst.com\/?post_type=product&#038;p=23332"},"modified":"2025-04-25T09:25:05","modified_gmt":"2025-04-25T09:25:05","slug":"i%cc%87leri%cc%87-proses-uygulamalari-i%cc%87ci%cc%87n-coriolis-kutle-akis-olcerler-kutle-a","status":"publish","type":"product","link":"https:\/\/metlaninst.com\/tr\/p\/i%cc%87leri%cc%87-proses-uygulamalari-i%cc%87ci%cc%87n-coriolis-kutle-akis-olcerler-kutle-a\/","title":{"rendered":"Geli\u015fmi\u015f Proses Uygulamalar\u0131 i\u00e7in Coriolis K\u00fctle Ak\u0131\u015f \u00d6l\u00e7erler (MASS-A)"},"content":{"rendered":"<div class=\"e-con-inner\">\n<div class=\"elementor-element e-con-full e-flex e-con e-child\">\n<div class=\"elementor-widget-container\">\n<h3 class=\"elementor-heading-title elementor-size-default\">\u00d6zellikler:<\/h3>\n<\/div>\n<div class=\"elementor-widget-container\">\n<ol class=\"product-description-list\">\n<li>Hijyenik kullan\u0131m i\u00e7in sertifikal\u0131<\/li>\n<li>CIP veya SIP temizlik prosed\u00fcrlerinin desteklenmesi<\/li>\n<li>Y\u00fcksek do\u011frulukta k\u00fctle, yo\u011funluk ve hacimsel ak\u0131\u015f \u00f6l\u00e7\u00fcm\u00fc<\/li>\n<li>M\u00fc\u015fteriye \u00f6zel konstr\u00fcksiyonlarda da mevcuttur<\/li>\n<li>LCD ekran i\u00e7in \u0130ngilizce, \u0130spanyolca, Frans\u0131zca ve talep \u00fczerine di\u011fer diller mevcuttur.<\/li>\n<li>Her ak\u0131\u015f \u00f6l\u00e7er kalibre edilir ve t\u00fcm kalibrasyon verilerine kar\u015f\u0131l\u0131k gelen benzersiz bir seri numaras\u0131 atan\u0131r.<\/li>\n<\/ol>\n<\/div>\n<\/div>\n<div class=\"elementor-element e-con-full e-flex e-con e-child\">\n<div class=\"elementor-widget-container\">\n<h3 class=\"elementor-heading-title elementor-size-default\">Uygulamalar:<\/h3>\n<\/div>\n<div class=\"elementor-widget-container\">\n<h5 class=\"first\">Genel<\/h5>\n<ul class=\"product-description-list\">\n<li style=\"list-style-type: none;\">\n<ul class=\"product-description-list\">\n<li>S\u0131v\u0131lar\u0131n, gazlar\u0131n ve gazla s\u00fcr\u00fcklenen s\u0131v\u0131lar\u0131n \u00f6l\u00e7\u00fcm\u00fc<\/li>\n<li>\u00c7ok agresif, y\u00fcksek korozif veya kaymaya duyarl\u0131 ortamlar<\/li>\n<li>D\u00fc\u015f\u00fck ak\u0131\u015f h\u0131z\u0131 gerektiren \u00fcr\u00fcnler<\/li>\n<li>Homojen olmayan kar\u0131\u015f\u0131mlar<\/li>\n<li>Bulama\u00e7lar veya s\u00fcr\u00fcklenmi\u015f kat\u0131 maddeler i\u00e7eren \u00fcr\u00fcnler<\/li>\n<li>Saklama transferi (mali \u00f6l\u00e7\u00fcm)<\/li>\n<\/ul>\n<\/li>\n<\/ul>\n<h5>Kimya ve di\u011fer proses end\u00fcstrileri<\/h5>\n<ul class=\"product-description-list\">\n<li style=\"list-style-type: none;\">\n<ul class=\"product-description-list\">\n<li>Konsantrasyon, yo\u011funluk \u00f6l\u00e7\u00fcm\u00fc<\/li>\n<li>Toplu y\u00fckleme<\/li>\n<li>Reakt\u00f6rlere y\u0131\u011f\u0131nlama<\/li>\n<li>Asitler, bazlar, fosgen ve di\u011fer klor\u00fcrl\u00fc maddeler, s\u00fclf\u00fcrik maddeler<\/li>\n<\/ul>\n<\/li>\n<\/ul>\n<h5>Yiyecek ve i\u00e7ecek end\u00fcstrisi<\/h5>\n<ul class=\"product-description-list\">\n<li style=\"list-style-type: none;\">\n<ul class=\"product-description-list\">\n<li>Dozajlama, dozajlama, doldurma<\/li>\n<li>Bira \u00fcretim s\u00fcre\u00e7lerinde ak\u0131\u015f, yo\u011funluk, \u00f6zg\u00fcl a\u011f\u0131rl\u0131k \u00f6l\u00e7\u00fcm\u00fc<\/li>\n<li>\u015eerbet\u00e7iotu \u00f6z\u00fct\u00fc dozaj\u0131<\/li>\n<li>Mand\u0131ralarda s\u00fct al\u0131m\u0131, dozajlama ve ay\u0131rma i\u015flemleri<\/li>\n<li>Meyve sular\u0131nda Brix, yo\u011funluk ve ak\u0131\u015f \u00f6l\u00e7\u00fcm\u00fc<\/li>\n<li>Ya\u011fl\u0131 ve gresli \u00fcr\u00fcnler (\u00f6rne\u011fin kremal\u0131 \u0131spanak kar\u0131\u015f\u0131mlar\u0131 vb.)<\/li>\n<li>S\u0131v\u0131 \u00e7ikolata, bal, marmelat, \u015furup, dondurma vb.<\/li>\n<li>CO2 enjeksiyonu<\/li>\n<li>Alkoll\u00fc i\u00e7ecekler (viski, \u015farap, votka vb.)<\/li>\n<\/ul>\n<\/li>\n<\/ul>\n<h5>\u0130la\u00e7 end\u00fcstrisi<\/h5>\n<ul class=\"product-description-list\">\n<li style=\"list-style-type: none;\">\n<ul class=\"product-description-list\">\n<li>Dozajlama, dozajlama, doldurma<\/li>\n<li>Solvent ekstraksiyonu<\/li>\n<\/ul>\n<\/li>\n<\/ul>\n<h5>Petrol ve gaz end\u00fcstrisi<\/h5>\n<ul class=\"product-description-list\">\n<li style=\"list-style-type: none;\">\n<ul class=\"product-description-list\">\n<li>\u00d6l\u00e7\u00fcm k\u0131zaklar\u0131, d\u00f6kme ve tanker y\u00fckleme, boru hatt\u0131 transferi, hat i\u00e7i yo\u011funluk \u00f6l\u00e7\u00fcm\u00fc<\/li>\n<li>S\u0131v\u0131 hidrokarbonlar, s\u0131v\u0131la\u015ft\u0131r\u0131lm\u0131\u015f gazlar (propan vb.)<\/li>\n<\/ul>\n<\/li>\n<\/ul>\n<h5>Ka\u011f\u0131t hamuru ve ka\u011f\u0131t end\u00fcstrisi<\/h5>\n<ul class=\"product-description-list\">\n<li style=\"list-style-type: none;\">\n<ul class=\"product-description-list\">\n<li>Ka\u011f\u0131t sto\u011fu, ka\u011f\u0131t hamuru<\/li>\n<li>Kaplama mutfaklar\u0131<\/li>\n<\/ul>\n<\/li>\n<\/ul>\n<h5>Su ve at\u0131k su end\u00fcstrisi<\/h5>\n<ul class=\"product-description-list\">\n<li>Flok\u00fclant dozaj\u0131<\/li>\n<li>\u00c7amur ak\u0131\u015f\u0131 ve yo\u011funluk \u00f6l\u00e7\u00fcm\u00fc<\/li>\n<\/ul>\n<\/div>\n<\/div>\n<\/div>","protected":false},"excerpt":{"rendered":"<div class=\"short-description-head\">MASS-A, zorlu proses ve g\u00f6zetim transferi (CT) uygulamalar\u0131 i\u00e7in y\u00fcksek kaliteli bir Coriolis k\u00fctlesel ak\u0131\u015f \u00f6l\u00e7erdir. Gazlar\u0131n ve kaymaya duyarl\u0131 veya viskoz s\u0131v\u0131lar\u0131n, bulama\u00e7lar\u0131n, \u00e7ok agresif ortamlar\u0131n veya d\u00fc\u015f\u00fck ak\u0131\u015f h\u0131z\u0131na sahip ortamlar\u0131n y\u00fcksek do\u011frulukta \u00f6l\u00e7\u00fcm\u00fc s\u00f6z konusu oldu\u011funda ideal \u00e7\u00f6z\u00fcmd\u00fcr.<\/div>","protected":false},"featured_media":23344,"template":"","meta":[],"product_brand":[],"product_cat":[171,15],"product_tag":[],"class_list":{"0":"post-23332","1":"product","2":"type-product","3":"status-publish","4":"has-post-thumbnail","6":"product_cat-coriolis-flow-meters","7":"product_cat-uncategorized","9":"first","10":"instock","11":"shipping-taxable","12":"purchasable","13":"product-type-simple"},"_links":{"self":[{"href":"https:\/\/metlaninst.com\/tr\/wp-json\/wp\/v2\/product\/23332","targetHints":{"allow":["GET"]}}],"collection":[{"href":"https:\/\/metlaninst.com\/tr\/wp-json\/wp\/v2\/product"}],"about":[{"href":"https:\/\/metlaninst.com\/tr\/wp-json\/wp\/v2\/types\/product"}],"version-history":[{"count":3,"href":"https:\/\/metlaninst.com\/tr\/wp-json\/wp\/v2\/product\/23332\/revisions"}],"predecessor-version":[{"id":26152,"href":"https:\/\/metlaninst.com\/tr\/wp-json\/wp\/v2\/product\/23332\/revisions\/26152"}],"wp:featuredmedia":[{"embeddable":true,"href":"https:\/\/metlaninst.com\/tr\/wp-json\/wp\/v2\/media\/23344"}],"wp:attachment":[{"href":"https:\/\/metlaninst.com\/tr\/wp-json\/wp\/v2\/media?parent=23332"}],"wp:term":[{"taxonomy":"product_brand","embeddable":true,"href":"https:\/\/metlaninst.com\/tr\/wp-json\/wp\/v2\/product_brand?post=23332"},{"taxonomy":"product_cat","embeddable":true,"href":"https:\/\/metlaninst.com\/tr\/wp-json\/wp\/v2\/product_cat?post=23332"},{"taxonomy":"product_tag","embeddable":true,"href":"https:\/\/metlaninst.com\/tr\/wp-json\/wp\/v2\/product_tag?post=23332"}],"curies":[{"name":"wp","href":"https:\/\/api.w.org\/{rel}","templated":true}]}}