{"id":23336,"date":"2024-11-09T06:37:56","date_gmt":"2024-11-09T06:37:56","guid":{"rendered":"https:\/\/www.metlaninst.com\/?post_type=product&#038;p=23336"},"modified":"2025-04-25T09:25:23","modified_gmt":"2025-04-25T09:25:23","slug":"dusuk-akis-ve-dozaj-uygulamalari-i%cc%87ci%cc%87n-coriolis-kutlesel-akis-olcerler-kutle-l","status":"publish","type":"product","link":"https:\/\/metlaninst.com\/tr\/p\/dusuk-akis-ve-dozaj-uygulamalari-i%cc%87ci%cc%87n-coriolis-kutlesel-akis-olcerler-kutle-l\/","title":{"rendered":"D\u00fc\u015f\u00fck Debi ve Dozaj Uygulamalar\u0131 i\u00e7in Coriolis K\u00fctlesel Ak\u0131\u015f \u00d6l\u00e7erler (MASS-L)"},"content":{"rendered":"<div class=\"e-con-inner\">\n<div class=\"elementor-element e-con-full e-flex e-con e-child\">\n<div class=\"elementor-widget-container\">\n<h3 class=\"elementor-heading-title elementor-size-default\">\u00d6zellikler:<\/h3>\n<\/div>\n<div class=\"elementor-widget-container\">\n<ol class=\"product-description-list\">\n<li>Hijyenik kullan\u0131m i\u00e7in sertifikal\u0131<\/li>\n<li>CIP veya SIP temizlik prosed\u00fcrlerinin desteklenmesi<\/li>\n<li>D\u00fc\u015f\u00fck ak\u0131\u015fl\u0131 uygulamalar i\u00e7in m\u00fckemmel<\/li>\n<li>Y\u00fcksek do\u011frulukta k\u00fctle, yo\u011funluk ve hacimsel ak\u0131\u015f \u00f6l\u00e7\u00fcm\u00fc<\/li>\n<li>M\u00fc\u015fteriye \u00f6zel konstr\u00fcksiyonlarda da mevcuttur<\/li>\n<li>LCD ekran i\u00e7in \u0130ngilizce, \u0130spanyolca, Frans\u0131zca ve talep \u00fczerine di\u011fer diller mevcuttur.<\/li>\n<li>Her ak\u0131\u015f \u00f6l\u00e7er kalibre edilir ve t\u00fcm kalibrasyon verilerine kar\u015f\u0131l\u0131k gelen benzersiz bir seri numaras\u0131 atan\u0131r.<\/li>\n<\/ol>\n<\/div>\n<\/div>\n<div class=\"elementor-element e-con-full e-flex e-con e-child\">\n<div class=\"elementor-widget-container\">\n<h3 class=\"elementor-heading-title elementor-size-default\">Uygulamalar:<\/h3>\n<\/div>\n<div class=\"elementor-widget-container\">\n<h5 class=\"first\">Genel<\/h5>\n<ul class=\"product-description-list\">\n<li style=\"list-style-type: none;\">\n<ul class=\"product-description-list\">\n<li>\u00c7ok d\u00fc\u015f\u00fck debili harmanlama, dozajlama ve dolum uygulamalar\u0131<\/li>\n<li>S\u0131v\u0131lar\u0131n, gazlar\u0131n ve gazla s\u00fcr\u00fcklenen s\u0131v\u0131lar\u0131n \u00f6l\u00e7\u00fcm\u00fc<\/li>\n<\/ul>\n<\/li>\n<\/ul>\n<h5>Petrol ve gaz end\u00fcstrisi<\/h5>\n<ul class=\"product-description-list\">\n<li style=\"list-style-type: none;\">\n<ul class=\"product-description-list\">\n<li>Do\u011fal gaz ve propan kokuland\u0131rma<\/li>\n<li>Kimyasal enjeksiyon<\/li>\n<\/ul>\n<\/li>\n<\/ul>\n<h5>Kimya ve di\u011fer proses end\u00fcstrileri<\/h5>\n<ul class=\"product-description-list\">\n<li style=\"list-style-type: none;\">\n<ul class=\"product-description-list\">\n<li>D\u00fc\u015f\u00fck hacimlerde konsantrasyon ve yo\u011funluk \u00f6l\u00e7\u00fcm\u00fc<\/li>\n<li>Reakt\u00f6rlere y\u0131\u011f\u0131nlama<\/li>\n<\/ul>\n<\/li>\n<\/ul>\n<h5>\u0130la\u00e7 end\u00fcstrisi<\/h5>\n<ul class=\"product-description-list\">\n<li style=\"list-style-type: none;\">\n<ul class=\"product-description-list\">\n<li>Koku da\u011f\u0131t\u0131m\u0131 ve y\u00fcksek hassasiyetli kaplamalar<\/li>\n<li>Bile\u015fenlerin dozaj\u0131<\/li>\n<\/ul>\n<\/li>\n<\/ul>\n<h5>Yiyecek ve i\u00e7ecek end\u00fcstrisi<\/h5>\n<ul class=\"product-description-list\">\n<li style=\"list-style-type: none;\">\n<ul class=\"product-description-list\">\n<li>CO2 enjeksiyonu ve dozajlama<\/li>\n<\/ul>\n<\/li>\n<\/ul>\n<h5>Makine ve cihazlar (OEM end\u00fcstrisi)<\/h5>\n<ul class=\"product-description-list\">\n<li style=\"list-style-type: none;\">\n<ul class=\"product-description-list\">\n<li>Motor test yataklar\u0131 (\u00f6rne\u011fin otomotiv end\u00fcstrisinde)<\/li>\n<\/ul>\n<\/li>\n<\/ul>\n<h5>Ka\u011f\u0131t hamuru ve ka\u011f\u0131t end\u00fcstrisi<\/h5>\n<ul class=\"product-description-list\">\n<li>Katk\u0131 maddeleri, a\u011fart\u0131c\u0131lar ve renklendiriciler<\/li>\n<\/ul>\n<\/div>\n<\/div>\n<\/div>","protected":false},"excerpt":{"rendered":"<div class=\"short-description-head\">MASS-L, \u00e7e\u015fitli zorlu d\u00fc\u015f\u00fck ak\u0131\u015f ve dozajlama uygulamalar\u0131nda s\u0131v\u0131lar\u0131n ve gazlar\u0131n do\u011fru ak\u0131\u015f \u00f6l\u00e7\u00fcm\u00fc i\u00e7in uygun maliyetli bir Coriolis k\u00fctlesel ak\u0131\u015f \u00f6l\u00e7erdir. Bu ak\u0131\u015f \u00f6l\u00e7er ayn\u0131 zamanda CIP\/SIP temizleme prosed\u00fcrlerini destekleyen hijyenik kullan\u0131m sertifikas\u0131na sahiptir.<\/div>","protected":false},"featured_media":23346,"template":"","meta":[],"product_brand":[],"product_cat":[171,15],"product_tag":[],"class_list":{"0":"post-23336","1":"product","2":"type-product","3":"status-publish","4":"has-post-thumbnail","6":"product_cat-coriolis-flow-meters","7":"product_cat-uncategorized","9":"first","10":"instock","11":"shipping-taxable","12":"purchasable","13":"product-type-simple"},"_links":{"self":[{"href":"https:\/\/metlaninst.com\/tr\/wp-json\/wp\/v2\/product\/23336","targetHints":{"allow":["GET"]}}],"collection":[{"href":"https:\/\/metlaninst.com\/tr\/wp-json\/wp\/v2\/product"}],"about":[{"href":"https:\/\/metlaninst.com\/tr\/wp-json\/wp\/v2\/types\/product"}],"version-history":[{"count":2,"href":"https:\/\/metlaninst.com\/tr\/wp-json\/wp\/v2\/product\/23336\/revisions"}],"predecessor-version":[{"id":26154,"href":"https:\/\/metlaninst.com\/tr\/wp-json\/wp\/v2\/product\/23336\/revisions\/26154"}],"wp:featuredmedia":[{"embeddable":true,"href":"https:\/\/metlaninst.com\/tr\/wp-json\/wp\/v2\/media\/23346"}],"wp:attachment":[{"href":"https:\/\/metlaninst.com\/tr\/wp-json\/wp\/v2\/media?parent=23336"}],"wp:term":[{"taxonomy":"product_brand","embeddable":true,"href":"https:\/\/metlaninst.com\/tr\/wp-json\/wp\/v2\/product_brand?post=23336"},{"taxonomy":"product_cat","embeddable":true,"href":"https:\/\/metlaninst.com\/tr\/wp-json\/wp\/v2\/product_cat?post=23336"},{"taxonomy":"product_tag","embeddable":true,"href":"https:\/\/metlaninst.com\/tr\/wp-json\/wp\/v2\/product_tag?post=23336"}],"curies":[{"name":"wp","href":"https:\/\/api.w.org\/{rel}","templated":true}]}}