{"id":23340,"date":"2024-11-08T06:45:44","date_gmt":"2024-11-08T06:45:44","guid":{"rendered":"https:\/\/www.metlaninst.com\/?post_type=product&#038;p=23340"},"modified":"2025-04-25T09:25:36","modified_gmt":"2025-04-25T09:25:36","slug":"kri%cc%87yoji%cc%87k-uygulamalar-i%cc%87ci%cc%87n-cori%cc%87oli%cc%87s-kutle-akis-olcerler-kutle-c","status":"publish","type":"product","link":"https:\/\/metlaninst.com\/tr\/p\/kri%cc%87yoji%cc%87k-uygulamalar-i%cc%87ci%cc%87n-cori%cc%87oli%cc%87s-kutle-akis-olcerler-kutle-c\/","title":{"rendered":"Kriyojenik Uygulamalar i\u00e7in Coriolis K\u00fctle Ak\u0131\u015f \u00d6l\u00e7erler (MASS-C)"},"content":{"rendered":"<div class=\"e-con-inner\">\n<div class=\"elementor-element e-con-full e-flex e-con e-child\">\n<div class=\"elementor-widget-container\">\n<h3 class=\"elementor-heading-title elementor-size-default\">\u00d6zellikler:<\/h3>\n<\/div>\n<div class=\"elementor-widget-container\">\n<ol class=\"product-description-list\">\n<li>200\u00b0C \/ -328\u00b0F'ye kadar d\u00fc\u015f\u00fck s\u0131cakl\u0131klarda LNG gibi kriyojenik melia i\u00e7in tasarlanm\u0131\u015ft\u0131r<\/li>\n<li>G\u00fcvenlik Enstr\u00fcmanl\u0131 Sistemlerde kullan\u0131m i\u00e7in uygundur<\/li>\n<li>Y\u00fcksek do\u011frulukta k\u00fctle, yo\u011funluk ve hacimsel ak\u0131\u015f \u00f6l\u00e7\u00fcm\u00fc<\/li>\n<li>M\u00fc\u015fteriye \u00f6zel konstr\u00fcksiyonlarda da mevcuttur<\/li>\n<li>LCD ekran i\u00e7in \u0130ngilizce, \u0130spanyolca, Frans\u0131zca ve talep \u00fczerine di\u011fer diller mevcuttur.<\/li>\n<li>Her ak\u0131\u015f \u00f6l\u00e7er kalibre edilir ve t\u00fcm kalibrasyon verilerine kar\u015f\u0131l\u0131k gelen benzersiz bir seri numaras\u0131 atan\u0131r.<\/li>\n<\/ol>\n<\/div>\n<\/div>\n<div class=\"elementor-element e-con-full e-flex e-con e-child\">\n<div class=\"elementor-widget-container\">\n<h3 class=\"elementor-heading-title elementor-size-default\">Uygulamalar:<\/h3>\n<\/div>\n<div class=\"elementor-widget-container\">\n<h5 class=\"first\">Genel<\/h5>\n<ul class=\"product-description-list\">\n<li style=\"list-style-type: none;\">\n<ul class=\"product-description-list\">\n<li>200\u00b0C \/ -328\u00b0F'ye kadar kriyojenik s\u0131cakl\u0131klar<\/li>\n<li>S\u00fcper kritik gazlar<\/li>\n<li>Velayet devri (CT)<\/li>\n<li>G\u00fcvenlik Enstr\u00fcmanl\u0131 Sistemler<\/li>\n<\/ul>\n<\/li>\n<\/ul>\n<h5>Kimya ve di\u011fer proses end\u00fcstrileri<\/h5>\n<ul class=\"product-description-list\">\n<li style=\"list-style-type: none;\">\n<ul class=\"product-description-list\">\n<li>Konsantrasyon ve yo\u011funluk \u00f6l\u00e7\u00fcm\u00fc<\/li>\n<li>Toplu y\u00fckleme<\/li>\n<li>Reakt\u00f6rlere harmanlama ve kar\u0131\u015ft\u0131rma<\/li>\n<li>Hidrokarbon \u00e7atlamas\u0131<\/li>\n<\/ul>\n<\/li>\n<\/ul>\n<h5>Petrol ve gaz end\u00fcstrisi<\/h5>\n<ul class=\"product-description-list\">\n<li style=\"list-style-type: none;\">\n<ul class=\"product-description-list\">\n<li>\u00d6l\u00e7\u00fcm k\u0131zaklar\u0131, d\u00f6kme y\u00fckleme, boru hatt\u0131 transferi<\/li>\n<li>S\u0131v\u0131la\u015ft\u0131r\u0131lm\u0131\u015f Do\u011fal Gaz (LNG)<\/li>\n<li>Toplu y\u00fckleme<\/li>\n<li>Yukar\u0131 ak\u0131\u015f uygulamalar\u0131nda \u00e7ok fazl\u0131 \u00f6l\u00e7\u00fcm<\/li>\n<\/ul>\n<\/li>\n<\/ul>\n<h5>Yiyecek ve i\u00e7ecek end\u00fcstrisi<\/h5>\n<ul class=\"product-description-list\">\n<li style=\"list-style-type: none;\">\n<ul class=\"product-description-list\">\n<li>Dozajlama, dozajlama, doldurma<\/li>\n<li>Dondurma ve s\u00fct\u00fcn k\u00fctle ak\u0131\u015f \u00f6l\u00e7\u00fcm\u00fc<\/li>\n<li>Bira \u00fcretim s\u00fcre\u00e7lerinde ak\u0131\u015f, yo\u011funluk, \u00f6zg\u00fcl a\u011f\u0131rl\u0131k \u00f6l\u00e7\u00fcm\u00fc<\/li>\n<li>\u015eerbet\u00e7iotu \u00f6z\u00fct\u00fc dozaj\u0131<\/li>\n<li>Meyve sular\u0131nda Brix, yo\u011funluk ve ak\u0131\u015f \u00f6l\u00e7\u00fcm\u00fc<\/li>\n<li>Do\u011fal ya\u011flar\u0131n, gresin, sebzelerin (\u00f6rne\u011fin \u0131spanak) vb. dozlanmas\u0131<\/li>\n<li>Alkols\u00fcz i\u00e7ecek \u00fcretiminde CO2 enjeksiyonu<\/li>\n<\/ul>\n<\/li>\n<\/ul>\n<h5>\u0130la\u00e7 end\u00fcstrisi<\/h5>\n<ul class=\"product-description-list\">\n<li style=\"list-style-type: none;\">\n<ul class=\"product-description-list\">\n<li>Dozajlama, dozajlama, doldurma<\/li>\n<li>Solvent ekstraksiyonu<\/li>\n<\/ul>\n<\/li>\n<\/ul>\n<h5>Denizcilik end\u00fcstrisi<\/h5>\n<ul class=\"product-description-list\">\n<li style=\"list-style-type: none;\">\n<ul class=\"product-description-list\">\n<li>Yak\u0131t ikmali ve yak\u0131t t\u00fcketimi \u00f6l\u00e7\u00fcm\u00fc<\/li>\n<\/ul>\n<\/li>\n<\/ul>\n<h5>Ka\u011f\u0131t hamuru ve ka\u011f\u0131t end\u00fcstrisi<\/h5>\n<ul class=\"product-description-list\">\n<li>Katk\u0131 maddeleri, a\u011fart\u0131c\u0131lar ve renklendiriciler<\/li>\n<li>Kristalle\u015ftirici, kat\u0131la\u015ft\u0131r\u0131c\u0131 ve kriyojenik \u00fcr\u00fcnler<\/li>\n<\/ul>\n<\/div>\n<\/div>\n<\/div>","protected":false},"excerpt":{"rendered":"<div class=\"short-description-head\">MASS-C, proses end\u00fcstrisi i\u00e7in standart y\u00fcksek performansl\u0131 Coriolis k\u00fctlesel ak\u0131\u015f \u00f6l\u00e7erdir ve -200\u00b0C \/ -328\u00b0F'ye kadar d\u00fc\u015f\u00fck s\u0131cakl\u0131klara sahip S\u0131v\u0131la\u015ft\u0131r\u0131lm\u0131\u015f Do\u011fal Gaz (LNG) gibi kriyojenik ortamlar i\u00e7in optimum cihazd\u0131r.<\/div>","protected":false},"featured_media":23345,"template":"","meta":[],"product_brand":[],"product_cat":[171,15],"product_tag":[],"class_list":{"0":"post-23340","1":"product","2":"type-product","3":"status-publish","4":"has-post-thumbnail","6":"product_cat-coriolis-flow-meters","7":"product_cat-uncategorized","9":"first","10":"instock","11":"shipping-taxable","12":"purchasable","13":"product-type-simple"},"_links":{"self":[{"href":"https:\/\/metlaninst.com\/tr\/wp-json\/wp\/v2\/product\/23340","targetHints":{"allow":["GET"]}}],"collection":[{"href":"https:\/\/metlaninst.com\/tr\/wp-json\/wp\/v2\/product"}],"about":[{"href":"https:\/\/metlaninst.com\/tr\/wp-json\/wp\/v2\/types\/product"}],"version-history":[{"count":2,"href":"https:\/\/metlaninst.com\/tr\/wp-json\/wp\/v2\/product\/23340\/revisions"}],"predecessor-version":[{"id":26155,"href":"https:\/\/metlaninst.com\/tr\/wp-json\/wp\/v2\/product\/23340\/revisions\/26155"}],"wp:featuredmedia":[{"embeddable":true,"href":"https:\/\/metlaninst.com\/tr\/wp-json\/wp\/v2\/media\/23345"}],"wp:attachment":[{"href":"https:\/\/metlaninst.com\/tr\/wp-json\/wp\/v2\/media?parent=23340"}],"wp:term":[{"taxonomy":"product_brand","embeddable":true,"href":"https:\/\/metlaninst.com\/tr\/wp-json\/wp\/v2\/product_brand?post=23340"},{"taxonomy":"product_cat","embeddable":true,"href":"https:\/\/metlaninst.com\/tr\/wp-json\/wp\/v2\/product_cat?post=23340"},{"taxonomy":"product_tag","embeddable":true,"href":"https:\/\/metlaninst.com\/tr\/wp-json\/wp\/v2\/product_tag?post=23340"}],"curies":[{"name":"wp","href":"https:\/\/api.w.org\/{rel}","templated":true}]}}