{"id":25440,"date":"2024-12-15T04:47:16","date_gmt":"2024-12-15T04:47:16","guid":{"rendered":"https:\/\/www.metlaninst.com\/?post_type=product&#038;p=25440"},"modified":"2025-02-02T03:52:38","modified_gmt":"2025-02-02T03:52:38","slug":"yuksek-sicaklik-ortami-icin-vorteks-akis-olcer-lugbmt-h","status":"publish","type":"product","link":"https:\/\/metlaninst.com\/tr\/p\/yuksek-sicaklik-ortami-icin-vorteks-akis-olcer-lugbmt-h\/","title":{"rendered":"Y\u00fcksek S\u0131cakl\u0131k Ortam\u0131 i\u00e7in Vorteks Ak\u0131\u015f \u00d6l\u00e7er (LUGBMT-H)"},"content":{"rendered":"<div class=\"e-con-inner\">\n<div class=\"elementor-element e-con-full e-flex e-con e-child\">\n<div class=\"elementor-widget-container\">\n<h3 class=\"elementor-heading-title elementor-size-default\">\u00d6zellikler:<\/h3>\n<\/div>\n<div class=\"elementor-widget-container\">\n<div>\n<ol>\n<li data-zone-id=\"0\" data-line-index=\"0\" data-line=\"true\">400\u00b0C \/ +750\u00b0F'ye kadar y\u00fcksek s\u0131cakl\u0131k uygulamalar\u0131 i\u00e7in<\/li>\n<li data-zone-id=\"0\" data-line-index=\"1\" data-line=\"true\">Renkler ve g\u00f6r\u00fcn\u00fcm iste\u011fe g\u00f6re \u00f6zelle\u015ftirilebilir<b><\/b><\/li>\n<li data-zone-id=\"0\" data-line-index=\"2\" data-line=\"true\">M\u00fc\u015fteriye \u00f6zel konstr\u00fcksiyonlarda da mevcuttur<\/li>\n<li data-zone-id=\"0\" data-line-index=\"3\" data-line=\"true\">LCD ekran i\u00e7in \u0130ngilizce, \u0130spanyolca, Frans\u0131zca ve talep \u00fczerine di\u011fer diller mevcuttur.<\/li>\n<li data-zone-id=\"0\" data-line-index=\"4\" data-line=\"true\">Her ak\u0131\u015f \u00f6l\u00e7er kalibre edilir ve t\u00fcm kalibrasyon verilerine kar\u015f\u0131l\u0131k gelen benzersiz bir seri numaras\u0131 atan\u0131r.<\/li>\n<\/ol>\n<\/div>\n<\/div>\n<\/div>\n<div class=\"elementor-element e-con-full e-flex e-con e-child\">\n<div class=\"elementor-widget-container\">\n<h3 class=\"elementor-heading-title elementor-size-default\">Uygulamalar:<\/h3>\n<\/div>\n<div class=\"elementor-widget-container\">\n<h5 class=\"first\">Genel<\/h5>\n<div>\n<ul>\n<li data-zone-id=\"0\" data-line-index=\"0\" data-line=\"true\">250\u00b0C \/ +482\u00b0F \u00fczerindeki (iletken olmayan) ortamlar\u0131n \u00f6l\u00e7\u00fcm\u00fc<\/li>\n<li data-zone-id=\"0\" data-line-index=\"0\" data-line=\"true\">S\u0131cak su devrelerinin izlenmesi<\/li>\n<li data-zone-id=\"0\" data-line-index=\"2\" data-line=\"true\">Y\u00fcksek s\u0131cakl\u0131ktaki end\u00fcstriyel gazlar\u0131n t\u00fcketiminin \u00f6l\u00e7\u00fcm\u00fc<\/li>\n<\/ul>\n<\/div>\n<h5>Kimya ve petrokimya end\u00fcstrileri<\/h5>\n<div>\n<ul>\n<li data-zone-id=\"0\" data-line-index=\"0\" data-line=\"true\">Buharl\u0131 krakerlerin izlenmesi<\/li>\n<li data-zone-id=\"0\" data-line-index=\"0\" data-line=\"true\">250\u00b0C \/ +482\u00b0F \u00fczerinde s\u0131cak azot \u00f6l\u00e7\u00fcm\u00fc<\/li>\n<li data-zone-id=\"0\" data-line-index=\"2\" data-line=\"true\">Proses sistemlerinden nemin uzakla\u015ft\u0131r\u0131lmas\u0131<\/li>\n<\/ul>\n<\/div>\n<h5>Konvansiyonel ve yenilenebilir enerji end\u00fcstrisi<\/h5>\n<div>\n<ul>\n<li data-zone-id=\"0\" data-line-index=\"0\" data-line=\"true\">Buhar ve kondensat\u0131n izlenmesi<\/li>\n<\/ul>\n<\/div>\n<h5>Demir, \u00e7elik ve metal end\u00fcstrisi<\/h5>\n<ul>\n<li>Y\u00fcksek f\u0131r\u0131nda so\u011futma suyunun izlenmesi<\/li>\n<\/ul>\n<h5>Yiyecek ve i\u00e7ecek end\u00fcstrisi<\/h5>\n<ul>\n<li>Buhar kazan\u0131 izleme<\/li>\n<\/ul>\n<\/div>\n<\/div>\n<\/div>","protected":false},"excerpt":{"rendered":"<div class=\"short-description-head\">\n<div>\n<div data-zone-id=\"0\" data-line-index=\"0\" data-line=\"true\">LUGBMT-H, +400\u00b0C \/ +750\u00b0F'ye kadar y\u00fcksek s\u0131cakl\u0131k uygulamalar\u0131 i\u00e7in bir Vorteks ak\u0131\u015f \u00f6l\u00e7erdir. Bu ak\u0131\u015f \u00f6l\u00e7er \u00f6zellikle +240\u00b0C \/ +464\u00b0F \u00fczerindeki doymu\u015f ve a\u015f\u0131r\u0131 \u0131s\u0131t\u0131lm\u0131\u015f buhar\u0131n \u00f6l\u00e7\u00fcm\u00fc i\u00e7in tasarlanm\u0131\u015ft\u0131r. Di\u011fer uygulamalar, termo ya\u011f veya di\u011fer \u0131s\u0131 transfer s\u0131v\u0131lar\u0131 gibi y\u00fcksek s\u0131cakl\u0131ktaki ortamlar\u0131n yan\u0131 s\u0131ra y\u00fcksek s\u0131cakl\u0131ktaki proses ve yard\u0131mc\u0131 gazlar\u0131 i\u00e7erir.<\/div>\n<\/div>\n<\/div>","protected":false},"featured_media":25444,"template":"","meta":[],"product_brand":[],"product_cat":[121,208,205,164,166],"product_tag":[],"class_list":{"0":"post-25440","1":"product","2":"type-product","3":"status-publish","4":"has-post-thumbnail","6":"product_cat-vortex-flow-meters","7":"product_cat-gas-flow-meters","8":"product_cat-steam-flow-meters","9":"product_cat-air-flow-meters","10":"product_cat-liquid-flow-meters","12":"first","13":"instock","14":"shipping-taxable","15":"purchasable","16":"product-type-simple"},"_links":{"self":[{"href":"https:\/\/metlaninst.com\/tr\/wp-json\/wp\/v2\/product\/25440","targetHints":{"allow":["GET"]}}],"collection":[{"href":"https:\/\/metlaninst.com\/tr\/wp-json\/wp\/v2\/product"}],"about":[{"href":"https:\/\/metlaninst.com\/tr\/wp-json\/wp\/v2\/types\/product"}],"version-history":[{"count":3,"href":"https:\/\/metlaninst.com\/tr\/wp-json\/wp\/v2\/product\/25440\/revisions"}],"predecessor-version":[{"id":25446,"href":"https:\/\/metlaninst.com\/tr\/wp-json\/wp\/v2\/product\/25440\/revisions\/25446"}],"wp:featuredmedia":[{"embeddable":true,"href":"https:\/\/metlaninst.com\/tr\/wp-json\/wp\/v2\/media\/25444"}],"wp:attachment":[{"href":"https:\/\/metlaninst.com\/tr\/wp-json\/wp\/v2\/media?parent=25440"}],"wp:term":[{"taxonomy":"product_brand","embeddable":true,"href":"https:\/\/metlaninst.com\/tr\/wp-json\/wp\/v2\/product_brand?post=25440"},{"taxonomy":"product_cat","embeddable":true,"href":"https:\/\/metlaninst.com\/tr\/wp-json\/wp\/v2\/product_cat?post=25440"},{"taxonomy":"product_tag","embeddable":true,"href":"https:\/\/metlaninst.com\/tr\/wp-json\/wp\/v2\/product_tag?post=25440"}],"curies":[{"name":"wp","href":"https:\/\/api.w.org\/{rel}","templated":true}]}}