{"id":25448,"date":"2024-12-15T05:03:38","date_gmt":"2024-12-15T05:03:38","guid":{"rendered":"https:\/\/www.metlaninst.com\/?post_type=product&#038;p=25448"},"modified":"2025-02-02T03:52:06","modified_gmt":"2025-02-02T03:52:06","slug":"yuksek-basincli-lugbmt-p-icin-vorteks-akis-olcer","status":"publish","type":"product","link":"https:\/\/metlaninst.com\/tr\/p\/yuksek-basincli-lugbmt-p-icin-vorteks-akis-olcer\/","title":{"rendered":"Y\u00fcksek Bas\u0131n\u00e7 i\u00e7in Vorteks Ak\u0131\u015f \u00d6l\u00e7er (LUGBMT-P)"},"content":{"rendered":"<div class=\"e-con-inner\">\n<div class=\"elementor-element e-con-full e-flex e-con e-child\">\n<div class=\"elementor-widget-container\">\n<h3 class=\"elementor-heading-title elementor-size-default\">\u00d6zellikler:<\/h3>\n<\/div>\n<div class=\"elementor-widget-container\">\n<ol>\n<li data-zone-id=\"0\" data-line-index=\"0\" data-line=\"true\">Y\u00fcksek proses bas\u0131nc\u0131 250 bar'a (3625,95 psi) kadar olan uygulamalar i\u00e7in uzman<\/li>\n<li data-zone-id=\"0\" data-line-index=\"1\" data-line=\"true\">Renkler ve g\u00f6r\u00fcn\u00fcm iste\u011fe g\u00f6re \u00f6zelle\u015ftirilebilir<b><\/b><\/li>\n<li data-zone-id=\"0\" data-line-index=\"2\" data-line=\"true\">M\u00fc\u015fteriye \u00f6zel konstr\u00fcksiyonlarda da mevcuttur<\/li>\n<li data-zone-id=\"0\" data-line-index=\"3\" data-line=\"true\">LCD ekran i\u00e7in \u0130ngilizce, \u0130spanyolca, Frans\u0131zca ve talep \u00fczerine di\u011fer diller mevcuttur.<\/li>\n<li data-zone-id=\"0\" data-line-index=\"4\" data-line=\"true\">Her ak\u0131\u015f \u00f6l\u00e7er kalibre edilir ve t\u00fcm kalibrasyon verilerine kar\u015f\u0131l\u0131k gelen benzersiz bir seri numaras\u0131 atan\u0131r.<\/li>\n<\/ol>\n<\/div>\n<\/div>\n<div class=\"elementor-element e-con-full e-flex e-con e-child\">\n<div class=\"elementor-widget-container\">\n<h3 class=\"elementor-heading-title elementor-size-default\">Uygulamalar:<\/h3>\n<\/div>\n<div class=\"elementor-widget-container\">\n<h5 class=\"first\">Genel<\/h5>\n<div>\n<ul>\n<li data-zone-id=\"0\" data-line-index=\"0\" data-line=\"true\">Gazlar ve buhar ile y\u00fcksek bas\u0131n\u00e7l\u0131 uygulamalar i\u00e7in uygundur<\/li>\n<li data-zone-id=\"0\" data-line-index=\"0\" data-line=\"true\">Proses sistemlerinde s\u0131cakl\u0131k ve bas\u0131n\u00e7 kontrol\u00fc i\u00e7in entegre \u00f6l\u00e7\u00fcm<\/li>\n<li data-zone-id=\"0\" data-line-index=\"0\" data-line=\"true\">Buhar ve gaz proseslerinin y\u00fcksek do\u011frulukla izlenmesi<\/li>\n<\/ul>\n<\/div>\n<h5>Petrol ve Gaz, Kimya<\/h5>\n<div>\n<ul>\n<li data-zone-id=\"0\" data-line-index=\"0\" data-line=\"true\">Proses gazlar\u0131n\u0131n ve buhar\u0131n y\u00fcksek bas\u0131n\u00e7 alt\u0131nda izlenmesi<\/li>\n<li data-zone-id=\"0\" data-line-index=\"0\" data-line=\"true\">Rafinerilerde ve petrokimya tesislerinde buhar \u00f6l\u00e7\u00fcm\u00fc<\/li>\n<\/ul>\n<\/div>\n<h5>Enerji End\u00fcstrisi<\/h5>\n<div>\n<ul>\n<li data-zone-id=\"0\" data-line-index=\"0\" data-line=\"true\">Konvansiyonel ve yenilenebilir enerji santrallerinde buhar ve kondensat kontrol\u00fc<\/li>\n<\/ul>\n<\/div>\n<h5>Demir, \u00e7elik ve metal end\u00fcstrisi<\/h5>\n<ul>\n<li>So\u011futma proseslerinde buhar \u00f6l\u00e7\u00fcm\u00fc<\/li>\n<\/ul>\n<h5>Denizcilik ve Offshore<\/h5>\n<ul>\n<li>Denizcilik uygulamalar\u0131nda buhar y\u00f6netimi, zorlu ortamlar i\u00e7in uygun<\/li>\n<\/ul>\n<\/div>\n<\/div>\n<\/div>","protected":false},"excerpt":{"rendered":"<div class=\"short-description-head\">\n<div data-zone-id=\"0\" data-line-index=\"0\" data-line=\"true\">LUGBMT-P, 250 bar'a (3625,95 psi) kadar y\u00fcksek bas\u0131n\u00e7l\u0131 birle\u015ftirme borular\u0131 i\u00e7in Vorteks ak\u0131\u015f \u00f6l\u00e7erdir. Ak\u0131\u015f \u00f6l\u00e7er, y\u00fcksek proses bas\u0131nc\u0131na sahip zorlu gaz ve buhar uygulamalar\u0131nda g\u00fcvenilir proses kontrol\u00fc i\u00e7in idealdir.<\/div>\n<\/div>","protected":false},"featured_media":25452,"template":"","meta":[],"product_brand":[],"product_cat":[121,208,205,164,166],"product_tag":[],"class_list":{"0":"post-25448","1":"product","2":"type-product","3":"status-publish","4":"has-post-thumbnail","6":"product_cat-vortex-flow-meters","7":"product_cat-gas-flow-meters","8":"product_cat-steam-flow-meters","9":"product_cat-air-flow-meters","10":"product_cat-liquid-flow-meters","12":"first","13":"instock","14":"shipping-taxable","15":"purchasable","16":"product-type-simple"},"_links":{"self":[{"href":"https:\/\/metlaninst.com\/tr\/wp-json\/wp\/v2\/product\/25448","targetHints":{"allow":["GET"]}}],"collection":[{"href":"https:\/\/metlaninst.com\/tr\/wp-json\/wp\/v2\/product"}],"about":[{"href":"https:\/\/metlaninst.com\/tr\/wp-json\/wp\/v2\/types\/product"}],"version-history":[{"count":1,"href":"https:\/\/metlaninst.com\/tr\/wp-json\/wp\/v2\/product\/25448\/revisions"}],"predecessor-version":[{"id":25457,"href":"https:\/\/metlaninst.com\/tr\/wp-json\/wp\/v2\/product\/25448\/revisions\/25457"}],"wp:featuredmedia":[{"embeddable":true,"href":"https:\/\/metlaninst.com\/tr\/wp-json\/wp\/v2\/media\/25452"}],"wp:attachment":[{"href":"https:\/\/metlaninst.com\/tr\/wp-json\/wp\/v2\/media?parent=25448"}],"wp:term":[{"taxonomy":"product_brand","embeddable":true,"href":"https:\/\/metlaninst.com\/tr\/wp-json\/wp\/v2\/product_brand?post=25448"},{"taxonomy":"product_cat","embeddable":true,"href":"https:\/\/metlaninst.com\/tr\/wp-json\/wp\/v2\/product_cat?post=25448"},{"taxonomy":"product_tag","embeddable":true,"href":"https:\/\/metlaninst.com\/tr\/wp-json\/wp\/v2\/product_tag?post=25448"}],"curies":[{"name":"wp","href":"https:\/\/api.w.org\/{rel}","templated":true}]}}