{"id":25462,"date":"2024-12-25T05:56:08","date_gmt":"2024-12-25T05:56:08","guid":{"rendered":"https:\/\/www.metlaninst.com\/?post_type=product&#038;p=25462"},"modified":"2025-02-02T03:46:16","modified_gmt":"2025-02-02T03:46:16","slug":"vorteks-akis-olcerler-lugbmt-100","status":"publish","type":"product","link":"https:\/\/metlaninst.com\/tr\/p\/vorteks-akis-olcerler-lugbmt-100\/","title":{"rendered":"Vorteks Ak\u0131\u015f \u00d6l\u00e7erler (LUGBMT-100)"},"content":{"rendered":"<div class=\"e-con-inner\">\n<div class=\"elementor-element e-con-full e-flex e-con e-child\">\n<div class=\"elementor-widget-container\">\n<h3 class=\"elementor-heading-title elementor-size-default\">\u00d6zellikler:<\/h3>\n<\/div>\n<div class=\"elementor-widget-container\">\n<ol>\n<li data-zone-id=\"0\" data-line-index=\"0\" data-line=\"true\">Y\u00fcksek s\u0131cakl\u0131k ve y\u00fcksek bas\u0131n\u00e7 versiyonlar\u0131 mevcuttur<\/li>\n<li data-zone-id=\"0\" data-line-index=\"1\" data-line=\"true\">Renkler ve g\u00f6r\u00fcn\u00fcm iste\u011fe g\u00f6re \u00f6zelle\u015ftirilebilir<b><\/b><\/li>\n<li data-zone-id=\"0\" data-line-index=\"2\" data-line=\"true\">M\u00fc\u015fteriye \u00f6zel konstr\u00fcksiyonlarda da mevcuttur<\/li>\n<li data-zone-id=\"0\" data-line-index=\"3\" data-line=\"true\">LCD ekran i\u00e7in \u0130ngilizce, \u0130spanyolca, Frans\u0131zca ve talep \u00fczerine di\u011fer diller mevcuttur.<\/li>\n<li data-zone-id=\"0\" data-line-index=\"4\" data-line=\"true\">Her ak\u0131\u015f \u00f6l\u00e7er kalibre edilir ve t\u00fcm kalibrasyon verilerine kar\u015f\u0131l\u0131k gelen benzersiz bir seri numaras\u0131 atan\u0131r.<\/li>\n<\/ol>\n<\/div>\n<\/div>\n<div class=\"elementor-element e-con-full e-flex e-con e-child\">\n<div class=\"elementor-widget-container\">\n<h3 class=\"elementor-heading-title elementor-size-default\">Uygulamalar:<\/h3>\n<\/div>\n<div class=\"elementor-widget-container\">\n<h5 class=\"first\">Genel<\/h5>\n<div>\n<ul>\n<li data-zone-id=\"0\" data-line-index=\"0\" data-line=\"true\">Yard\u0131mc\u0131 uygulamalar: Yard\u0131mc\u0131 ve besleme devrelerinde enerji da\u011f\u0131t\u0131m\u0131<\/li>\n<li data-zone-id=\"0\" data-line-index=\"0\" data-line=\"true\">(\u0130letken olmayan) s\u0131v\u0131lar\u0131n, gazlar\u0131n, doymu\u015f ve k\u0131zg\u0131n buhar\u0131n \u00f6l\u00e7\u00fcm\u00fc<\/li>\n<li data-zone-id=\"0\" data-line-index=\"0\" data-line=\"true\">Buhar ve s\u0131cak suyun br\u00fct\/net \u0131s\u0131 \u00f6l\u00e7\u00fcm\u00fc<\/li>\n<li data-zone-id=\"0\" data-line-index=\"0\" data-line=\"true\">End\u00fcstriyel gazlar\u0131n (do\u011fal gaz, azot vb.) t\u00fcketiminin \u00f6l\u00e7\u00fclmesi<\/li>\n<li data-zone-id=\"0\" data-line-index=\"0\" data-line=\"true\">Bas\u0131n\u00e7l\u0131 hava sistemlerinde t\u00fcketim \u00f6l\u00e7\u00fcm\u00fc<\/li>\n<\/ul>\n<\/div>\n<h5>Kimya ve di\u011fer proses end\u00fcstrileri<\/h5>\n<div>\n<ul>\n<li data-zone-id=\"0\" data-line-index=\"0\" data-line=\"true\">Hidrokarbonlar, termal ya\u011flar vb.<\/li>\n<li data-zone-id=\"0\" data-line-index=\"0\" data-line=\"true\">\u00c7\u00f6z\u00fcc\u00fcler<\/li>\n<li data-zone-id=\"0\" data-line-index=\"0\" data-line=\"true\">Tuzdan ar\u0131nd\u0131r\u0131lm\u0131\u015f su<\/li>\n<li data-zone-id=\"0\" data-line-index=\"0\" data-line=\"true\">Gazlar, kaynak gazlar\u0131, buhar<\/li>\n<li data-zone-id=\"0\" data-line-index=\"0\" data-line=\"true\">Petrokimya \u00fcr\u00fcnleri (benzen, etilen, vb.)<\/li>\n<\/ul>\n<\/div>\n<h5>Demir, \u00e7elik ve metal end\u00fcstrisi<\/h5>\n<div>\n<ul>\n<li data-zone-id=\"0\" data-line-index=\"0\" data-line=\"true\">So\u011futma devreleri<\/li>\n<li data-zone-id=\"0\" data-line-index=\"0\" data-line=\"true\">Bas\u0131n\u00e7l\u0131 hava<\/li>\n<li data-zone-id=\"0\" data-line-index=\"0\" data-line=\"true\">\u0130nert gazlar<\/li>\n<li data-zone-id=\"0\" data-line-index=\"0\" data-line=\"true\">Oksijen<\/li>\n<li data-zone-id=\"0\" data-line-index=\"0\" data-line=\"true\">Do\u011fal gaz<\/li>\n<li data-zone-id=\"0\" data-line-index=\"0\" data-line=\"true\">Buhar<\/li>\n<\/ul>\n<\/div>\n<h5>Yiyecek ve i\u00e7ecek end\u00fcstrisi<\/h5>\n<ul>\n<li>Ar\u0131t\u0131lm\u0131\u015f ve tuzdan ar\u0131nd\u0131r\u0131lm\u0131\u015f su<\/li>\n<li>CO2<\/li>\n<li>Br\u00fcl\u00f6r t\u00fcketimi<\/li>\n<li>Buhar<\/li>\n<\/ul>\n<h5>Ka\u011f\u0131t hamuru ve ka\u011f\u0131t end\u00fcstrisi<\/h5>\n<ul>\n<li>Bas\u0131n\u00e7l\u0131 hava, buhar vb.<\/li>\n<\/ul>\n<h5>Petrol ve gaz end\u00fcstrisi<\/h5>\n<ul>\n<li>Petrokimya \u00fcr\u00fcnleri (benzen, etilen, buhar, vb.)<\/li>\n<li>Do\u011fal gaz<\/li>\n<\/ul>\n<\/div>\n<\/div>\n<\/div>","protected":false},"excerpt":{"rendered":"<div class=\"short-description-head\">\n<div data-zone-id=\"0\" data-line-index=\"0\" data-line=\"true\">LUGBMT-100 vorteks ak\u0131\u015f \u00f6l\u00e7er, buhar\u0131n yan\u0131 s\u0131ra \u00e7e\u015fitli s\u0131v\u0131 ve gazlar\u0131n \u00f6l\u00e7\u00fcm\u00fc i\u00e7in uygundur. Tercih etti\u011finiz ak\u0131\u015f \u00f6l\u00e7eri burada uygulamalar\u0131n\u0131za ve end\u00fcstrilerinize g\u00f6re \u00f6zelle\u015ftirin ve l\u00fctfen renklerin ve g\u00f6r\u00fcn\u00fcm\u00fcn istendi\u011fi gibi ki\u015fiselle\u015ftirilebilece\u011fini unutmay\u0131n.<\/div>\n<\/div>","protected":false},"featured_media":25453,"template":"","meta":[],"product_brand":[],"product_cat":[121,205,164,166,163],"product_tag":[],"class_list":{"0":"post-25462","1":"product","2":"type-product","3":"status-publish","4":"has-post-thumbnail","6":"product_cat-vortex-flow-meters","7":"product_cat-steam-flow-meters","8":"product_cat-air-flow-meters","9":"product_cat-liquid-flow-meters","10":"product_cat-water-flow-meters","12":"first","13":"instock","14":"shipping-taxable","15":"purchasable","16":"product-type-simple"},"_links":{"self":[{"href":"https:\/\/metlaninst.com\/tr\/wp-json\/wp\/v2\/product\/25462","targetHints":{"allow":["GET"]}}],"collection":[{"href":"https:\/\/metlaninst.com\/tr\/wp-json\/wp\/v2\/product"}],"about":[{"href":"https:\/\/metlaninst.com\/tr\/wp-json\/wp\/v2\/types\/product"}],"version-history":[{"count":1,"href":"https:\/\/metlaninst.com\/tr\/wp-json\/wp\/v2\/product\/25462\/revisions"}],"predecessor-version":[{"id":25465,"href":"https:\/\/metlaninst.com\/tr\/wp-json\/wp\/v2\/product\/25462\/revisions\/25465"}],"wp:featuredmedia":[{"embeddable":true,"href":"https:\/\/metlaninst.com\/tr\/wp-json\/wp\/v2\/media\/25453"}],"wp:attachment":[{"href":"https:\/\/metlaninst.com\/tr\/wp-json\/wp\/v2\/media?parent=25462"}],"wp:term":[{"taxonomy":"product_brand","embeddable":true,"href":"https:\/\/metlaninst.com\/tr\/wp-json\/wp\/v2\/product_brand?post=25462"},{"taxonomy":"product_cat","embeddable":true,"href":"https:\/\/metlaninst.com\/tr\/wp-json\/wp\/v2\/product_cat?post=25462"},{"taxonomy":"product_tag","embeddable":true,"href":"https:\/\/metlaninst.com\/tr\/wp-json\/wp\/v2\/product_tag?post=25462"}],"curies":[{"name":"wp","href":"https:\/\/api.w.org\/{rel}","templated":true}]}}