{"id":25474,"date":"2024-12-15T06:26:16","date_gmt":"2024-12-15T06:26:16","guid":{"rendered":"https:\/\/www.metlaninst.com\/?post_type=product&#038;p=25474"},"modified":"2025-02-02T03:51:40","modified_gmt":"2025-02-02T03:51:40","slug":"yuksek-basincli-sivi-turbi%cc%87n-debimetre-lwgymt-p","status":"publish","type":"product","link":"https:\/\/metlaninst.com\/tr\/p\/yuksek-basincli-sivi-turbi%cc%87n-debimetre-lwgymt-p\/","title":{"rendered":"Y\u00fcksek Bas\u0131n\u00e7l\u0131 S\u0131v\u0131 T\u00fcrbin Ak\u0131\u015f \u00d6l\u00e7er (LWGYMT-P)"},"content":{"rendered":"<div class=\"e-con-inner\">\n<div class=\"elementor-element e-con-full e-flex e-con e-child\">\n<div class=\"elementor-widget-container\">\n<h3 class=\"elementor-heading-title elementor-size-default\">\u00d6zellikler:<\/h3>\n<\/div>\n<div class=\"elementor-widget-container\">\n<ol>\n<li data-zone-id=\"0\" data-line-index=\"0\" data-line=\"true\">250 bar'a (3625,95 psi) kadar y\u00fcksek bas\u0131n\u00e7 uygulamalar\u0131 i\u00e7in<\/li>\n<li data-zone-id=\"0\" data-line-index=\"1\" data-line=\"true\">Renkler ve g\u00f6r\u00fcn\u00fcm iste\u011fe g\u00f6re \u00f6zelle\u015ftirilebilir<b><\/b><\/li>\n<li data-zone-id=\"0\" data-line-index=\"2\" data-line=\"true\">M\u00fc\u015fteriye \u00f6zel konstr\u00fcksiyonlarda da mevcuttur<\/li>\n<li data-zone-id=\"0\" data-line-index=\"3\" data-line=\"true\">LCD ekran i\u00e7in \u0130ngilizce, \u0130spanyolca, Frans\u0131zca ve talep \u00fczerine di\u011fer diller mevcuttur.<\/li>\n<li data-zone-id=\"0\" data-line-index=\"4\" data-line=\"true\">Her ak\u0131\u015f \u00f6l\u00e7er kalibre edilir ve t\u00fcm kalibrasyon verilerine kar\u015f\u0131l\u0131k gelen benzersiz bir seri numaras\u0131 atan\u0131r.<\/li>\n<\/ol>\n<\/div>\n<\/div>\n<div class=\"elementor-element e-con-full e-flex e-con e-child\">\n<div class=\"elementor-widget-container\">\n<h3 class=\"elementor-heading-title elementor-size-default\">Uygulamalar:<\/h3>\n<\/div>\n<div class=\"elementor-widget-container\">\n<h5 class=\"first\">Genel<\/h5>\n<div>\n<ul>\n<li data-zone-id=\"0\" data-line-index=\"0\" data-line=\"true\">PN250'ye kadar y\u00fcksek bas\u0131n\u00e7l\u0131 s\u0131v\u0131 ak\u0131\u015f\u0131n\u0131n \u00f6l\u00e7\u00fcm\u00fc<\/li>\n<li data-zone-id=\"0\" data-line-index=\"0\" data-line=\"true\">4\u00b0F ile +248\u00b0F aras\u0131nda de\u011fi\u015fen s\u0131cakl\u0131klar i\u00e7in uygundur<\/li>\n<li data-zone-id=\"0\" data-line-index=\"0\" data-line=\"true\">Kritik ak\u0131\u015f kontrol uygulamalar\u0131 i\u00e7in hassas \u00f6l\u00e7\u00fcm<\/li>\n<\/ul>\n<\/div>\n<h5>Petrol ve Gaz End\u00fcstrisi<\/h5>\n<div>\n<ul>\n<li data-zone-id=\"0\" data-line-index=\"0\" data-line=\"true\">Kuyu a\u00e7ma ve \u00e7\u0131karma s\u0131ras\u0131nda y\u00fcksek bas\u0131n\u00e7l\u0131 ak\u0131\u015fkanlar\u0131n izlenmesi<\/li>\n<li data-zone-id=\"0\" data-line-index=\"0\" data-line=\"true\">Petrol sahalar\u0131nda y\u00fcksek bas\u0131n\u00e7l\u0131 enjeksiyon s\u0131v\u0131lar\u0131n\u0131n \u00f6l\u00e7\u00fcm\u00fc<\/li>\n<\/ul>\n<\/div>\n<h5>End\u00fcstriyel \u00dcretim<\/h5>\n<div>\n<ul>\n<li data-zone-id=\"0\" data-line-index=\"0\" data-line=\"true\">Y\u00fcksek bas\u0131n\u00e7l\u0131 so\u011futma s\u0131v\u0131s\u0131 ve ya\u011flay\u0131c\u0131 ak\u0131\u015f\u0131n\u0131n kontrol\u00fc<\/li>\n<li data-zone-id=\"0\" data-line-index=\"0\" data-line=\"true\">Y\u00fcksek stresli \u00fcretim ortamlar\u0131nda s\u00fcre\u00e7 izleme<\/li>\n<\/ul>\n<\/div>\n<h5>Enerji \u00dcretimi<\/h5>\n<ul>\n<li>Enerji santrallerinde y\u00fcksek bas\u0131n\u00e7l\u0131 su ve s\u0131v\u0131 izleme<\/li>\n<\/ul>\n<\/div>\n<\/div>\n<\/div>","protected":false},"excerpt":{"rendered":"<div class=\"short-description-head\">\n<div data-zone-id=\"0\" data-line-index=\"0\" data-line=\"true\">LWGYMT-P t\u00fcrbin ak\u0131\u015f \u00f6l\u00e7er, 250 bar'a (3625,95 psi) kadar zorlu y\u00fcksek bas\u0131n\u00e7 uygulamalar\u0131nda g\u00fcvenle \u00e7al\u0131\u015fmak \u00fczere \u00f6zel olarak tasarlanm\u0131\u015ft\u0131r. Bu ak\u0131\u015f \u00f6l\u00e7er paslanmaz \u00e7elik konstr\u00fcksiyon ve flan\u015fl\u0131 ba\u011flant\u0131dan olu\u015fur. Di\u011fer ba\u011flant\u0131lar i\u00e7in bizimle ileti\u015fime ge\u00e7in.<\/div>\n<\/div>","protected":false},"featured_media":25541,"template":"","meta":[],"product_brand":[],"product_cat":[120,166],"product_tag":[],"class_list":{"0":"post-25474","1":"product","2":"type-product","3":"status-publish","4":"has-post-thumbnail","6":"product_cat-turbine-flow-meters","7":"product_cat-liquid-flow-meters","9":"first","10":"instock","11":"shipping-taxable","12":"purchasable","13":"product-type-simple"},"_links":{"self":[{"href":"https:\/\/metlaninst.com\/tr\/wp-json\/wp\/v2\/product\/25474","targetHints":{"allow":["GET"]}}],"collection":[{"href":"https:\/\/metlaninst.com\/tr\/wp-json\/wp\/v2\/product"}],"about":[{"href":"https:\/\/metlaninst.com\/tr\/wp-json\/wp\/v2\/types\/product"}],"version-history":[{"count":2,"href":"https:\/\/metlaninst.com\/tr\/wp-json\/wp\/v2\/product\/25474\/revisions"}],"predecessor-version":[{"id":25489,"href":"https:\/\/metlaninst.com\/tr\/wp-json\/wp\/v2\/product\/25474\/revisions\/25489"}],"wp:featuredmedia":[{"embeddable":true,"href":"https:\/\/metlaninst.com\/tr\/wp-json\/wp\/v2\/media\/25541"}],"wp:attachment":[{"href":"https:\/\/metlaninst.com\/tr\/wp-json\/wp\/v2\/media?parent=25474"}],"wp:term":[{"taxonomy":"product_brand","embeddable":true,"href":"https:\/\/metlaninst.com\/tr\/wp-json\/wp\/v2\/product_brand?post=25474"},{"taxonomy":"product_cat","embeddable":true,"href":"https:\/\/metlaninst.com\/tr\/wp-json\/wp\/v2\/product_cat?post=25474"},{"taxonomy":"product_tag","embeddable":true,"href":"https:\/\/metlaninst.com\/tr\/wp-json\/wp\/v2\/product_tag?post=25474"}],"curies":[{"name":"wp","href":"https:\/\/api.w.org\/{rel}","templated":true}]}}