{"id":25490,"date":"2024-12-15T06:38:39","date_gmt":"2024-12-15T06:38:39","guid":{"rendered":"https:\/\/www.metlaninst.com\/?post_type=product&#038;p=25490"},"modified":"2025-02-11T15:26:26","modified_gmt":"2025-02-11T15:26:26","slug":"dusuk-akisli-sivi-turbi%cc%87n-debimetre-lwgymt-f","status":"publish","type":"product","link":"https:\/\/metlaninst.com\/tr\/p\/dusuk-akisli-sivi-turbi%cc%87n-debimetre-lwgymt-f\/","title":{"rendered":"D\u00fc\u015f\u00fck Ak\u0131\u015fl\u0131 S\u0131v\u0131 T\u00fcrbin Ak\u0131\u015f \u00d6l\u00e7er (LWGYMT-F)"},"content":{"rendered":"<div class=\"e-con-inner\">\n<div class=\"elementor-element e-con-full e-flex e-con e-child\">\n<div class=\"elementor-widget-container\">\n<h3 class=\"elementor-heading-title elementor-size-default\">\u00d6zellikler:<\/h3>\n<\/div>\n<div class=\"elementor-widget-container\">\n<ol>\n<li data-zone-id=\"0\" data-line-index=\"0\" data-line=\"true\">D\u00fc\u015f\u00fck ak\u0131\u015fl\u0131 uygulamalar i\u00e7in \u00f6zel olarak tasarlanm\u0131\u015ft\u0131r<\/li>\n<li data-zone-id=\"0\" data-line-index=\"1\" data-line=\"true\">Renkler ve g\u00f6r\u00fcn\u00fcm iste\u011fe g\u00f6re \u00f6zelle\u015ftirilebilir<b><\/b><\/li>\n<li data-zone-id=\"0\" data-line-index=\"2\" data-line=\"true\">M\u00fc\u015fteriye \u00f6zel konstr\u00fcksiyonlarda da mevcuttur<\/li>\n<li data-zone-id=\"0\" data-line-index=\"3\" data-line=\"true\">LCD ekran i\u00e7in \u0130ngilizce, \u0130spanyolca, Frans\u0131zca ve talep \u00fczerine di\u011fer diller mevcuttur.<\/li>\n<li data-zone-id=\"0\" data-line-index=\"4\" data-line=\"true\">Her ak\u0131\u015f \u00f6l\u00e7er kalibre edilir ve t\u00fcm kalibrasyon verilerine kar\u015f\u0131l\u0131k gelen benzersiz bir seri numaras\u0131 atan\u0131r.<\/li>\n<\/ol>\n<\/div>\n<\/div>\n<div class=\"elementor-element e-con-full e-flex e-con e-child\">\n<div class=\"elementor-widget-container\">\n<h3 class=\"elementor-heading-title elementor-size-default\">Uygulamalar:<\/h3>\n<\/div>\n<div class=\"elementor-widget-container\">\n<h5 class=\"first\">Genel<\/h5>\n<div>\n<ul>\n<li data-zone-id=\"0\" data-line-index=\"0\" data-line=\"true\">D\u00fc\u015f\u00fck viskoziteli s\u0131v\u0131lar\u0131n hassas tekrarlanabilirlik ile \u00f6l\u00e7\u00fcm\u00fc<\/li>\n<li data-zone-id=\"0\" data-line-index=\"0\" data-line=\"true\">Y\u00fcksek bas\u0131n\u00e7 ko\u015fullar\u0131 alt\u0131nda d\u00fc\u015f\u00fck ak\u0131\u015f h\u0131zlar\u0131 i\u00e7in uygundur<\/li>\n<\/ul>\n<\/div>\n<h5>Petrol ve Gaz End\u00fcstrisi<\/h5>\n<div>\n<ul>\n<li data-zone-id=\"0\" data-line-index=\"0\" data-line=\"true\">D\u00fc\u015f\u00fck ak\u0131\u015fl\u0131 kimyasal enjeksiyonlar\u0131n\u0131n izlenmesi<\/li>\n<li data-zone-id=\"0\" data-line-index=\"0\" data-line=\"true\">Sondaj sistemlerinde ya\u011flama s\u0131v\u0131lar\u0131n\u0131n \u00f6l\u00e7\u00fcm\u00fc<\/li>\n<\/ul>\n<\/div>\n<h5>End\u00fcstriyel \u00dcretim<\/h5>\n<div>\n<ul>\n<li data-zone-id=\"0\" data-line-index=\"0\" data-line=\"true\">Makinelerde so\u011futma ve ya\u011flama s\u0131v\u0131lar\u0131n\u0131n kontrol\u00fc<\/li>\n<li data-zone-id=\"0\" data-line-index=\"0\" data-line=\"true\">D\u00fc\u015f\u00fck hacimli s\u0131v\u0131 transferi i\u00e7in s\u00fcre\u00e7 izleme<\/li>\n<\/ul>\n<\/div>\n<h5>Enerji \u00dcretimi<\/h5>\n<ul>\n<li>D\u00fc\u015f\u00fck ak\u0131\u015fl\u0131 hidrolik sistemlerin hassas \u00f6l\u00e7\u00fcm\u00fc<\/li>\n<\/ul>\n<\/div>\n<\/div>\n<\/div>","protected":false},"excerpt":{"rendered":"<div class=\"short-description-head\">\n<div data-zone-id=\"0\" data-line-index=\"0\" data-line=\"true\">LWGYMT-F, temiz ve d\u00fc\u015f\u00fck viskoziteli ak\u0131\u015fkan uygulamalar\u0131nda \u00e7al\u0131\u015fmak \u00fczere tasarlanm\u0131\u015f, 0,04 m\u00b3\/s'den ba\u015flayan \u00f6l\u00e7\u00fcm kapasitesi sunan bir t\u00fcrbin ak\u0131\u015f \u00f6l\u00e7erdir. Bu cihaz 160 bar'a (2320,6 psi) kadar \u00e7al\u0131\u015fma bas\u0131n\u00e7lar\u0131n\u0131 kar\u015f\u0131layabilir ve belirtilen ak\u0131\u015f aral\u0131\u011f\u0131nda \u00b10,25 % tekrarlanabilirlik sa\u011flar.<\/div>\n<\/div>","protected":false},"featured_media":25482,"template":"","meta":[],"product_brand":[],"product_cat":[120,166],"product_tag":[],"class_list":{"0":"post-25490","1":"product","2":"type-product","3":"status-publish","4":"has-post-thumbnail","6":"product_cat-turbine-flow-meters","7":"product_cat-liquid-flow-meters","9":"first","10":"instock","11":"shipping-taxable","12":"purchasable","13":"product-type-simple"},"_links":{"self":[{"href":"https:\/\/metlaninst.com\/tr\/wp-json\/wp\/v2\/product\/25490","targetHints":{"allow":["GET"]}}],"collection":[{"href":"https:\/\/metlaninst.com\/tr\/wp-json\/wp\/v2\/product"}],"about":[{"href":"https:\/\/metlaninst.com\/tr\/wp-json\/wp\/v2\/types\/product"}],"version-history":[{"count":1,"href":"https:\/\/metlaninst.com\/tr\/wp-json\/wp\/v2\/product\/25490\/revisions"}],"predecessor-version":[{"id":25493,"href":"https:\/\/metlaninst.com\/tr\/wp-json\/wp\/v2\/product\/25490\/revisions\/25493"}],"wp:featuredmedia":[{"embeddable":true,"href":"https:\/\/metlaninst.com\/tr\/wp-json\/wp\/v2\/media\/25482"}],"wp:attachment":[{"href":"https:\/\/metlaninst.com\/tr\/wp-json\/wp\/v2\/media?parent=25490"}],"wp:term":[{"taxonomy":"product_brand","embeddable":true,"href":"https:\/\/metlaninst.com\/tr\/wp-json\/wp\/v2\/product_brand?post=25490"},{"taxonomy":"product_cat","embeddable":true,"href":"https:\/\/metlaninst.com\/tr\/wp-json\/wp\/v2\/product_cat?post=25490"},{"taxonomy":"product_tag","embeddable":true,"href":"https:\/\/metlaninst.com\/tr\/wp-json\/wp\/v2\/product_tag?post=25490"}],"curies":[{"name":"wp","href":"https:\/\/api.w.org\/{rel}","templated":true}]}}