{"id":25494,"date":"2024-12-15T08:30:23","date_gmt":"2024-12-15T08:30:23","guid":{"rendered":"https:\/\/www.metlaninst.com\/?post_type=product&#038;p=25494"},"modified":"2025-03-15T08:03:52","modified_gmt":"2025-03-15T08:03:52","slug":"yuksek-dogruluklu-sivi-turbi%cc%87n-akis-olcer-lwgymt-a","status":"publish","type":"product","link":"https:\/\/metlaninst.com\/tr\/p\/yuksek-dogruluklu-sivi-turbi%cc%87n-akis-olcer-lwgymt-a\/","title":{"rendered":"Y\u00fcksek Hassasiyetli S\u0131v\u0131 T\u00fcrbin Ak\u0131\u015f \u00d6l\u00e7er (LWGYMT-AJWL)"},"content":{"rendered":"<div class=\"e-con-inner\">\n<div class=\"elementor-element e-con-full e-flex e-con e-child\">\n<div class=\"elementor-widget-container\">\n<h3 class=\"elementor-heading-title elementor-size-default\">\u00d6zellikler:<\/h3>\n<\/div>\n<div class=\"elementor-widget-container\">\n<ol>\n<li data-zone-id=\"0\" data-line-index=\"0\" data-line=\"true\">\u0130yi tekrarlanabilirlik ile \u00b10,2 %'ye kadar y\u00fcksek do\u011fruluk.<\/li>\n<li data-zone-id=\"0\" data-line-index=\"0\" data-line=\"true\">1:20 k\u0131sma oran\u0131.<\/li>\n<li data-zone-id=\"0\" data-line-index=\"0\" data-line=\"true\">DN0.5 minimum delik boyutu ile yerden tasarruf sa\u011flayan yap\u0131.<\/li>\n<li data-zone-id=\"0\" data-line-index=\"1\" data-line=\"true\">Renkler ve g\u00f6r\u00fcn\u00fcm iste\u011fe g\u00f6re \u00f6zelle\u015ftirilebilir<b><\/b><\/li>\n<li data-zone-id=\"0\" data-line-index=\"2\" data-line=\"true\">M\u00fc\u015fteriye \u00f6zel konstr\u00fcksiyonlarda da mevcuttur<\/li>\n<li data-zone-id=\"0\" data-line-index=\"3\" data-line=\"true\">LCD ekran i\u00e7in \u0130ngilizce, \u0130spanyolca, Frans\u0131zca ve talep \u00fczerine di\u011fer diller mevcuttur.<\/li>\n<li data-zone-id=\"0\" data-line-index=\"4\" data-line=\"true\">Her ak\u0131\u015f \u00f6l\u00e7er kalibre edilir ve t\u00fcm kalibrasyon verilerine kar\u015f\u0131l\u0131k gelen benzersiz bir seri numaras\u0131 atan\u0131r.<\/li>\n<\/ol>\n<\/div>\n<\/div>\n<div class=\"elementor-element e-con-full e-flex e-con e-child\">\n<div class=\"elementor-widget-container\">\n<h3 class=\"elementor-heading-title elementor-size-default\">Uygulamalar:<\/h3>\n<\/div>\n<div class=\"elementor-widget-container\">\n<h5 class=\"first\">Genel<\/h5>\n<div>\n<ul>\n<li data-zone-id=\"0\" data-line-index=\"0\" data-line=\"true\">D\u00fc\u015f\u00fck viskoziteli s\u0131v\u0131lar\u0131n y\u00fcksek do\u011frulukla \u00f6l\u00e7\u00fcm\u00fc<\/li>\n<li data-zone-id=\"0\" data-line-index=\"0\" data-line=\"true\">160 bar'a (2320,6 psi) kadar y\u00fcksek bas\u0131n\u00e7l\u0131 sistemler i\u00e7in uygundur<\/li>\n<\/ul>\n<\/div>\n<h5>Petrol ve Gaz End\u00fcstrisi<\/h5>\n<div>\n<ul>\n<li data-zone-id=\"0\" data-line-index=\"0\" data-line=\"true\">Y\u00fcksek bas\u0131n\u00e7 ko\u015fullar\u0131 alt\u0131nda do\u011fru ak\u0131\u015f \u00f6l\u00e7\u00fcm\u00fc sa\u011flayan petrol ve gazda saklama transferi uygulamalar\u0131<\/li>\n<\/ul>\n<\/div>\n<h5>End\u00fcstriyel \u00dcretim<\/h5>\n<div>\n<ul>\n<li data-zone-id=\"0\" data-line-index=\"0\" data-line=\"true\">So\u011futma, proses s\u0131v\u0131lar\u0131 ve ya\u011flay\u0131c\u0131lar\u0131n hassas izlenmesi<\/li>\n<li data-zone-id=\"0\" data-line-index=\"0\" data-line=\"true\">Havac\u0131l\u0131k ve Uzay<\/li>\n<li data-zone-id=\"0\" data-line-index=\"0\" data-line=\"true\">Y\u00fcksek hassasiyetli ak\u0131\u015f \u00f6l\u00e7\u00fcm\u00fc gerektiren havac\u0131l\u0131k ve uzay uygulamalar\u0131nda kullan\u0131l\u0131r<\/li>\n<\/ul>\n<\/div>\n<\/div>\n<\/div>\n<\/div>","protected":false},"excerpt":{"rendered":"<div class=\"short-description-head\">\n<div data-zone-id=\"0\" data-line-index=\"0\" data-line=\"true\">LWGYMT-A t\u00fcrbin ak\u0131\u015f \u00f6l\u00e7er, hassas \u00fcretim s\u00fcre\u00e7lerimiz, s\u0131k\u0131 kalite kontrol\u00fcm\u00fcz ve kurum i\u00e7i kalibrasyon yeteneklerimizle elde edilebilecek son derece dar toleranslarla \u00fcretilmi\u015ftir ve temiz d\u00fc\u015f\u00fck viskoziteli ak\u0131\u015fkanlar i\u00e7in \u00b10,2 % do\u011fruluk ve \u00b10,1 % tekrarlanabilirlik sa\u011flar.<\/div>\n<\/div>","protected":false},"featured_media":26615,"template":"","meta":[],"product_brand":[],"product_cat":[120,166],"product_tag":[],"class_list":{"0":"post-25494","1":"product","2":"type-product","3":"status-publish","4":"has-post-thumbnail","6":"product_cat-turbine-flow-meters","7":"product_cat-liquid-flow-meters","9":"first","10":"instock","11":"shipping-taxable","12":"purchasable","13":"product-type-simple"},"_links":{"self":[{"href":"https:\/\/metlaninst.com\/tr\/wp-json\/wp\/v2\/product\/25494","targetHints":{"allow":["GET"]}}],"collection":[{"href":"https:\/\/metlaninst.com\/tr\/wp-json\/wp\/v2\/product"}],"about":[{"href":"https:\/\/metlaninst.com\/tr\/wp-json\/wp\/v2\/types\/product"}],"version-history":[{"count":4,"href":"https:\/\/metlaninst.com\/tr\/wp-json\/wp\/v2\/product\/25494\/revisions"}],"predecessor-version":[{"id":26620,"href":"https:\/\/metlaninst.com\/tr\/wp-json\/wp\/v2\/product\/25494\/revisions\/26620"}],"wp:featuredmedia":[{"embeddable":true,"href":"https:\/\/metlaninst.com\/tr\/wp-json\/wp\/v2\/media\/26615"}],"wp:attachment":[{"href":"https:\/\/metlaninst.com\/tr\/wp-json\/wp\/v2\/media?parent=25494"}],"wp:term":[{"taxonomy":"product_brand","embeddable":true,"href":"https:\/\/metlaninst.com\/tr\/wp-json\/wp\/v2\/product_brand?post=25494"},{"taxonomy":"product_cat","embeddable":true,"href":"https:\/\/metlaninst.com\/tr\/wp-json\/wp\/v2\/product_cat?post=25494"},{"taxonomy":"product_tag","embeddable":true,"href":"https:\/\/metlaninst.com\/tr\/wp-json\/wp\/v2\/product_tag?post=25494"}],"curies":[{"name":"wp","href":"https:\/\/api.w.org\/{rel}","templated":true}]}}