{"id":25498,"date":"2024-12-15T07:11:58","date_gmt":"2024-12-15T07:11:58","guid":{"rendered":"https:\/\/www.metlaninst.com\/?post_type=product&#038;p=25498"},"modified":"2025-02-02T03:50:15","modified_gmt":"2025-02-02T03:50:15","slug":"sivi-turbin-akis-olcer-lwgymt-100","status":"publish","type":"product","link":"https:\/\/metlaninst.com\/tr\/p\/sivi-turbin-akis-olcer-lwgymt-100\/","title":{"rendered":"S\u0131v\u0131 T\u00fcrbin Ak\u0131\u015f \u00d6l\u00e7er (LWGYMT-100)"},"content":{"rendered":"<div class=\"e-con-inner\">\n<div class=\"elementor-element e-con-full e-flex e-con e-child\">\n<div class=\"elementor-widget-container\">\n<h3 class=\"elementor-heading-title elementor-size-default\">\u00d6zellikler:<\/h3>\n<\/div>\n<div class=\"elementor-widget-container\">\n<ol>\n<li data-zone-id=\"0\" data-line-index=\"0\" data-line=\"true\">S\u0131v\u0131 uygulamalar i\u00e7in \u00f6zel olarak tasarlanm\u0131\u015ft\u0131r<\/li>\n<li data-zone-id=\"0\" data-line-index=\"1\" data-line=\"true\">Renkler ve g\u00f6r\u00fcn\u00fcm iste\u011fe g\u00f6re \u00f6zelle\u015ftirilebilir<b><\/b><\/li>\n<li data-zone-id=\"0\" data-line-index=\"2\" data-line=\"true\">M\u00fc\u015fteriye \u00f6zel konstr\u00fcksiyonlarda da mevcuttur<\/li>\n<li data-zone-id=\"0\" data-line-index=\"3\" data-line=\"true\">LCD ekran i\u00e7in \u0130ngilizce, \u0130spanyolca, Frans\u0131zca ve talep \u00fczerine di\u011fer diller mevcuttur.<\/li>\n<li data-zone-id=\"0\" data-line-index=\"4\" data-line=\"true\">Her ak\u0131\u015f \u00f6l\u00e7er kalibre edilir ve t\u00fcm kalibrasyon verilerine kar\u015f\u0131l\u0131k gelen benzersiz bir seri numaras\u0131 atan\u0131r.<\/li>\n<\/ol>\n<\/div>\n<\/div>\n<div class=\"elementor-element e-con-full e-flex e-con e-child\">\n<div class=\"elementor-widget-container\">\n<h3 class=\"elementor-heading-title elementor-size-default\">Uygulamalar:<\/h3>\n<\/div>\n<div class=\"elementor-widget-container\">\n<h5>Petrol ve Gaz End\u00fcstrisi<\/h5>\n<div>\n<ul>\n<li data-zone-id=\"0\" data-line-index=\"0\" data-line=\"true\">S\u0131v\u0131 hidrokarbon transferlerinin izlenmesi<\/li>\n<li data-zone-id=\"0\" data-line-index=\"0\" data-line=\"true\">Y\u00fcksek bas\u0131n\u00e7l\u0131 boru hatt\u0131 sistemlerinde \u00f6l\u00e7\u00fcm<\/li>\n<\/ul>\n<\/div>\n<h5>End\u00fcstriyel \u00dcretim<\/h5>\n<div>\n<ul>\n<li data-zone-id=\"0\" data-line-index=\"0\" data-line=\"true\">So\u011futma s\u0131v\u0131lar\u0131 ve ya\u011flay\u0131c\u0131lar dahil olmak \u00fczere proses s\u0131v\u0131lar\u0131n\u0131n kontrol\u00fc ve izlenmesi<\/li>\n<\/ul>\n<h5>Enerji \u00dcretimi<\/h5>\n<div>\n<ul>\n<li data-zone-id=\"0\" data-line-index=\"0\" data-line=\"true\">Sistem verimlili\u011fi i\u00e7in enerji santrallerindeki \u00e7e\u015fitli ak\u0131\u015fkanlar\u0131n \u00f6l\u00e7\u00fcm\u00fc<\/li>\n<\/ul>\n<\/div>\n<\/div>\n<\/div>\n<\/div>\n<\/div>","protected":false},"excerpt":{"rendered":"<div class=\"short-description-head\">\n<div data-zone-id=\"0\" data-line-index=\"0\" data-line=\"true\">LWGYMT-100, paslanmaz \u00e7elik rotorlu, tamamen paslanmaz \u00e7elik, hassas i\u015flenmi\u015f bile\u015fenler sunan \u00e7ok y\u00f6nl\u00fc bir \u00fcr\u00fcn serisidir. \u00d6zellikle s\u0131v\u0131 uygulamalar\u0131 i\u00e7in tasarlanm\u0131\u015ft\u0131r ve di\u015fli ve flan\u015fl\u0131 dahil olmak \u00fczere \u00e7e\u015fitli proses ba\u011flant\u0131lar\u0131 ile yap\u0131land\u0131r\u0131labilir.<\/div>\n<\/div>","protected":false},"featured_media":25480,"template":"","meta":[],"product_brand":[],"product_cat":[120,166,165,163],"product_tag":[],"class_list":{"0":"post-25498","1":"product","2":"type-product","3":"status-publish","4":"has-post-thumbnail","6":"product_cat-turbine-flow-meters","7":"product_cat-liquid-flow-meters","8":"product_cat-oil-flow-meters","9":"product_cat-water-flow-meters","11":"first","12":"instock","13":"shipping-taxable","14":"purchasable","15":"product-type-simple"},"_links":{"self":[{"href":"https:\/\/metlaninst.com\/tr\/wp-json\/wp\/v2\/product\/25498","targetHints":{"allow":["GET"]}}],"collection":[{"href":"https:\/\/metlaninst.com\/tr\/wp-json\/wp\/v2\/product"}],"about":[{"href":"https:\/\/metlaninst.com\/tr\/wp-json\/wp\/v2\/types\/product"}],"version-history":[{"count":1,"href":"https:\/\/metlaninst.com\/tr\/wp-json\/wp\/v2\/product\/25498\/revisions"}],"predecessor-version":[{"id":25501,"href":"https:\/\/metlaninst.com\/tr\/wp-json\/wp\/v2\/product\/25498\/revisions\/25501"}],"wp:featuredmedia":[{"embeddable":true,"href":"https:\/\/metlaninst.com\/tr\/wp-json\/wp\/v2\/media\/25480"}],"wp:attachment":[{"href":"https:\/\/metlaninst.com\/tr\/wp-json\/wp\/v2\/media?parent=25498"}],"wp:term":[{"taxonomy":"product_brand","embeddable":true,"href":"https:\/\/metlaninst.com\/tr\/wp-json\/wp\/v2\/product_brand?post=25498"},{"taxonomy":"product_cat","embeddable":true,"href":"https:\/\/metlaninst.com\/tr\/wp-json\/wp\/v2\/product_cat?post=25498"},{"taxonomy":"product_tag","embeddable":true,"href":"https:\/\/metlaninst.com\/tr\/wp-json\/wp\/v2\/product_tag?post=25498"}],"curies":[{"name":"wp","href":"https:\/\/api.w.org\/{rel}","templated":true}]}}