{"id":25502,"date":"2024-12-15T07:16:41","date_gmt":"2024-12-15T07:16:41","guid":{"rendered":"https:\/\/www.metlaninst.com\/?post_type=product&#038;p=25502"},"modified":"2025-02-02T03:49:53","modified_gmt":"2025-02-02T03:49:53","slug":"gaz-turbi%cc%87ni%cc%87-akis-olcer-lwgymt-g","status":"publish","type":"product","link":"https:\/\/metlaninst.com\/tr\/p\/gaz-turbi%cc%87ni%cc%87-akis-olcer-lwgymt-g\/","title":{"rendered":"Gaz T\u00fcrbini Ak\u0131\u015f \u00d6l\u00e7erler\\ (LWGYMT-G)"},"content":{"rendered":"<div class=\"e-con-inner\">\n<div class=\"elementor-element e-con-full e-flex e-con e-child\">\n<div class=\"elementor-widget-container\">\n<h3 class=\"elementor-heading-title elementor-size-default\">\u00d6zellikler:<\/h3>\n<\/div>\n<div class=\"elementor-widget-container\">\n<ol>\n<li data-zone-id=\"0\" data-line-index=\"0\" data-line=\"true\">Gaz uygulamalar\u0131 i\u00e7in \u00f6zel olarak tasarlanm\u0131\u015ft\u0131r<\/li>\n<li data-zone-id=\"0\" data-line-index=\"1\" data-line=\"true\">Renkler ve g\u00f6r\u00fcn\u00fcm iste\u011fe g\u00f6re \u00f6zelle\u015ftirilebilir<b><\/b><\/li>\n<li data-zone-id=\"0\" data-line-index=\"2\" data-line=\"true\">M\u00fc\u015fteriye \u00f6zel konstr\u00fcksiyonlarda da mevcuttur<\/li>\n<li data-zone-id=\"0\" data-line-index=\"3\" data-line=\"true\">LCD ekran i\u00e7in \u0130ngilizce, \u0130spanyolca, Frans\u0131zca ve talep \u00fczerine di\u011fer diller mevcuttur.<\/li>\n<li data-zone-id=\"0\" data-line-index=\"4\" data-line=\"true\">Her ak\u0131\u015f \u00f6l\u00e7er kalibre edilir ve t\u00fcm kalibrasyon verilerine kar\u015f\u0131l\u0131k gelen benzersiz bir seri numaras\u0131 atan\u0131r.<\/li>\n<\/ol>\n<\/div>\n<\/div>\n<div class=\"elementor-element e-con-full e-flex e-con e-child\">\n<div class=\"elementor-widget-container\">\n<h3 class=\"elementor-heading-title elementor-size-default\">Uygulamalar:<\/h3>\n<\/div>\n<div class=\"elementor-widget-container\">\n<h5>Genel<\/h5>\n<div>\n<ul>\n<li data-zone-id=\"0\" data-line-index=\"0\" data-line=\"true\">\u00c7e\u015fitli end\u00fcstriyel ortamlarda gaz ak\u0131\u015f\u0131n\u0131n do\u011fru \u00f6l\u00e7\u00fcm\u00fc<\/li>\n<\/ul>\n<\/div>\n<h5>Petrol ve Gaz End\u00fcstrisi<\/h5>\n<div>\n<ul>\n<li data-zone-id=\"0\" data-line-index=\"0\" data-line=\"true\">Do\u011fal gaz boru hatlar\u0131n\u0131n izlenmesi<\/li>\n<li data-zone-id=\"0\" data-line-index=\"0\" data-line=\"true\">Gaz enjeksiyon ve i\u015fleme sistemlerinde do\u011fru \u00f6l\u00e7\u00fcm<\/li>\n<\/ul>\n<\/div>\n<h5>End\u00fcstriyel \u00dcretim<\/h5>\n<div>\n<ul>\n<li data-zone-id=\"0\" data-line-index=\"0\" data-line=\"true\">End\u00fcstriyel i\u015fleme ve kimyasal uygulamalarda gazlar\u0131n \u00f6l\u00e7\u00fcm\u00fc<\/li>\n<\/ul>\n<h5>Enerji \u00dcretimi<\/h5>\n<div>\n<ul>\n<li data-zone-id=\"0\" data-line-index=\"0\" data-line=\"true\">Enerji santrallerinde verimlilik i\u00e7in gaz ak\u0131\u015flar\u0131n\u0131n izlenmesi<\/li>\n<\/ul>\n<\/div>\n<\/div>\n<\/div>\n<\/div>\n<\/div>","protected":false},"excerpt":{"rendered":"<div class=\"short-description-head\">\n<div data-zone-id=\"0\" data-line-index=\"0\" data-line=\"true\">LWGYMT-G, gaz \u00f6l\u00e7\u00fcm\u00fc i\u00e7in zorlu ko\u015fullara dayanacak ve uzun bir hizmet \u00f6mr\u00fc boyunca do\u011fru sonu\u00e7lar verecek \u015fekilde tasarlanm\u0131\u015f, geni\u015f bir ak\u0131\u015f ve uygulama aral\u0131\u011f\u0131 sunan bir t\u00fcrbin ak\u0131\u015f \u00f6l\u00e7erdir.<\/div>\n<\/div>","protected":false},"featured_media":25487,"template":"","meta":[],"product_brand":[],"product_cat":[120,208,164],"product_tag":[],"class_list":{"0":"post-25502","1":"product","2":"type-product","3":"status-publish","4":"has-post-thumbnail","6":"product_cat-turbine-flow-meters","7":"product_cat-gas-flow-meters","8":"product_cat-air-flow-meters","10":"first","11":"instock","12":"shipping-taxable","13":"purchasable","14":"product-type-simple"},"_links":{"self":[{"href":"https:\/\/metlaninst.com\/tr\/wp-json\/wp\/v2\/product\/25502","targetHints":{"allow":["GET"]}}],"collection":[{"href":"https:\/\/metlaninst.com\/tr\/wp-json\/wp\/v2\/product"}],"about":[{"href":"https:\/\/metlaninst.com\/tr\/wp-json\/wp\/v2\/types\/product"}],"version-history":[{"count":1,"href":"https:\/\/metlaninst.com\/tr\/wp-json\/wp\/v2\/product\/25502\/revisions"}],"predecessor-version":[{"id":25507,"href":"https:\/\/metlaninst.com\/tr\/wp-json\/wp\/v2\/product\/25502\/revisions\/25507"}],"wp:featuredmedia":[{"embeddable":true,"href":"https:\/\/metlaninst.com\/tr\/wp-json\/wp\/v2\/media\/25487"}],"wp:attachment":[{"href":"https:\/\/metlaninst.com\/tr\/wp-json\/wp\/v2\/media?parent=25502"}],"wp:term":[{"taxonomy":"product_brand","embeddable":true,"href":"https:\/\/metlaninst.com\/tr\/wp-json\/wp\/v2\/product_brand?post=25502"},{"taxonomy":"product_cat","embeddable":true,"href":"https:\/\/metlaninst.com\/tr\/wp-json\/wp\/v2\/product_cat?post=25502"},{"taxonomy":"product_tag","embeddable":true,"href":"https:\/\/metlaninst.com\/tr\/wp-json\/wp\/v2\/product_tag?post=25502"}],"curies":[{"name":"wp","href":"https:\/\/api.w.org\/{rel}","templated":true}]}}