{"id":25512,"date":"2024-09-15T13:05:03","date_gmt":"2024-09-15T13:05:03","guid":{"rendered":"https:\/\/www.metlaninst.com\/?post_type=product&#038;p=25512"},"modified":"2025-02-08T04:46:23","modified_gmt":"2025-02-08T04:46:23","slug":"v-koni%cc%87-farkli-basinc-akis-olcer-mtkb-v","status":"publish","type":"product","link":"https:\/\/metlaninst.com\/tr\/p\/v-koni%cc%87-farkli-basinc-akis-olcer-mtkb-v\/","title":{"rendered":"V Konik Farkl\u0131 Bas\u0131n\u00e7l\u0131 Debimetre (MTKB-V)"},"content":{"rendered":"<div class=\"e-con-inner\">\n<div class=\"elementor-element e-con-full e-flex e-con e-child\">\n<div class=\"elementor-widget-container\">\n<h3 class=\"elementor-heading-title elementor-size-default\">\u00d6zellikler:<\/h3>\n<\/div>\n<div class=\"elementor-widget-container\">\n<ol>\n<li data-zone-id=\"0\" data-line-index=\"1\" data-line=\"true\">Renkler ve g\u00f6r\u00fcn\u00fcm iste\u011fe g\u00f6re \u00f6zelle\u015ftirilebilir<b><\/b><\/li>\n<li data-zone-id=\"0\" data-line-index=\"2\" data-line=\"true\">M\u00fc\u015fteriye \u00f6zel konstr\u00fcksiyonlarda da mevcuttur<\/li>\n<li data-zone-id=\"0\" data-line-index=\"3\" data-line=\"true\">LCD ekran i\u00e7in \u0130ngilizce, \u0130spanyolca, Frans\u0131zca ve talep \u00fczerine di\u011fer diller mevcuttur.<\/li>\n<li data-zone-id=\"0\" data-line-index=\"4\" data-line=\"true\">Her ak\u0131\u015f \u00f6l\u00e7er kalibre edilir ve t\u00fcm kalibrasyon verilerine kar\u015f\u0131l\u0131k gelen benzersiz bir seri numaras\u0131 atan\u0131r.<\/li>\n<\/ol>\n<\/div>\n<\/div>\n<div class=\"elementor-element e-con-full e-flex e-con e-child\">\n<div class=\"elementor-widget-container\">\n<h3 class=\"elementor-heading-title elementor-size-default\">Uygulamalar:<\/h3>\n<\/div>\n<div class=\"elementor-widget-container\">\n<h5>Genel<\/h5>\n<div>\n<ul>\n<li data-zone-id=\"0\" data-line-index=\"0\" data-line=\"true\">S\u0131n\u0131rl\u0131 giri\u015f\/\u00e7\u0131k\u0131\u015fa sahip uygulamalarda iletken ve iletken olmayan s\u0131v\u0131lar\u0131n, gazlar\u0131n ve buhar\u0131n ak\u0131\u015f \u00f6l\u00e7\u00fcm\u00fc<\/li>\n<li data-zone-id=\"0\" data-line-index=\"0\" data-line=\"true\">Bozuk ak\u0131\u015f profillerine sahip uygulamalar<\/li>\n<\/ul>\n<\/div>\n<h5>Petrol ve Gaz End\u00fcstrisi<\/h5>\n<div>\n<ul>\n<li data-zone-id=\"0\" data-line-index=\"0\" data-line=\"true\">A\u00e7\u0131k Deniz ve FPSO: Separat\u00f6rler, gaz kald\u0131rma, su enjeksiyonu, kimyasal enjeksiyon, hidrokarbon buharlar\u0131<\/li>\n<li data-zone-id=\"0\" data-line-index=\"0\" data-line=\"true\">LNG: S\u0131v\u0131la\u015ft\u0131rma ve yeniden gazla\u015ft\u0131rma tesislerinde gaz \u00f6l\u00e7\u00fcm\u00fc<\/li>\n<li data-zone-id=\"0\" data-line-index=\"0\" data-line=\"true\">CO2 enjeksiyonu, su enjeksiyonu, hidrokarbon gazlar\u0131, \u00fcretim kuyu ba\u015f\u0131, \u0131slak gaz<\/li>\n<\/ul>\n<\/div>\n<h5>Enerji \u00fcretimi, kamu hizmetleri<\/h5>\n<div>\n<ul>\n<li data-zone-id=\"0\" data-line-index=\"0\" data-line=\"true\">Kapal\u0131 alanlarda buhar \u00f6l\u00e7\u00fcm\u00fc<\/li>\n<\/ul>\n<div><\/div>\n<\/div>\n<\/div>\n<\/div>\n<\/div>","protected":false},"excerpt":{"rendered":"<div class=\"short-description-head\">\n<div data-zone-id=\"0\" data-line-index=\"0\" data-line=\"true\">MTKB-V Konik ak\u0131\u015f \u00f6l\u00e7er, y\u00fcksek do\u011fruluk gereksinimleri ve dar kurulum alanlar\u0131nda bozuk ak\u0131\u015f profilleri olan uygulamalar i\u00e7in \u00f6zel olarak tasarlanm\u0131\u015f bir diferansiyel bas\u0131n\u00e7 (DP) ak\u0131\u015f \u00f6l\u00e7erdir.<\/div>\n<\/div>","protected":false},"featured_media":25515,"template":"","meta":[],"product_brand":[],"product_cat":[122,208,205,164,166],"product_tag":[],"class_list":{"0":"post-25512","1":"product","2":"type-product","3":"status-publish","4":"has-post-thumbnail","6":"product_cat-differential-pressure-flow-meters","7":"product_cat-gas-flow-meters","8":"product_cat-steam-flow-meters","9":"product_cat-air-flow-meters","10":"product_cat-liquid-flow-meters","12":"first","13":"instock","14":"shipping-taxable","15":"purchasable","16":"product-type-variable"},"_links":{"self":[{"href":"https:\/\/metlaninst.com\/tr\/wp-json\/wp\/v2\/product\/25512","targetHints":{"allow":["GET"]}}],"collection":[{"href":"https:\/\/metlaninst.com\/tr\/wp-json\/wp\/v2\/product"}],"about":[{"href":"https:\/\/metlaninst.com\/tr\/wp-json\/wp\/v2\/types\/product"}],"version-history":[{"count":2,"href":"https:\/\/metlaninst.com\/tr\/wp-json\/wp\/v2\/product\/25512\/revisions"}],"predecessor-version":[{"id":25517,"href":"https:\/\/metlaninst.com\/tr\/wp-json\/wp\/v2\/product\/25512\/revisions\/25517"}],"wp:featuredmedia":[{"embeddable":true,"href":"https:\/\/metlaninst.com\/tr\/wp-json\/wp\/v2\/media\/25515"}],"wp:attachment":[{"href":"https:\/\/metlaninst.com\/tr\/wp-json\/wp\/v2\/media?parent=25512"}],"wp:term":[{"taxonomy":"product_brand","embeddable":true,"href":"https:\/\/metlaninst.com\/tr\/wp-json\/wp\/v2\/product_brand?post=25512"},{"taxonomy":"product_cat","embeddable":true,"href":"https:\/\/metlaninst.com\/tr\/wp-json\/wp\/v2\/product_cat?post=25512"},{"taxonomy":"product_tag","embeddable":true,"href":"https:\/\/metlaninst.com\/tr\/wp-json\/wp\/v2\/product_tag?post=25512"}],"curies":[{"name":"wp","href":"https:\/\/api.w.org\/{rel}","templated":true}]}}