{"id":25518,"date":"2024-09-15T13:21:21","date_gmt":"2024-09-15T13:21:21","guid":{"rendered":"https:\/\/www.metlaninst.com\/?post_type=product&#038;p=25518"},"modified":"2025-02-08T04:46:11","modified_gmt":"2025-02-08T04:46:11","slug":"ori%cc%87fi%cc%87s-plakali-akis-olcer-mtkb-o","status":"publish","type":"product","link":"https:\/\/metlaninst.com\/tr\/p\/ori%cc%87fi%cc%87s-plakali-akis-olcer-mtkb-o\/","title":{"rendered":"Orifis Plakal\u0131 Debimetre (MTKB-O)"},"content":{"rendered":"<div class=\"e-con-inner\">\n<div class=\"elementor-element e-con-full e-flex e-con e-child\">\n<div class=\"elementor-widget-container\">\n<h3 class=\"elementor-heading-title elementor-size-default\">\u00d6zellikler:<\/h3>\n<\/div>\n<div class=\"elementor-widget-container\">\n<ol>\n<li data-zone-id=\"0\" data-line-index=\"1\" data-line=\"true\">Renkler ve g\u00f6r\u00fcn\u00fcm iste\u011fe g\u00f6re \u00f6zelle\u015ftirilebilir<b><\/b><\/li>\n<li data-zone-id=\"0\" data-line-index=\"2\" data-line=\"true\">M\u00fc\u015fteriye \u00f6zel konstr\u00fcksiyonlarda da mevcuttur<\/li>\n<li data-zone-id=\"0\" data-line-index=\"3\" data-line=\"true\">LCD ekran i\u00e7in \u0130ngilizce, \u0130spanyolca, Frans\u0131zca ve talep \u00fczerine di\u011fer diller mevcuttur.<\/li>\n<li data-zone-id=\"0\" data-line-index=\"4\" data-line=\"true\">Her ak\u0131\u015f \u00f6l\u00e7er kalibre edilir ve t\u00fcm kalibrasyon verilerine kar\u015f\u0131l\u0131k gelen benzersiz bir seri numaras\u0131 atan\u0131r.<\/li>\n<\/ol>\n<\/div>\n<\/div>\n<div class=\"elementor-element e-con-full e-flex e-con e-child\">\n<div class=\"elementor-widget-container\">\n<h3 class=\"elementor-heading-title elementor-size-default\">Uygulamalar:<\/h3>\n<\/div>\n<div class=\"elementor-widget-container\">\n<h5>Genel<\/h5>\n<div>\n<ul>\n<li data-zone-id=\"0\" data-line-index=\"0\" data-line=\"true\">\u0130letken ve iletken olmayan s\u0131v\u0131lar, gazlar ve buhar ile genel ama\u00e7l\u0131 ak\u0131\u015f uygulamalar\u0131<\/li>\n<li data-zone-id=\"0\" data-line-index=\"0\" data-line=\"true\">Kimya, petrokimya ve di\u011fer proses end\u00fcstrilerindeki proses ak\u0131\u015flar\u0131<\/li>\n<li data-zone-id=\"0\" data-line-index=\"0\" data-line=\"true\">Rafine \u00fcr\u00fcnlerin ak\u0131\u015f \u00f6l\u00e7\u00fcm\u00fc<\/li>\n<li data-zone-id=\"0\" data-line-index=\"0\" data-line=\"true\">Petrol ve gaz \u00fcretimi, gaz kald\u0131rma, \u00fcretilen su<\/li>\n<li data-zone-id=\"0\" data-line-index=\"0\" data-line=\"true\">Gaz i\u015fleme tesisleri<\/li>\n<li data-zone-id=\"0\" data-line-index=\"0\" data-line=\"true\">Su ve at\u0131k su ar\u0131t\u0131m\u0131 (\u00f6rn. havaland\u0131rma)<\/li>\n<li data-zone-id=\"0\" data-line-index=\"0\" data-line=\"true\">Demineralize su<\/li>\n<li data-zone-id=\"0\" data-line-index=\"0\" data-line=\"true\">Kamu hizmetlerinde buhar ve yo\u011fu\u015fma suyu ak\u0131\u015f\u0131<\/li>\n<\/ul>\n<\/div>\n<\/div>\n<\/div>\n<\/div>","protected":false},"excerpt":{"rendered":"<div class=\"short-description-head\">\n<div data-zone-id=\"0\" data-line-index=\"0\" data-line=\"true\">MTKB-O orifis plakal\u0131 ak\u0131\u015f \u00f6l\u00e7er, \u00b10,075%'ye kadar y\u00fcksek hassasiyetle, yar\u0131 sudan kimyasallara ve buhara kadar geni\u015f bir uygulama yelpazesi i\u00e7in ekonomik bir diferansiyel bas\u0131n\u00e7 ak\u0131\u015f \u00f6l\u00e7erdir.<\/div>\n<\/div>","protected":false},"featured_media":25521,"template":"","meta":[],"product_brand":[],"product_cat":[122,205,164,166],"product_tag":[],"class_list":{"0":"post-25518","1":"product","2":"type-product","3":"status-publish","4":"has-post-thumbnail","6":"product_cat-differential-pressure-flow-meters","7":"product_cat-steam-flow-meters","8":"product_cat-air-flow-meters","9":"product_cat-liquid-flow-meters","11":"first","12":"instock","13":"shipping-taxable","14":"purchasable","15":"product-type-variable"},"_links":{"self":[{"href":"https:\/\/metlaninst.com\/tr\/wp-json\/wp\/v2\/product\/25518","targetHints":{"allow":["GET"]}}],"collection":[{"href":"https:\/\/metlaninst.com\/tr\/wp-json\/wp\/v2\/product"}],"about":[{"href":"https:\/\/metlaninst.com\/tr\/wp-json\/wp\/v2\/types\/product"}],"version-history":[{"count":1,"href":"https:\/\/metlaninst.com\/tr\/wp-json\/wp\/v2\/product\/25518\/revisions"}],"predecessor-version":[{"id":25523,"href":"https:\/\/metlaninst.com\/tr\/wp-json\/wp\/v2\/product\/25518\/revisions\/25523"}],"wp:featuredmedia":[{"embeddable":true,"href":"https:\/\/metlaninst.com\/tr\/wp-json\/wp\/v2\/media\/25521"}],"wp:attachment":[{"href":"https:\/\/metlaninst.com\/tr\/wp-json\/wp\/v2\/media?parent=25518"}],"wp:term":[{"taxonomy":"product_brand","embeddable":true,"href":"https:\/\/metlaninst.com\/tr\/wp-json\/wp\/v2\/product_brand?post=25518"},{"taxonomy":"product_cat","embeddable":true,"href":"https:\/\/metlaninst.com\/tr\/wp-json\/wp\/v2\/product_cat?post=25518"},{"taxonomy":"product_tag","embeddable":true,"href":"https:\/\/metlaninst.com\/tr\/wp-json\/wp\/v2\/product_tag?post=25518"}],"curies":[{"name":"wp","href":"https:\/\/api.w.org\/{rel}","templated":true}]}}