{"id":25592,"date":"2024-09-20T07:49:55","date_gmt":"2024-09-20T07:49:55","guid":{"rendered":"https:\/\/www.metlaninst.com\/?post_type=product&#038;p=25592"},"modified":"2025-02-08T04:45:59","modified_gmt":"2025-02-08T04:45:59","slug":"rotametre-metal-degi%cc%87sken-alanli-akis-olcerler-mtlz-m","status":"publish","type":"product","link":"https:\/\/metlaninst.com\/tr\/p\/rotametre-metal-degi%cc%87sken-alanli-akis-olcerler-mtlz-m\/","title":{"rendered":"Rotametre Metal De\u011fi\u015fken Alanl\u0131 Ak\u0131\u015f \u00d6l\u00e7erler (MTLZ-M)"},"content":{"rendered":"<div class=\"e-con-inner\">\n<div class=\"elementor-element e-con-full e-flex e-con e-child\">\n<div class=\"elementor-widget-container\">\n<h3 class=\"elementor-heading-title elementor-size-default\">\u00d6zellikler:<\/h3>\n<\/div>\n<div class=\"elementor-widget-container\">\n<ol>\n<li data-zone-id=\"0\" data-line-index=\"0\" data-line=\"true\">Basit, d\u00fc\u015f\u00fck maliyetli kurulum: yard\u0131mc\u0131 g\u00fc\u00e7 kayna\u011f\u0131 olmadan \u00f6l\u00e7\u00fcm ve g\u00f6r\u00fcnt\u00fcleme yapabilme<\/li>\n<li data-zone-id=\"0\" data-line-index=\"1\" data-line=\"true\">Renkler ve g\u00f6r\u00fcn\u00fcm iste\u011fe g\u00f6re \u00f6zelle\u015ftirilebilir<b><\/b><\/li>\n<li data-zone-id=\"0\" data-line-index=\"2\" data-line=\"true\">M\u00fc\u015fteriye \u00f6zel konstr\u00fcksiyonlarda da mevcuttur<\/li>\n<li data-zone-id=\"0\" data-line-index=\"3\" data-line=\"true\">LCD ekran i\u00e7in \u0130ngilizce, \u0130spanyolca, Frans\u0131zca ve talep \u00fczerine di\u011fer diller mevcuttur.<\/li>\n<li data-zone-id=\"0\" data-line-index=\"4\" data-line=\"true\">Her ak\u0131\u015f \u00f6l\u00e7er kalibre edilir ve t\u00fcm kalibrasyon verilerine kar\u015f\u0131l\u0131k gelen benzersiz bir seri numaras\u0131 atan\u0131r.<\/li>\n<\/ol>\n<\/div>\n<\/div>\n<div class=\"elementor-element e-con-full e-flex e-con e-child\">\n<div class=\"elementor-widget-container\">\n<h3 class=\"elementor-heading-title elementor-size-default\">Uygulamalar:<\/h3>\n<\/div>\n<div class=\"elementor-widget-container\">\n<h5>Kimya ve di\u011fer proses end\u00fcstrileri<\/h5>\n<div>\n<ul>\n<li data-zone-id=\"0\" data-line-index=\"0\" data-line=\"true\">Katk\u0131 maddeleri (\u00f6rn. kataliz\u00f6rler, tensitler, k\u00f6p\u00fck \u00f6nleyiciler, em\u00fclgat\u00f6rler)<\/li>\n<li data-zone-id=\"0\" data-line-index=\"0\" data-line=\"true\">Asitler, bazlar, fosgen ve di\u011fer kloridik maddeler, s\u00fclf\u00fcrik maddeler<\/li>\n<li data-zone-id=\"0\" data-line-index=\"0\" data-line=\"true\">Kondens ve so\u011futma suyu<\/li>\n<li data-zone-id=\"0\" data-line-index=\"0\" data-line=\"true\">Kaplar\u0131n ve tanklar\u0131n azotla inertle\u015ftirilmesi<\/li>\n<li data-zone-id=\"0\" data-line-index=\"0\" data-line=\"true\">Proses analizi i\u00e7in numune ak\u0131\u015f\u0131 izleme<\/li>\n<li data-zone-id=\"0\" data-line-index=\"0\" data-line=\"true\">S\u0131v\u0131larda gaz serpme<\/li>\n<\/ul>\n<\/div>\n<h5>Petrol ve gaz end\u00fcstrisi<\/h5>\n<div>\n<ul>\n<li data-zone-id=\"0\" data-line-index=\"0\" data-line=\"true\">Korozyon, kire\u00e7 ve hidrat \u00f6nleyiciler i\u00e7in enjeksiyon k\u0131zaklar\u0131<\/li>\n<li data-zone-id=\"0\" data-line-index=\"0\" data-line=\"true\">Azot, baca gazlar\u0131 vb.<\/li>\n<li data-zone-id=\"0\" data-line-index=\"0\" data-line=\"true\">Em\u00fclgat\u00f6rler<\/li>\n<\/ul>\n<h5>Yiyecek ve i\u00e7ecek end\u00fcstrisi<\/h5>\n<div>\n<ul>\n<li data-zone-id=\"0\" data-line-index=\"0\" data-line=\"true\">Bitkisel ya\u011f, i\u00e7me suyu, s\u00fct, karbondioksit<\/li>\n<li data-zone-id=\"0\" data-line-index=\"0\" data-line=\"true\">Temizlik maddeleri<\/li>\n<\/ul>\n<h5>Su ve at\u0131k su end\u00fcstrisi<\/h5>\n<div>\n<ul>\n<li data-zone-id=\"0\" data-line-index=\"0\" data-line=\"true\">Havaland\u0131rma havuzlar\u0131na oksijen serpme<\/li>\n<li data-zone-id=\"0\" data-line-index=\"0\" data-line=\"true\">Demir i\u00e7eri\u011fini azaltmak i\u00e7in hava enjeksiyonu<\/li>\n<\/ul>\n<h5>Konvansiyonel ve n\u00fckleer enerji end\u00fcstrisi<\/h5>\n<div>\n<ul>\n<li data-zone-id=\"0\" data-line-index=\"0\" data-line=\"true\">A\u011f\u0131r su, boratl\u0131 su, trityum vb.<\/li>\n<li data-zone-id=\"0\" data-line-index=\"0\" data-line=\"true\">Hidrazin<\/li>\n<li data-zone-id=\"0\" data-line-index=\"0\" data-line=\"true\">S\u00fclf\u00fcrik asit<\/li>\n<li data-zone-id=\"0\" data-line-index=\"0\" data-line=\"true\">Fosfat, azot, hidrojen, s\u00fclf\u00fcr<\/li>\n<li data-zone-id=\"0\" data-line-index=\"0\" data-line=\"true\">Ar\u0131t\u0131lm\u0131\u015f su, tuzlu su vb.<\/li>\n<li data-zone-id=\"0\" data-line-index=\"0\" data-line=\"true\">Buhar, hava, gazlar, kazan y\u0131kama suyu vb.<\/li>\n<li data-zone-id=\"0\" data-line-index=\"0\" data-line=\"true\">Dizel, geri d\u00f6n\u00fc\u015f akaryak\u0131t ak\u0131\u015flar\u0131 vb.<\/li>\n<\/ul>\n<\/div>\n<\/div>\n<\/div>\n<\/div>\n<\/div>\n<\/div>\n<\/div>","protected":false},"excerpt":{"rendered":"<div class=\"short-description-head\">\n<div data-zone-id=\"0\" data-line-index=\"0\" data-line=\"true\">MTLZ-M de\u011fi\u015fken alanl\u0131 rotametre \u00e7e\u015fitli malzemelerde ve bir\u00e7ok farkl\u0131 versiyonda mevcuttur. Sa\u011flam tamamen metal ak\u0131\u015f \u00f6l\u00e7er, y\u00fcksek bas\u0131n\u00e7l\u0131 (200 bar'a kadar), s\u0131cakl\u0131kl\u0131 (-80 ila 350 \u00b0C \/-112 ila +662 \u00b0F) veya agresif ortaml\u0131 uygulamalarda da kullan\u0131labilir.<\/div>\n<\/div>","protected":false},"featured_media":25595,"template":"","meta":[],"product_brand":[],"product_cat":[203,208,164,166,163],"product_tag":[],"class_list":{"0":"post-25592","1":"product","2":"type-product","3":"status-publish","4":"has-post-thumbnail","6":"product_cat-rotameters-flow-meter","7":"product_cat-gas-flow-meters","8":"product_cat-air-flow-meters","9":"product_cat-liquid-flow-meters","10":"product_cat-water-flow-meters","12":"first","13":"instock","14":"shipping-taxable","15":"purchasable","16":"product-type-simple"},"_links":{"self":[{"href":"https:\/\/metlaninst.com\/tr\/wp-json\/wp\/v2\/product\/25592","targetHints":{"allow":["GET"]}}],"collection":[{"href":"https:\/\/metlaninst.com\/tr\/wp-json\/wp\/v2\/product"}],"about":[{"href":"https:\/\/metlaninst.com\/tr\/wp-json\/wp\/v2\/types\/product"}],"version-history":[{"count":3,"href":"https:\/\/metlaninst.com\/tr\/wp-json\/wp\/v2\/product\/25592\/revisions"}],"predecessor-version":[{"id":25602,"href":"https:\/\/metlaninst.com\/tr\/wp-json\/wp\/v2\/product\/25592\/revisions\/25602"}],"wp:featuredmedia":[{"embeddable":true,"href":"https:\/\/metlaninst.com\/tr\/wp-json\/wp\/v2\/media\/25595"}],"wp:attachment":[{"href":"https:\/\/metlaninst.com\/tr\/wp-json\/wp\/v2\/media?parent=25592"}],"wp:term":[{"taxonomy":"product_brand","embeddable":true,"href":"https:\/\/metlaninst.com\/tr\/wp-json\/wp\/v2\/product_brand?post=25592"},{"taxonomy":"product_cat","embeddable":true,"href":"https:\/\/metlaninst.com\/tr\/wp-json\/wp\/v2\/product_cat?post=25592"},{"taxonomy":"product_tag","embeddable":true,"href":"https:\/\/metlaninst.com\/tr\/wp-json\/wp\/v2\/product_tag?post=25592"}],"curies":[{"name":"wp","href":"https:\/\/api.w.org\/{rel}","templated":true}]}}