{"id":25726,"date":"2024-12-27T05:06:06","date_gmt":"2024-12-27T05:06:06","guid":{"rendered":"https:\/\/www.metlaninst.com\/?post_type=product&#038;p=25726"},"modified":"2025-09-11T09:06:52","modified_gmt":"2025-09-11T09:06:52","slug":"bi%cc%87-rotorlu-pozi%cc%87ti%cc%87f-deplasmanli-akis-olcer-mtdp-abr","status":"publish","type":"product","link":"https:\/\/metlaninst.com\/tr\/p\/bi%cc%87-rotorlu-pozi%cc%87ti%cc%87f-deplasmanli-akis-olcer-mtdp-abr\/","title":{"rendered":"Bi-rotor Pozitif Deplasmanl\u0131 Ak\u0131\u015f \u00d6l\u00e7er (MT-ABR)"},"content":{"rendered":"<div class=\"e-con-inner\">\n<div class=\"elementor-element e-con-full e-flex e-con e-child\">\n<div class=\"elementor-widget-container\">\n<h3 class=\"elementor-heading-title elementor-size-default\">\u00d6zellikler:<\/h3>\n<\/div>\n<div class=\"elementor-widget-container\">\n<ol>\n<li data-zone-id=\"0\" data-line-index=\"0\" data-line=\"true\">0,1 %'ye kadar y\u00fcksek hassasiyet, 110 bar'a (1595 psi) kadar y\u00fcksek proses bas\u0131nc\u0131<\/li>\n<li data-zone-id=\"0\" data-line-index=\"0\" data-line=\"true\">Son derece uzun hizmet \u00f6mr\u00fc, ekonomik d\u00fc\u015f\u00fck bak\u0131m<\/li>\n<li data-zone-id=\"0\" data-line-index=\"0\" data-line=\"true\">Metal-metal temas\u0131 olmayan iki basit rotor, \u00f6l\u00e7\u00fcm odas\u0131ndaki tek hareketli par\u00e7alard\u0131r.<\/li>\n<li data-zone-id=\"0\" data-line-index=\"0\" data-line=\"true\">Dengeli rotaryi a\u015f\u0131nd\u0131racak veya bozacak sal\u0131n\u0131ml\u0131, ileri geri hareket eden veya kayan par\u00e7alar veya kranklar yok<\/li>\n<li data-zone-id=\"0\" data-line-index=\"0\" data-line=\"true\">D\u00fc\u015f\u00fck sesle \u00e7al\u0131\u015f\u0131rken kararl\u0131<\/li>\n<li data-zone-id=\"0\" data-line-index=\"0\" data-line=\"true\">\u0130yi anti-parazit performans\u0131 ve uzun hizmet \u00f6mr\u00fc<\/li>\n<li data-zone-id=\"0\" data-line-index=\"0\" data-line=\"true\">Viskozite de\u011fi\u015fikliklerine g\u00fc\u00e7l\u00fc uygulanabilirlik<\/li>\n<li data-zone-id=\"0\" data-line-index=\"0\" data-line=\"true\">\u0130\u00e7in m\u00fckemmeldir: Benzin \/ S\u0131v\u0131la\u015ft\u0131r\u0131lm\u0131\u015f Gaz (LPG), Gazya\u011f\u0131, Hafif Dizel Ya\u011f\u0131, Ham Petrol, A\u011f\u0131r Akaryak\u0131t, Y\u00fcksek Viskoziteli S\u0131v\u0131lar, Y\u00fcksek Su \u0130\u00e7eri\u011fi ve Ultra Y\u00fcksek Viskoziteli S\u0131v\u0131lar<\/li>\n<li data-zone-id=\"0\" data-line-index=\"0\" data-line=\"true\">Benzersiz sarmal rotor tasar\u0131m\u0131, geleneksel di\u015fli tipi PD \u00f6l\u00e7\u00fcm cihazlar\u0131na g\u00f6re daha d\u00fc\u015f\u00fck bas\u0131n\u00e7 d\u00fc\u015f\u00fc\u015f\u00fc, a\u015fa\u011f\u0131 ak\u0131\u015f titre\u015fimlerinin sanal olarak ortadan kald\u0131r\u0131lmas\u0131, geli\u015fmi\u015f partik\u00fcl tolerans\u0131 ve daha az bak\u0131m dahil olmak \u00fczere bir dizi avantaj sa\u011flar.<\/li>\n<li data-zone-id=\"0\" data-line-index=\"0\" data-line=\"true\">M\u00fc\u015fteriye \u00f6zel konstr\u00fcksiyonlarda da mevcuttur<\/li>\n<li data-zone-id=\"0\" data-line-index=\"0\" data-line=\"true\">LCD ekran i\u00e7in \u0130ngilizce, \u0130spanyolca, Frans\u0131zca ve talep \u00fczerine di\u011fer diller mevcuttur.<\/li>\n<li data-zone-id=\"0\" data-line-index=\"0\" data-line=\"true\">Her ak\u0131\u015f \u00f6l\u00e7er kalibre edilir ve t\u00fcm kalibrasyon verilerine kar\u015f\u0131l\u0131k gelen benzersiz bir seri numaras\u0131 atan\u0131r.<\/li>\n<\/ol>\n<\/div>\n<\/div>\n<div class=\"elementor-element e-con-full e-flex e-con e-child\">\n<div class=\"elementor-widget-container\">\n<h3 class=\"elementor-heading-title elementor-size-default\">Uygulamalar:<\/h3>\n<\/div>\n<div class=\"elementor-widget-container\">\n<div>\n<ul>\n<li data-zone-id=\"0\" data-line-index=\"0\" data-line=\"true\">Petrol ve Gaz<\/li>\n<li data-zone-id=\"0\" data-line-index=\"0\" data-line=\"true\">Su ve At\u0131ksu<\/li>\n<li data-zone-id=\"0\" data-line-index=\"0\" data-line=\"true\">Kimya End\u00fcstrisi ve Kimyasal Enjeksiyon<\/li>\n<li data-zone-id=\"0\" data-line-index=\"0\" data-line=\"true\">Enerji \u00dcretimi<\/li>\n<li data-zone-id=\"0\" data-line-index=\"0\" data-line=\"true\">\u0130la\u00e7lar<\/li>\n<li data-zone-id=\"0\" data-line-index=\"0\" data-line=\"true\">Yiyecek ve \u0130\u00e7ecek<\/li>\n<li data-zone-id=\"0\" data-line-index=\"0\" data-line=\"true\">Ka\u011f\u0131t Hamuru ve Ka\u011f\u0131t<\/li>\n<li data-zone-id=\"0\" data-line-index=\"0\" data-line=\"true\">Metal ve Madencilik<\/li>\n<li data-zone-id=\"0\" data-line-index=\"0\" data-line=\"true\">Havac\u0131l\u0131k ve Uzay<\/li>\n<li data-zone-id=\"0\" data-line-index=\"0\" data-line=\"true\">Hidrolik Testler<\/li>\n<\/ul>\n<\/div>\n<\/div>\n<\/div>\n<\/div>","protected":false},"excerpt":{"rendered":"<div class=\"short-description-head\">\n<div data-zone-id=\"0\" data-line-index=\"0\" data-line=\"true\">\u00c7ift rotorlu pozitif deplasmanl\u0131 ak\u0131\u015f \u00f6l\u00e7er, hassas bir \u015fekilde i\u015flenmi\u015f iki d\u00f6ner elemana sahiptir. <strong>helezonik rotorlar<\/strong> Rotorlar\u0131n h\u0131z\u0131n\u0131n bir fonksiyonu olarak hacimsel ak\u0131\u015f h\u0131z\u0131n\u0131 do\u011fru bir \u015fekilde belirlemek i\u00e7in kullan\u0131labilecek bilinen hacimde bir \u00f6l\u00e7\u00fcm odas\u0131 olu\u015fturmak i\u00e7in sayac\u0131n i\u00e7 muhafazas\u0131 i\u00e7inde d\u00f6nen ve birbirine ge\u00e7en. Do\u011fruluk, uzun \u00f6m\u00fcr ve sa\u011flaml\u0131k gerektiren en zorlu uygulamalarda kullan\u0131l\u0131r, yak\u0131t ve ya\u011f i\u00e7in m\u00fckemmel bir se\u00e7imdir. Entegre mekanik kay\u0131t veya elektronik \u00e7\u0131k\u0131\u015f olmak \u00fczere iki konfig\u00fcrasyonda mevcuttur. \u00c7ift rotorlu ak\u0131\u015f \u00f6l\u00e7er \u00b10,1 %'ye kadar y\u00fcksek hassasiyete ve 110 bar'a (1595 psi) kadar y\u00fcksek proses bas\u0131nc\u0131na sahiptir.<\/div>\n<\/div>","protected":false},"featured_media":25729,"template":"","meta":[],"product_brand":[],"product_cat":[209,166,165],"product_tag":[],"class_list":{"0":"post-25726","1":"product","2":"type-product","3":"status-publish","4":"has-post-thumbnail","6":"product_cat-positive-displacement-flow-meters","7":"product_cat-liquid-flow-meters","8":"product_cat-oil-flow-meters","10":"first","11":"instock","12":"shipping-taxable","13":"purchasable","14":"product-type-simple"},"_links":{"self":[{"href":"https:\/\/metlaninst.com\/tr\/wp-json\/wp\/v2\/product\/25726","targetHints":{"allow":["GET"]}}],"collection":[{"href":"https:\/\/metlaninst.com\/tr\/wp-json\/wp\/v2\/product"}],"about":[{"href":"https:\/\/metlaninst.com\/tr\/wp-json\/wp\/v2\/types\/product"}],"version-history":[{"count":8,"href":"https:\/\/metlaninst.com\/tr\/wp-json\/wp\/v2\/product\/25726\/revisions"}],"predecessor-version":[{"id":27094,"href":"https:\/\/metlaninst.com\/tr\/wp-json\/wp\/v2\/product\/25726\/revisions\/27094"}],"wp:featuredmedia":[{"embeddable":true,"href":"https:\/\/metlaninst.com\/tr\/wp-json\/wp\/v2\/media\/25729"}],"wp:attachment":[{"href":"https:\/\/metlaninst.com\/tr\/wp-json\/wp\/v2\/media?parent=25726"}],"wp:term":[{"taxonomy":"product_brand","embeddable":true,"href":"https:\/\/metlaninst.com\/tr\/wp-json\/wp\/v2\/product_brand?post=25726"},{"taxonomy":"product_cat","embeddable":true,"href":"https:\/\/metlaninst.com\/tr\/wp-json\/wp\/v2\/product_cat?post=25726"},{"taxonomy":"product_tag","embeddable":true,"href":"https:\/\/metlaninst.com\/tr\/wp-json\/wp\/v2\/product_tag?post=25726"}],"curies":[{"name":"wp","href":"https:\/\/api.w.org\/{rel}","templated":true}]}}