{"id":26104,"date":"2024-01-16T08:06:44","date_gmt":"2024-01-16T08:06:44","guid":{"rendered":"https:\/\/www.metlaninst.com\/?post_type=product&#038;p=26104"},"modified":"2025-12-23T03:20:27","modified_gmt":"2025-12-23T03:20:27","slug":"hava-tutucular-suzgecler-mt-lpgx","status":"publish","type":"product","link":"https:\/\/metlaninst.com\/tr\/p\/hava-tutucular-suzgecler-mt-lpgx\/","title":{"rendered":"Hava Gidericiler \/ S\u00fczge\u00e7ler (MT-LPGX)"},"content":{"rendered":"<div class=\"e-con-inner\">\n<div class=\"elementor-element e-con-full e-flex e-con e-child\">\n<div class=\"elementor-widget-container\">\n<h3 class=\"elementor-heading-title elementor-size-default\">\u00d6zellikler:<\/h3>\n<\/div>\n<div class=\"elementor-widget-container\">\n<ol>\n<li data-zone-id=\"0\" data-line-index=\"0\" data-line=\"true\">Cihaza giren ak\u0131\u015fkan\u0131n hava veya gaz i\u00e7ermedi\u011finden emin olmak i\u00e7in ak\u0131\u015f \u00f6l\u00e7er ile birlikte yukar\u0131 y\u00f6nde monte edilir.<\/li>\n<li data-zone-id=\"0\" data-line-index=\"0\" data-line=\"true\">Ak\u0131\u015fkandan s\u00fcr\u00fcklenen hava veya gaz\u0131 \u00e7\u0131kar\u0131r.<\/li>\n<li data-zone-id=\"0\" data-line-index=\"0\" data-line=\"true\">t\u00fcm a\u015fa\u011f\u0131 ak\u0131\u015f sistem bile\u015fenlerini korur.<\/li>\n<li data-zone-id=\"0\" data-line-index=\"0\" data-line=\"true\">Ak\u0131\u015f \u00f6l\u00e7\u00fcmlerini bozabilecek ak\u0131\u015fkan i\u00e7indeki hava cepleri veya kabarc\u0131klar\u0131n neden oldu\u011fu yanl\u0131\u015fl\u0131klar\u0131 \u00f6nler.<\/li>\n<li data-zone-id=\"0\" data-line-index=\"0\" data-line=\"true\">Yak\u0131t veya kimyasal ak\u0131\u015f \u00f6l\u00e7\u00fcm sistemleri gibi hava veya gaz\u0131n ak\u0131\u015fkanla kar\u0131\u015fmas\u0131n\u0131n muhtemel oldu\u011fu sistemlerde gereklidir.<\/li>\n<li data-zone-id=\"0\" data-line-index=\"0\" data-line=\"true\">Hassas s\u0131v\u0131 \u00f6l\u00e7\u00fcm\u00fcn\u00fcn kritik oldu\u011fu uygulamalarda kullan\u0131l\u0131r.<\/li>\n<\/ol>\n<\/div>\n<\/div>\n<div class=\"elementor-element e-con-full e-flex e-con e-child\">\n<div class=\"elementor-widget-container\">\n<h3 class=\"elementor-heading-title elementor-size-default\">Uygulamalar:<\/h3>\n<\/div>\n<div class=\"elementor-widget-container\">\n<ul>\n<li data-zone-id=\"0\" data-line-index=\"0\" data-line=\"true\">Petrol ve Gaz<\/li>\n<li data-zone-id=\"0\" data-line-index=\"0\" data-line=\"true\">Su ve At\u0131ksu<\/li>\n<li data-zone-id=\"0\" data-line-index=\"0\" data-line=\"true\">Kimya End\u00fcstrisi ve Kimyasal Enjeksiyon<\/li>\n<li data-zone-id=\"0\" data-line-index=\"0\" data-line=\"true\">\u0130la\u00e7lar<\/li>\n<li data-zone-id=\"0\" data-line-index=\"0\" data-line=\"true\">Yiyecek ve \u0130\u00e7ecek<\/li>\n<li data-zone-id=\"0\" data-line-index=\"0\" data-line=\"true\">Velayet Devri<\/li>\n<\/ul>\n<\/div>\n<\/div>\n<\/div>","protected":false},"excerpt":{"rendered":"<div class=\"short-description-head\">\n<div data-zone-id=\"0\" data-line-index=\"0\" data-line=\"true\">\n<div>\n<div data-zone-id=\"0\" data-line-index=\"0\" data-line=\"true\">The air Eliminators are designed to provide separation and elimination of air and solids in metering systems. Installing air eliminators \/ strainers upstream of measurement devices (especially positive displacement flow meters) ensures accurate measurement, whilst protecting all downstream system components.<\/div>\n<\/div>\n<\/div>\n<\/div>","protected":false},"featured_media":26107,"template":"","meta":[],"product_brand":[],"product_cat":[209,165],"product_tag":[],"class_list":{"0":"post-26104","1":"product","2":"type-product","3":"status-publish","4":"has-post-thumbnail","6":"product_cat-positive-displacement-flow-meters","7":"product_cat-oil-flow-meters","9":"first","10":"instock","11":"shipping-taxable","12":"purchasable","13":"product-type-simple"},"_links":{"self":[{"href":"https:\/\/metlaninst.com\/tr\/wp-json\/wp\/v2\/product\/26104","targetHints":{"allow":["GET"]}}],"collection":[{"href":"https:\/\/metlaninst.com\/tr\/wp-json\/wp\/v2\/product"}],"about":[{"href":"https:\/\/metlaninst.com\/tr\/wp-json\/wp\/v2\/types\/product"}],"version-history":[{"count":3,"href":"https:\/\/metlaninst.com\/tr\/wp-json\/wp\/v2\/product\/26104\/revisions"}],"predecessor-version":[{"id":27698,"href":"https:\/\/metlaninst.com\/tr\/wp-json\/wp\/v2\/product\/26104\/revisions\/27698"}],"wp:featuredmedia":[{"embeddable":true,"href":"https:\/\/metlaninst.com\/tr\/wp-json\/wp\/v2\/media\/26107"}],"wp:attachment":[{"href":"https:\/\/metlaninst.com\/tr\/wp-json\/wp\/v2\/media?parent=26104"}],"wp:term":[{"taxonomy":"product_brand","embeddable":true,"href":"https:\/\/metlaninst.com\/tr\/wp-json\/wp\/v2\/product_brand?post=26104"},{"taxonomy":"product_cat","embeddable":true,"href":"https:\/\/metlaninst.com\/tr\/wp-json\/wp\/v2\/product_cat?post=26104"},{"taxonomy":"product_tag","embeddable":true,"href":"https:\/\/metlaninst.com\/tr\/wp-json\/wp\/v2\/product_tag?post=26104"}],"curies":[{"name":"wp","href":"https:\/\/api.w.org\/{rel}","templated":true}]}}