{"id":26311,"date":"2025-02-16T10:14:37","date_gmt":"2025-02-16T10:14:37","guid":{"rendered":"https:\/\/www.metlaninst.com\/?post_type=product&#038;p=26311"},"modified":"2025-06-15T11:21:07","modified_gmt":"2025-06-15T11:21:07","slug":"ekleme-patlamaya-dayanikli-termal-kutle-akis-olcer-mt211x-ex","status":"publish","type":"product","link":"https:\/\/metlaninst.com\/tr\/p\/ekleme-patlamaya-dayanikli-termal-kutle-akis-olcer-mt211x-ex\/","title":{"rendered":"Ekleme Patlamaya dayan\u0131kl\u0131 Termal K\u00fctle Ak\u0131\u015f \u00d6l\u00e7er (MT211x-Ex)"},"content":{"rendered":"<div class=\"e-con-inner\">\n<div class=\"elementor-element e-con-full e-flex e-con e-child\">\n<div class=\"elementor-widget-container\">\n<h3 class=\"elementor-heading-title elementor-size-default\">\u00d6zellikler:<\/h3>\n<\/div>\n<div class=\"elementor-widget-container\">\n<ol>\n<li data-zone-id=\"0\" data-line-index=\"0\" data-line=\"true\">Patlamaya dayan\u0131kl\u0131l\u0131k s\u0131n\u0131f\u0131: Ex db IIC T6 Gb \/ Ex tb IIIC T80\u00b0CDb.<\/li>\n<li data-zone-id=\"0\" data-line-index=\"0\" data-line=\"true\">Ortam: Bas\u0131n\u00e7l\u0131 hava, nitrojen, oksijen, Karbondioksit ve di\u011fer yo\u011fu\u015fmayan gazlar.<\/li>\n<li data-zone-id=\"0\" data-line-index=\"0\" data-line=\"true\">DN20 ile DN1000 aras\u0131ndaki \u00e7aplara sahip borular i\u00e7in uygundur.<\/li>\n<li data-zone-id=\"0\" data-line-index=\"0\" data-line=\"true\">\u00a0Ultra geni\u015f 1:2500 k\u0131sma oran\u0131, \u00f6l\u00e7\u00fcm aral\u0131\u011f\u0131 0,1 Nm\/s ila 250 Nm\/s aras\u0131ndad\u0131r.<\/li>\n<li data-zone-id=\"0\" data-line-index=\"0\" data-line=\"true\">Tam dijital sinyal i\u015fleme, daha y\u00fcksek do\u011fruluk, uzun vadeli kararl\u0131l\u0131k.<\/li>\n<li data-zone-id=\"0\" data-line-index=\"0\" data-line=\"true\">Termal ak\u0131\u015f \u00f6l\u00e7\u00fcm prensibine dayanarak, gaz bas\u0131nc\u0131n\u0131 ve s\u0131cakl\u0131\u011f\u0131n\u0131, entegre s\u0131cakl\u0131k \u00f6l\u00e7\u00fcm\u00fcn\u00fc telafi etmek gerekli de\u011fildir.<\/li>\n<li data-zone-id=\"0\" data-line-index=\"0\" data-line=\"true\">Tamamen izole edilmi\u015f elektrik yap\u0131s\u0131, alan bozulmalar\u0131n\u0131 tamamen filtreleyebilir.<\/li>\n<li data-zone-id=\"0\" data-line-index=\"0\" data-line=\"true\">LCD ekran i\u00e7in \u0130ngilizce, \u0130spanyolca, Frans\u0131zca ve talep \u00fczerine di\u011fer diller mevcuttur.<\/li>\n<li data-zone-id=\"0\" data-line-index=\"0\" data-line=\"true\">Her ak\u0131\u015f \u00f6l\u00e7er kalibre edilir ve t\u00fcm kalibrasyon verilerine kar\u015f\u0131l\u0131k gelen benzersiz bir seri numaras\u0131 atan\u0131r.<\/li>\n<\/ol>\n<\/div>\n<\/div>\n<div class=\"elementor-element e-con-full e-flex e-con e-child\">\n<div class=\"elementor-widget-container\">\n<h3 class=\"elementor-heading-title elementor-size-default\">Uygulamalar:<\/h3>\n<\/div>\n<div class=\"elementor-widget-container\">\n<p><strong>Petrol ve Gaz<\/strong><br \/>\n- Kuyu ba\u015f\u0131 gaz\u0131, parlama gaz\u0131<br \/>\n<strong>\u00c7evresel \u0130zleme<\/strong><br \/>\n- Baca emisyonlar\u0131, biyogaz, hava kalitesi<br \/>\n<strong>Kimya ve Petrokimya<\/strong><br \/>\n- Proses gaz\u0131 ak\u0131\u015f\u0131, gaz enjeksiyonu, ka\u00e7ak tespiti<br \/>\n<strong>\u0130la\u00e7 ve Biyoteknoloji<\/strong><br \/>\n- Temiz oda hava ak\u0131\u015f\u0131, biyoreakt\u00f6r gaz ak\u0131\u015f\u0131<br \/>\n<strong>Yiyecek ve \u0130\u00e7ecek<\/strong><br \/>\n- Karbonatlamada CO\u2082, paketlemede nitrojen<br \/>\n<strong>HVAC<\/strong><br \/>\n- Kanal hava ak\u0131\u015f\u0131, havaland\u0131rma sistemleri<\/p>\n<\/div>\n<\/div>\n<\/div>","protected":false},"excerpt":{"rendered":"<div class=\"short-description-head\">\n<div data-zone-id=\"0\" data-line-index=\"0\" data-line=\"true\">Bu termal k\u00fctle ak\u0131\u015f \u00f6l\u00e7er, MT211x'in Ex db IIC T6 Gb \/ Ex tb IIIC T80\u00b0C Db s\u0131n\u0131f\u0131na sahip patlamaya dayan\u0131kl\u0131 versiyonudur. Ultra geni\u015f 1:2500 k\u0131sma oran\u0131 ile \u00f6l\u00e7\u00fcm aral\u0131\u011f\u0131 0,1 Nm\/s ila 250 Nm\/s aras\u0131ndad\u0131r ve DN20 ila DN1000 \u00e7apl\u0131 borular i\u00e7in uygundur.<\/div>\n<\/div>","protected":false},"featured_media":26312,"template":"","meta":[],"product_brand":[],"product_cat":[215,208,164],"product_tag":[],"class_list":{"0":"post-26311","1":"product","2":"type-product","3":"status-publish","4":"has-post-thumbnail","6":"product_cat-thermal-mass-flow-meters","7":"product_cat-gas-flow-meters","8":"product_cat-air-flow-meters","10":"first","11":"instock","12":"shipping-taxable","13":"purchasable","14":"product-type-simple"},"_links":{"self":[{"href":"https:\/\/metlaninst.com\/tr\/wp-json\/wp\/v2\/product\/26311","targetHints":{"allow":["GET"]}}],"collection":[{"href":"https:\/\/metlaninst.com\/tr\/wp-json\/wp\/v2\/product"}],"about":[{"href":"https:\/\/metlaninst.com\/tr\/wp-json\/wp\/v2\/types\/product"}],"version-history":[{"count":1,"href":"https:\/\/metlaninst.com\/tr\/wp-json\/wp\/v2\/product\/26311\/revisions"}],"predecessor-version":[{"id":26313,"href":"https:\/\/metlaninst.com\/tr\/wp-json\/wp\/v2\/product\/26311\/revisions\/26313"}],"wp:featuredmedia":[{"embeddable":true,"href":"https:\/\/metlaninst.com\/tr\/wp-json\/wp\/v2\/media\/26312"}],"wp:attachment":[{"href":"https:\/\/metlaninst.com\/tr\/wp-json\/wp\/v2\/media?parent=26311"}],"wp:term":[{"taxonomy":"product_brand","embeddable":true,"href":"https:\/\/metlaninst.com\/tr\/wp-json\/wp\/v2\/product_brand?post=26311"},{"taxonomy":"product_cat","embeddable":true,"href":"https:\/\/metlaninst.com\/tr\/wp-json\/wp\/v2\/product_cat?post=26311"},{"taxonomy":"product_tag","embeddable":true,"href":"https:\/\/metlaninst.com\/tr\/wp-json\/wp\/v2\/product_tag?post=26311"}],"curies":[{"name":"wp","href":"https:\/\/api.w.org\/{rel}","templated":true}]}}