{"id":26402,"date":"2024-11-10T07:06:27","date_gmt":"2024-11-10T07:06:27","guid":{"rendered":"https:\/\/www.metlaninst.com\/?post_type=product&#038;p=26402"},"modified":"2025-04-25T09:27:39","modified_gmt":"2025-04-25T09:27:39","slug":"coriolis-kutle-akis-olcer-c-sekli-mtd-acmc","status":"publish","type":"product","link":"https:\/\/metlaninst.com\/tr\/p\/coriolis-kutle-akis-olcer-c-sekli-mtd-acmc\/","title":{"rendered":"Coriolis K\u00fctle Ak\u0131\u015f \u00d6l\u00e7er C \u015eekli (MTD-ACMC)"},"content":{"rendered":"<div class=\"e-con-inner\">\n<div class=\"elementor-element e-con-full e-flex e-con e-child\">\n<div class=\"elementor-widget-container\">\n<h3 class=\"elementor-heading-title elementor-size-default\">\u00d6zellikler:<\/h3>\n<\/div>\n<div class=\"elementor-widget-container\">\n<ol class=\"product-description-list\">\n<li>0,1 %'ye kadar y\u00fcksek do\u011fruluk, \u0130yi g\u00fcvenilirlik<\/li>\n<li>\u0130yi s\u0131f\u0131r kararl\u0131l\u0131k ve anti-parazit performans\u0131<\/li>\n<li>Hareketli par\u00e7a yok, bak\u0131m gerektirmez<\/li>\n<li>Hart dahil \u00e7oklu dijital ileti\u015fim<\/li>\n<li>LCD ekran i\u00e7in \u0130ngilizce, \u0130spanyolca, Frans\u0131zca ve talep \u00fczerine di\u011fer diller mevcuttur.<\/li>\n<li>Her ak\u0131\u015f \u00f6l\u00e7er kalibre edilir ve t\u00fcm kalibrasyon verilerine kar\u015f\u0131l\u0131k gelen benzersiz bir seri numaras\u0131 atan\u0131r.<\/li>\n<\/ol>\n<\/div>\n<\/div>\n<div class=\"elementor-element e-con-full e-flex e-con e-child\">\n<div class=\"elementor-widget-container\">\n<h3 class=\"elementor-heading-title elementor-size-default\">Uygulamalar:<\/h3>\n<\/div>\n<div class=\"elementor-widget-container\">\n<h5 class=\"first\">Genel<\/h5>\n<ul class=\"product-description-list\">\n<li style=\"list-style-type: none;\">\n<ul class=\"product-description-list\">\n<li>S\u0131v\u0131lar\u0131n, gazlar\u0131n ve gazla s\u00fcr\u00fcklenen s\u0131v\u0131lar\u0131n \u00f6l\u00e7\u00fcm\u00fc<\/li>\n<li>\u00c7ok agresif, y\u00fcksek korozif veya kaymaya duyarl\u0131 ortamlar<\/li>\n<li>D\u00fc\u015f\u00fck ak\u0131\u015f h\u0131z\u0131 gerektiren \u00fcr\u00fcnler<\/li>\n<li>Homojen olmayan kar\u0131\u015f\u0131mlar<\/li>\n<li>Saklama transferi (mali \u00f6l\u00e7\u00fcm)<\/li>\n<\/ul>\n<\/li>\n<\/ul>\n<h5>Kimya ve di\u011fer proses end\u00fcstrileri<\/h5>\n<ul class=\"product-description-list\">\n<li style=\"list-style-type: none;\">\n<ul class=\"product-description-list\">\n<li>Konsantrasyon, yo\u011funluk \u00f6l\u00e7\u00fcm\u00fc<\/li>\n<li>Toplu y\u00fckleme<\/li>\n<li>Reakt\u00f6rlere y\u0131\u011f\u0131nlama<\/li>\n<li>Asitler, bazlar, fosgen ve di\u011fer klor\u00fcrl\u00fc maddeler, s\u00fclf\u00fcrik maddeler<\/li>\n<\/ul>\n<\/li>\n<\/ul>\n<h5>Yiyecek ve i\u00e7ecek end\u00fcstrisi<\/h5>\n<ul class=\"product-description-list\">\n<li style=\"list-style-type: none;\">\n<ul class=\"product-description-list\">\n<li>Dozajlama, dozajlama, doldurma<\/li>\n<li>Bira \u00fcretim s\u00fcre\u00e7lerinde ak\u0131\u015f, yo\u011funluk, \u00f6zg\u00fcl a\u011f\u0131rl\u0131k \u00f6l\u00e7\u00fcm\u00fc<\/li>\n<li>\u015eerbet\u00e7iotu \u00f6z\u00fct\u00fc dozaj\u0131<\/li>\n<li>Mand\u0131ralarda s\u00fct al\u0131m\u0131, dozajlama ve ay\u0131rma i\u015flemleri<\/li>\n<li>Meyve sular\u0131nda Brix, yo\u011funluk ve ak\u0131\u015f \u00f6l\u00e7\u00fcm\u00fc<\/li>\n<li>Ya\u011fl\u0131 ve gresli \u00fcr\u00fcnler (\u00f6rne\u011fin kremal\u0131 \u0131spanak kar\u0131\u015f\u0131mlar\u0131 vb.)<\/li>\n<li>S\u0131v\u0131 \u00e7ikolata, bal, marmelat, \u015furup, dondurma vb.<\/li>\n<li>CO2 enjeksiyonu<\/li>\n<li>Alkoll\u00fc i\u00e7ecekler (viski, \u015farap, votka vb.)<\/li>\n<\/ul>\n<\/li>\n<\/ul>\n<h5>\u0130la\u00e7 end\u00fcstrisi<\/h5>\n<ul class=\"product-description-list\">\n<li style=\"list-style-type: none;\">\n<ul class=\"product-description-list\">\n<li>Dozajlama, dozajlama, doldurma<\/li>\n<li>Solvent ekstraksiyonu<\/li>\n<\/ul>\n<\/li>\n<\/ul>\n<h5>Petrol ve gaz end\u00fcstrisi<\/h5>\n<ul class=\"product-description-list\">\n<li style=\"list-style-type: none;\">\n<ul class=\"product-description-list\">\n<li>\u00d6l\u00e7\u00fcm k\u0131zaklar\u0131, d\u00f6kme ve tanker y\u00fckleme, boru hatt\u0131 transferi, hat i\u00e7i yo\u011funluk \u00f6l\u00e7\u00fcm\u00fc<\/li>\n<li>S\u0131v\u0131 hidrokarbonlar, s\u0131v\u0131la\u015ft\u0131r\u0131lm\u0131\u015f gazlar (propan vb.)<\/li>\n<\/ul>\n<\/li>\n<\/ul>\n<h5>Ka\u011f\u0131t hamuru ve ka\u011f\u0131t end\u00fcstrisi<\/h5>\n<ul class=\"product-description-list\">\n<li style=\"list-style-type: none;\">\n<ul class=\"product-description-list\">\n<li>Ka\u011f\u0131t sto\u011fu, ka\u011f\u0131t hamuru<\/li>\n<li>Kaplama mutfaklar\u0131<\/li>\n<\/ul>\n<\/li>\n<\/ul>\n<h5>Su ve at\u0131k su end\u00fcstrisi<\/h5>\n<ul class=\"product-description-list\">\n<li>Flok\u00fclant dozaj\u0131<\/li>\n<li>\u00c7amur ak\u0131\u015f\u0131 ve yo\u011funluk \u00f6l\u00e7\u00fcm\u00fc<\/li>\n<\/ul>\n<\/div>\n<\/div>\n<\/div>","protected":false},"excerpt":{"rendered":"<div class=\"short-description-head\">Bu MTD-ACMC Coriolis k\u00fctle ak\u0131\u015f \u00f6l\u00e7er, \u00b10,1 %'ye kadar do\u011frulukla en iyi k\u00fctle ak\u0131\u015f\u0131, yo\u011funluk ve s\u0131cakl\u0131k \u00f6l\u00e7\u00fcm performans\u0131n\u0131 sa\u011flar. \u00d6l\u00e7\u00fcm do\u011frulu\u011funu b\u00fcy\u00fck \u00f6l\u00e7\u00fcde art\u0131ran, aral\u0131k oran\u0131n\u0131 geni\u015fleten, parazit \u00f6nleme yetene\u011fini geli\u015ftiren ve y\u00fcksek hassasiyetli \u00f6l\u00e7\u00fcm i\u00e7in giderek karma\u015f\u0131kla\u015fan saha \u00e7al\u0131\u015fma ko\u015fullar\u0131n\u0131 daha b\u00fcy\u00fck \u00f6l\u00e7\u00fcde kar\u015f\u0131layan d\u00fc\u015f\u00fck diren\u00e7 ve d\u00fc\u015f\u00fck bas\u0131n\u00e7 kayb\u0131 \u00f6zelliklerine sahiptir.<\/div>","protected":false},"featured_media":26405,"template":"","meta":[],"product_brand":[],"product_cat":[171,208,205,164,166,165],"product_tag":[],"class_list":{"0":"post-26402","1":"product","2":"type-product","3":"status-publish","4":"has-post-thumbnail","6":"product_cat-coriolis-flow-meters","7":"product_cat-gas-flow-meters","8":"product_cat-steam-flow-meters","9":"product_cat-air-flow-meters","10":"product_cat-liquid-flow-meters","11":"product_cat-oil-flow-meters","13":"first","14":"instock","15":"shipping-taxable","16":"purchasable","17":"product-type-simple"},"_links":{"self":[{"href":"https:\/\/metlaninst.com\/tr\/wp-json\/wp\/v2\/product\/26402","targetHints":{"allow":["GET"]}}],"collection":[{"href":"https:\/\/metlaninst.com\/tr\/wp-json\/wp\/v2\/product"}],"about":[{"href":"https:\/\/metlaninst.com\/tr\/wp-json\/wp\/v2\/types\/product"}],"version-history":[{"count":1,"href":"https:\/\/metlaninst.com\/tr\/wp-json\/wp\/v2\/product\/26402\/revisions"}],"predecessor-version":[{"id":26406,"href":"https:\/\/metlaninst.com\/tr\/wp-json\/wp\/v2\/product\/26402\/revisions\/26406"}],"wp:featuredmedia":[{"embeddable":true,"href":"https:\/\/metlaninst.com\/tr\/wp-json\/wp\/v2\/media\/26405"}],"wp:attachment":[{"href":"https:\/\/metlaninst.com\/tr\/wp-json\/wp\/v2\/media?parent=26402"}],"wp:term":[{"taxonomy":"product_brand","embeddable":true,"href":"https:\/\/metlaninst.com\/tr\/wp-json\/wp\/v2\/product_brand?post=26402"},{"taxonomy":"product_cat","embeddable":true,"href":"https:\/\/metlaninst.com\/tr\/wp-json\/wp\/v2\/product_cat?post=26402"},{"taxonomy":"product_tag","embeddable":true,"href":"https:\/\/metlaninst.com\/tr\/wp-json\/wp\/v2\/product_tag?post=26402"}],"curies":[{"name":"wp","href":"https:\/\/api.w.org\/{rel}","templated":true}]}}