{"id":26591,"date":"2024-12-15T08:22:22","date_gmt":"2024-12-15T08:22:22","guid":{"rendered":"https:\/\/www.metlaninst.com\/?post_type=product&#038;p=26591"},"modified":"2025-03-21T02:25:06","modified_gmt":"2025-03-21T02:25:06","slug":"yuksek-dogruluklu-turbi%cc%87n-gazi-akis-olcerler-lwgymt-es","status":"publish","type":"product","link":"https:\/\/metlaninst.com\/tr\/p\/yuksek-dogruluklu-turbi%cc%87n-gazi-akis-olcerler-lwgymt-es\/","title":{"rendered":"Y\u00fcksek Hassasiyetli T\u00fcrbin Gaz Ak\u0131\u015f \u00d6l\u00e7erler (LWGYMT-ES)"},"content":{"rendered":"<div class=\"e-con-inner\">\n<div class=\"elementor-element e-con-full e-flex e-con e-child\">\n<div class=\"elementor-widget-container\">\n<h3 class=\"elementor-heading-title elementor-size-default\">\u00d6zellikler:<\/h3>\n<\/div>\n<div class=\"elementor-widget-container\">\n<ol>\n<li>S\u0131cakl\u0131k ve bas\u0131n\u00e7 dengeleme.<\/li>\n<li>Segment LCD, -30\u00b0C'de normal olarak g\u00f6r\u00fcnt\u00fclenir<\/li>\n<li>Entegre hareket<\/li>\n<li>Haberle\u015fme: Modbus RS485<\/li>\n<li>E\u015f zamanl\u0131 ak\u0131\u015f h\u0131z\u0131, toplam ak\u0131\u015f hacmi, bas\u0131n\u00e7 ve s\u0131cakl\u0131k g\u00f6stergesi.<\/li>\n<li>M\u00fc\u015fteriye \u00f6zel konstr\u00fcksiyonlarda da mevcuttur<\/li>\n<li>LCD ekran i\u00e7in \u0130ngilizce, \u0130spanyolca, Frans\u0131zca ve talep \u00fczerine di\u011fer diller mevcuttur.<\/li>\n<li>Her ak\u0131\u015f \u00f6l\u00e7er kalibre edilir ve t\u00fcm kalibrasyon verilerine kar\u015f\u0131l\u0131k gelen benzersiz bir seri numaras\u0131 atan\u0131r.<\/li>\n<\/ol>\n<\/div>\n<\/div>\n<div class=\"elementor-element e-con-full e-flex e-con e-child\">\n<div class=\"elementor-widget-container\">\n<h3 class=\"elementor-heading-title elementor-size-default\">Uygulamalar:<\/h3>\n<\/div>\n<div class=\"elementor-widget-container\">\n<h5>Genel<\/h5>\n<div>\n<ul>\n<li data-zone-id=\"0\" data-line-index=\"0\" data-line=\"true\">\u00c7e\u015fitli end\u00fcstriyel ortamlarda gaz ak\u0131\u015f\u0131n\u0131n do\u011fru \u00f6l\u00e7\u00fcm\u00fc<\/li>\n<\/ul>\n<\/div>\n<h5>Petrol ve Gaz End\u00fcstrisi<\/h5>\n<div>\n<ul>\n<li data-zone-id=\"0\" data-line-index=\"0\" data-line=\"true\">Do\u011fal gaz boru hatlar\u0131n\u0131n izlenmesi<\/li>\n<li data-zone-id=\"0\" data-line-index=\"0\" data-line=\"true\">Gaz enjeksiyon ve i\u015fleme sistemlerinde do\u011fru \u00f6l\u00e7\u00fcm<\/li>\n<\/ul>\n<\/div>\n<h5>End\u00fcstriyel \u00dcretim<\/h5>\n<div>\n<ul>\n<li data-zone-id=\"0\" data-line-index=\"0\" data-line=\"true\">End\u00fcstriyel i\u015fleme ve kimyasal uygulamalarda gazlar\u0131n \u00f6l\u00e7\u00fcm\u00fc<\/li>\n<\/ul>\n<h5>Enerji \u00dcretimi<\/h5>\n<div>\n<ul>\n<li data-zone-id=\"0\" data-line-index=\"0\" data-line=\"true\">Enerji santrallerinde verimlilik i\u00e7in gaz ak\u0131\u015flar\u0131n\u0131n izlenmesi<\/li>\n<\/ul>\n<\/div>\n<\/div>\n<\/div>\n<\/div>\n<\/div>","protected":false},"excerpt":{"rendered":"<div class=\"short-description-head\">\n<div data-zone-id=\"0\" data-line-index=\"0\" data-line=\"true\">LWGYMT-ES, \u00b11.0%'ye kadar y\u00fcksek hassasiyetli bir t\u00fcrbin gaz ak\u0131\u015f \u00f6l\u00e7erdir. Do\u011fal gaz, propan, b\u00fctan, karbondioksit ve nitrojen gibi orta ila d\u00fc\u015f\u00fck ak\u0131\u015f h\u0131zlar\u0131na sahip a\u015f\u0131nd\u0131r\u0131c\u0131 olmayan gazl\u0131 ortamlar\u0131n \u00f6l\u00e7\u00fcm\u00fc i\u00e7in son derece uygundur ve a\u015fa\u011f\u0131daki alanlarda yayg\u0131n olarak kullan\u0131l\u0131r <em>gaz \u00f6l\u00e7\u00fcm\u00fc<\/em> Petrol, kimya, enerji ve metal\u00fcrji end\u00fcstrilerinde, kazan sistemlerinde ve ayr\u0131ca kentsel do\u011fal gaz \u015febekelerinde, gaz bas\u0131nc\u0131 d\u00fczenleme istasyonlar\u0131nda ve gaz ticareti \u00f6l\u00e7\u00fcmlerinde kullan\u0131l\u0131r.<\/div>\n<\/div>","protected":false},"featured_media":26592,"template":"","meta":[],"product_brand":[],"product_cat":[120,208,164],"product_tag":[],"class_list":{"0":"post-26591","1":"product","2":"type-product","3":"status-publish","4":"has-post-thumbnail","6":"product_cat-turbine-flow-meters","7":"product_cat-gas-flow-meters","8":"product_cat-air-flow-meters","10":"first","11":"instock","12":"shipping-taxable","13":"purchasable","14":"product-type-simple"},"_links":{"self":[{"href":"https:\/\/metlaninst.com\/tr\/wp-json\/wp\/v2\/product\/26591","targetHints":{"allow":["GET"]}}],"collection":[{"href":"https:\/\/metlaninst.com\/tr\/wp-json\/wp\/v2\/product"}],"about":[{"href":"https:\/\/metlaninst.com\/tr\/wp-json\/wp\/v2\/types\/product"}],"version-history":[{"count":1,"href":"https:\/\/metlaninst.com\/tr\/wp-json\/wp\/v2\/product\/26591\/revisions"}],"predecessor-version":[{"id":26593,"href":"https:\/\/metlaninst.com\/tr\/wp-json\/wp\/v2\/product\/26591\/revisions\/26593"}],"wp:featuredmedia":[{"embeddable":true,"href":"https:\/\/metlaninst.com\/tr\/wp-json\/wp\/v2\/media\/26592"}],"wp:attachment":[{"href":"https:\/\/metlaninst.com\/tr\/wp-json\/wp\/v2\/media?parent=26591"}],"wp:term":[{"taxonomy":"product_brand","embeddable":true,"href":"https:\/\/metlaninst.com\/tr\/wp-json\/wp\/v2\/product_brand?post=26591"},{"taxonomy":"product_cat","embeddable":true,"href":"https:\/\/metlaninst.com\/tr\/wp-json\/wp\/v2\/product_cat?post=26591"},{"taxonomy":"product_tag","embeddable":true,"href":"https:\/\/metlaninst.com\/tr\/wp-json\/wp\/v2\/product_tag?post=26591"}],"curies":[{"name":"wp","href":"https:\/\/api.w.org\/{rel}","templated":true}]}}