{"id":26621,"date":"2024-09-15T13:30:46","date_gmt":"2024-09-15T13:30:46","guid":{"rendered":"https:\/\/www.metlaninst.com\/?post_type=product&#038;p=26621"},"modified":"2025-03-21T02:47:06","modified_gmt":"2025-03-21T02:47:06","slug":"pitot-tup-gaz-akis-olcer-mtkb-201x","status":"publish","type":"product","link":"https:\/\/metlaninst.com\/tr\/p\/pitot-tup-gaz-akis-olcer-mtkb-201x\/","title":{"rendered":"Pitot T\u00fcp Gaz Ak\u0131\u015f \u00d6l\u00e7er MTKB-201x"},"content":{"rendered":"<div class=\"e-con-inner\">\n<div class=\"elementor-element e-con-full e-flex e-con e-child\">\n<div class=\"elementor-widget-container\">\n<h3 class=\"elementor-heading-title elementor-size-default\">\u00d6zellikler:<\/h3>\n<\/div>\n<div class=\"elementor-widget-container\">\n<ol>\n<li>Kirli ve \u0131slak havan\u0131n \u00f6l\u00e7\u00fcm\u00fcne uygulanabilir<\/li>\n<li>\u00c7evrimi\u00e7i otomatik kalibrasyon veri sapmas\u0131n\u0131 azalt\u0131r<\/li>\n<li>y\u00fcksek hassasiyet, alt s\u0131n\u0131r 5 Nm\/s'ye kadar d\u00fc\u015fer<\/li>\n<li>1:60 geni\u015f k\u0131sma oran\u0131<\/li>\n<li>\u00c7ift y\u00f6nl\u00fc ak\u0131\u015f \u00f6l\u00e7\u00fcm\u00fc<\/li>\n<li>Online gaz bas\u0131nc\u0131 ve s\u0131cakl\u0131\u011f\u0131n\u0131 izlemek i\u00e7in bas\u0131n\u00e7 ve s\u0131cakl\u0131k sens\u00f6rlerini entegre eder<\/li>\n<li>Hareketli par\u00e7a yok, d\u00fc\u015f\u00fck bas\u0131n\u00e7 d\u00fc\u015f\u00fc\u015f\u00fc<\/li>\n<li>Boru hatt\u0131 titre\u015fiminden etkilenmez<\/li>\n<li>LCD ekran i\u00e7in \u0130ngilizce, \u0130spanyolca, Frans\u0131zca ve talep \u00fczerine di\u011fer diller mevcuttur.<\/li>\n<li>Her ak\u0131\u015f \u00f6l\u00e7er kalibre edilir ve t\u00fcm kalibrasyon verilerine kar\u015f\u0131l\u0131k gelen benzersiz bir seri numaras\u0131 atan\u0131r.<\/li>\n<\/ol>\n<\/div>\n<\/div>\n<div class=\"elementor-element e-con-full e-flex e-con e-child\">\n<div class=\"elementor-widget-container\">\n<h3 class=\"elementor-heading-title elementor-size-default\">Uygulamalar:<\/h3>\n<\/div>\n<div class=\"elementor-widget-container\">\n<p><strong>Genel<\/strong><\/p>\n<ul>\n<li>Kuru \/ \u0131slak hava ve korozif olmayan gazlar<\/li>\n<li>Kamu hizmetleri ve buhar, enerji izleme<\/li>\n<li>Termal yanma s\u00fcre\u00e7leri, birincil ve ikincil hava<\/li>\n<li>Tozsuzla\u015ft\u0131rma ve havaland\u0131rma<\/li>\n<li>Bas\u0131n\u00e7l\u0131 hava<\/li>\n<li>Biyogaz<\/li>\n<\/ul>\n<\/div>\n<\/div>\n<\/div>","protected":false},"excerpt":{"rendered":"<div class=\"short-description-head\">\n<div data-zone-id=\"0\" data-line-index=\"0\" data-line=\"true\">MTKB-201x pitot t\u00fcpl\u00fc farkl\u0131 bas\u0131n\u00e7l\u0131 ak\u0131\u015f \u00f6l\u00e7er, gazlar, \u00f6zellikle kirli\/\u0131slak a\u015f\u0131nd\u0131r\u0131c\u0131 olmayan gazlar i\u00e7in m\u00fckemmel bir se\u00e7imdir. \u00c7ok d\u00fc\u015f\u00fck \u00f6l\u00e7\u00fcm limiti 5 Nm\/s'ye ula\u015fabilir ve k\u0131sma oran\u0131 1:60't\u0131r. \u00c7evrimi\u00e7i otomatik kalibrasyon, s\u0131cakl\u0131k de\u011fi\u015fimi, bas\u0131n\u00e7 de\u011fi\u015fimi ve sens\u00f6r kirlili\u011finin etkilerini otomatik olarak telafi eder.<\/div>\n<\/div>","protected":false},"featured_media":26624,"template":"","meta":[],"product_brand":[],"product_cat":[122,208,164],"product_tag":[],"class_list":{"0":"post-26621","1":"product","2":"type-product","3":"status-publish","4":"has-post-thumbnail","6":"product_cat-differential-pressure-flow-meters","7":"product_cat-gas-flow-meters","8":"product_cat-air-flow-meters","10":"first","11":"instock","12":"shipping-taxable","13":"purchasable","14":"product-type-variable"},"_links":{"self":[{"href":"https:\/\/metlaninst.com\/tr\/wp-json\/wp\/v2\/product\/26621","targetHints":{"allow":["GET"]}}],"collection":[{"href":"https:\/\/metlaninst.com\/tr\/wp-json\/wp\/v2\/product"}],"about":[{"href":"https:\/\/metlaninst.com\/tr\/wp-json\/wp\/v2\/types\/product"}],"version-history":[{"count":2,"href":"https:\/\/metlaninst.com\/tr\/wp-json\/wp\/v2\/product\/26621\/revisions"}],"predecessor-version":[{"id":26628,"href":"https:\/\/metlaninst.com\/tr\/wp-json\/wp\/v2\/product\/26621\/revisions\/26628"}],"wp:featuredmedia":[{"embeddable":true,"href":"https:\/\/metlaninst.com\/tr\/wp-json\/wp\/v2\/media\/26624"}],"wp:attachment":[{"href":"https:\/\/metlaninst.com\/tr\/wp-json\/wp\/v2\/media?parent=26621"}],"wp:term":[{"taxonomy":"product_brand","embeddable":true,"href":"https:\/\/metlaninst.com\/tr\/wp-json\/wp\/v2\/product_brand?post=26621"},{"taxonomy":"product_cat","embeddable":true,"href":"https:\/\/metlaninst.com\/tr\/wp-json\/wp\/v2\/product_cat?post=26621"},{"taxonomy":"product_tag","embeddable":true,"href":"https:\/\/metlaninst.com\/tr\/wp-json\/wp\/v2\/product_tag?post=26621"}],"curies":[{"name":"wp","href":"https:\/\/api.w.org\/{rel}","templated":true}]}}