{"id":26694,"date":"2025-04-19T02:56:05","date_gmt":"2025-04-19T02:56:05","guid":{"rendered":"https:\/\/www.metlaninst.com\/?post_type=product&#038;p=26694"},"modified":"2025-06-15T11:05:40","modified_gmt":"2025-06-15T11:05:40","slug":"termal-gaz-kutle-akis-olcer-kontroloru-mtl20fd","status":"publish","type":"product","link":"https:\/\/metlaninst.com\/tr\/p\/termal-gaz-kutle-akis-olcer-kontroloru-mtl20fd\/","title":{"rendered":"Termal Gaz K\u00fctle Ak\u0131\u015f \u00d6l\u00e7er \/ Kontrol Cihaz\u0131 (MTL20FD)"},"content":{"rendered":"<div class=\"e-con-inner\">\n<div class=\"elementor-element e-con-full e-flex e-con e-child\">\n<div class=\"elementor-widget-container\">\n<h3 class=\"elementor-heading-title elementor-size-default\">\u00d6zellikler:<\/h3>\n<\/div>\n<div class=\"elementor-widget-container\">\n<ol>\n<li data-zone-id=\"0\" data-line-index=\"0\" data-line=\"true\">\u00a0D\u00fc\u015f\u00fck ak\u0131\u015fl\u0131 gaz \u00f6l\u00e7\u00fcm\u00fc i\u00e7in tasarlanm\u0131\u015ft\u0131r.<\/li>\n<li data-zone-id=\"0\" data-line-index=\"0\" data-line=\"true\">K\u0131sma Oran\u0131: Dijital k\u00fctle ak\u0131\u015f kontrol\u00f6r\u00fc i\u00e7in 50:1; dijital k\u00fctle ak\u0131\u015f \u00f6l\u00e7er i\u00e7in 100:1.<\/li>\n<li data-zone-id=\"0\" data-line-index=\"0\" data-line=\"true\">Tepki S\u00fcresi: k\u00fctle ak\u0131\u015f kontrol\u00f6r\u00fc &lt;0,2s; k\u00fctle ak\u0131\u015f \u00f6l\u00e7er &lt;0,1s<\/li>\n<li data-zone-id=\"0\" data-line-index=\"0\" data-line=\"true\">Ak\u0131\u015f h\u0131z\u0131n\u0131 d\u00fczenlemek i\u00e7in entegre PID kontrol\u00f6r\u00fc<\/li>\n<li data-zone-id=\"0\" data-line-index=\"0\" data-line=\"true\">Do\u011frudan k\u00fctle ak\u0131\u015f h\u0131z\u0131 \u00f6l\u00e7\u00fcm\u00fc, otomatik s\u0131cakl\u0131k kompanzasyonu<\/li>\n<li data-zone-id=\"0\" data-line-index=\"0\" data-line=\"true\">Dokunulabilir ekran<\/li>\n<li data-zone-id=\"0\" data-line-index=\"0\" data-line=\"true\">\u00c7e\u015fitli y\u00fcksek ve d\u00fc\u015f\u00fck bas\u0131n\u00e7l\u0131 boru hatlar\u0131 i\u00e7in uygundur.<\/li>\n<li data-zone-id=\"0\" data-line-index=\"0\" data-line=\"true\">LCD ekran i\u00e7in \u0130ngilizce, \u0130spanyolca, Frans\u0131zca ve talep \u00fczerine di\u011fer diller mevcuttur.<\/li>\n<li data-zone-id=\"0\" data-line-index=\"0\" data-line=\"true\">Her ak\u0131\u015f \u00f6l\u00e7er kalibre edilir ve t\u00fcm kalibrasyon verilerine kar\u015f\u0131l\u0131k gelen benzersiz bir seri numaras\u0131 atan\u0131r.<\/li>\n<\/ol>\n<\/div>\n<\/div>\n<div class=\"elementor-element e-con-full e-flex e-con e-child\">\n<div class=\"elementor-widget-container\">\n<h3 class=\"elementor-heading-title elementor-size-default\">Uygulamalar:<\/h3>\n<\/div>\n<div class=\"elementor-widget-container\">\n<p>Cam end\u00fcstrisi, g\u00fcne\u015f enerjisi, atmosferik izleme, end\u00fcstriyel<br \/>\n\u00fcretim, petrol ve petrokimya, k\u00f6m\u00fcr alt\u0131n y\u00f6netimi,<br \/>\ngaz \u00fcretimi ve gaz da\u011f\u0131t\u0131m\u0131, \u00e7evre koruma,<br \/>\nhidrojen enerjisi \/ yak\u0131t pili, \u00e7e\u015fitli alet analizleri<\/p>\n<\/div>\n<\/div>\n<\/div>","protected":false},"excerpt":{"rendered":"<div class=\"short-description-head\">\n<div data-zone-id=\"0\" data-line-index=\"0\" data-line=\"true\">MTL20FD, termal prensibe dayal\u0131 tam \u00f6l\u00e7ekte \u00b1 0,5%'ye kadar hassasiyete sahip y\u00fcksek hassasiyetli bir k\u00fctle ak\u0131\u015f \u00f6l\u00e7er \/ kontrol\u00f6r serisidir. Laboratuvarlarda ve karma\u015f\u0131k end\u00fcstriyel ortamlarda \u00e7e\u015fitli deneyler i\u00e7in kullan\u0131labilir. Karma\u015f\u0131k end\u00fcstriyel ortamlara uyum sa\u011flamak i\u00e7in, IP67 toz ve su ge\u00e7irmezlik derecesinin yan\u0131 s\u0131ra IICT4 i\u00e7 g\u00fcvenlik patlamaya dayan\u0131kl\u0131l\u0131\u011f\u0131 destekleyen baz\u0131 modellerimiz de vard\u0131r. Standart analog giri\u015f\/\u00e7\u0131k\u0131\u015f aray\u00fcz\u00fcne ek olarak, 485\/232 aray\u00fcz\u00fcn\u00fc de destekler ve ileti\u015fim protokol\u00fc standart modbus RTU protokol\u00fcd\u00fcr.<\/div>\n<\/div>","protected":false},"featured_media":26789,"template":"","meta":[],"product_brand":[],"product_cat":[223],"product_tag":[],"class_list":{"0":"post-26694","1":"product","2":"type-product","3":"status-publish","4":"has-post-thumbnail","6":"product_cat-low-flow-mass-flow-meter-controller","8":"first","9":"instock","10":"shipping-taxable","11":"purchasable","12":"product-type-simple"},"_links":{"self":[{"href":"https:\/\/metlaninst.com\/tr\/wp-json\/wp\/v2\/product\/26694","targetHints":{"allow":["GET"]}}],"collection":[{"href":"https:\/\/metlaninst.com\/tr\/wp-json\/wp\/v2\/product"}],"about":[{"href":"https:\/\/metlaninst.com\/tr\/wp-json\/wp\/v2\/types\/product"}],"version-history":[{"count":1,"href":"https:\/\/metlaninst.com\/tr\/wp-json\/wp\/v2\/product\/26694\/revisions"}],"predecessor-version":[{"id":26696,"href":"https:\/\/metlaninst.com\/tr\/wp-json\/wp\/v2\/product\/26694\/revisions\/26696"}],"wp:featuredmedia":[{"embeddable":true,"href":"https:\/\/metlaninst.com\/tr\/wp-json\/wp\/v2\/media\/26789"}],"wp:attachment":[{"href":"https:\/\/metlaninst.com\/tr\/wp-json\/wp\/v2\/media?parent=26694"}],"wp:term":[{"taxonomy":"product_brand","embeddable":true,"href":"https:\/\/metlaninst.com\/tr\/wp-json\/wp\/v2\/product_brand?post=26694"},{"taxonomy":"product_cat","embeddable":true,"href":"https:\/\/metlaninst.com\/tr\/wp-json\/wp\/v2\/product_cat?post=26694"},{"taxonomy":"product_tag","embeddable":true,"href":"https:\/\/metlaninst.com\/tr\/wp-json\/wp\/v2\/product_tag?post=26694"}],"curies":[{"name":"wp","href":"https:\/\/api.w.org\/{rel}","templated":true}]}}