{"id":26697,"date":"2025-04-19T03:28:22","date_gmt":"2025-04-19T03:28:22","guid":{"rendered":"https:\/\/www.metlaninst.com\/?post_type=product&#038;p=26697"},"modified":"2025-11-05T01:52:50","modified_gmt":"2025-11-05T01:52:50","slug":"fark-basincli-gaz-kutle-akis-olcer-kontroloru-mtl20fc","status":"publish","type":"product","link":"https:\/\/metlaninst.com\/tr\/p\/fark-basincli-gaz-kutle-akis-olcer-kontroloru-mtl20fc\/","title":{"rendered":"Fark Bas\u0131n\u00e7l\u0131 K\u00fctle Ak\u0131\u015f \u00d6l\u00e7er \/ Kontrol Cihaz\u0131 MTL20FC"},"content":{"rendered":"<div class=\"e-con-inner\">\n<div class=\"elementor-element e-con-full e-flex e-con e-child\">\n<div class=\"elementor-widget-container\">\n<h3 class=\"elementor-heading-title elementor-size-default\">\u00d6zellikler:<\/h3>\n<\/div>\n<div class=\"elementor-widget-container\">\n<ol>\n<li data-zone-id=\"0\" data-line-index=\"0\" data-line=\"true\">\u00a0D\u00fc\u015f\u00fck ak\u0131\u015fl\u0131 s\u0131v\u0131\/gaz\/buhar \u00f6l\u00e7\u00fcm\u00fc i\u00e7in tasarlanm\u0131\u015ft\u0131r.<\/li>\n<li data-zone-id=\"0\" data-line-index=\"0\" data-line=\"true\">K\u0131sma Oran\u0131: Dijital k\u00fctle ak\u0131\u015f kontrol\u00f6r\u00fc i\u00e7in 50:1; dijital k\u00fctle ak\u0131\u015f \u00f6l\u00e7er i\u00e7in 100:1.<\/li>\n<li data-zone-id=\"0\" data-line-index=\"0\" data-line=\"true\">Tepki S\u00fcresi: k\u00fctle ak\u0131\u015f kontrol\u00f6r\u00fc &lt;0,2s; k\u00fctle ak\u0131\u015f \u00f6l\u00e7er &lt;0,1s<\/li>\n<li data-zone-id=\"0\" data-line-index=\"0\" data-line=\"true\">Ak\u0131\u015f h\u0131z\u0131n\u0131 d\u00fczenlemek i\u00e7in entegre PID kontrol\u00f6r\u00fc<\/li>\n<li data-zone-id=\"0\" data-line-index=\"0\" data-line=\"true\">Do\u011frudan k\u00fctle ak\u0131\u015f h\u0131z\u0131 \u00f6l\u00e7\u00fcm\u00fc, otomatik s\u0131cakl\u0131k kompanzasyonu<\/li>\n<li data-zone-id=\"0\" data-line-index=\"0\" data-line=\"true\">Dokunulabilir ekran<\/li>\n<li data-zone-id=\"0\" data-line-index=\"0\" data-line=\"true\">\u00d6n \u0131s\u0131tma gerektirmez, \u00f6l\u00e7\u00fcm s\u0131ras\u0131nda yan\u0131t gecikmesi olmaz.<\/li>\n<li data-zone-id=\"0\" data-line-index=\"0\" data-line=\"true\">LCD ekran i\u00e7in \u0130ngilizce, \u0130spanyolca, Frans\u0131zca ve talep \u00fczerine di\u011fer diller mevcuttur.<\/li>\n<li data-zone-id=\"0\" data-line-index=\"0\" data-line=\"true\">Her ak\u0131\u015f \u00f6l\u00e7er kalibre edilir ve t\u00fcm kalibrasyon verilerine kar\u015f\u0131l\u0131k gelen benzersiz bir seri numaras\u0131 atan\u0131r.<\/li>\n<\/ol>\n<\/div>\n<\/div>\n<div class=\"elementor-element e-con-full e-flex e-con e-child\">\n<div class=\"elementor-widget-container\">\n<h3 class=\"elementor-heading-title elementor-size-default\">Uygulamalar:<\/h3>\n<\/div>\n<div class=\"elementor-widget-container\">\n<p>Vakum, kaplama, g\u00fcne\u015f enerjisi, yar\u0131 iletken, petrol ve<br \/>\npetrokimya, k\u00f6m\u00fcr metalurjisi, gaz \u00fcretimi ve gaz da\u011f\u0131t\u0131m\u0131,<br \/>\n\u00e7evre koruma, hidrojen enerjisi \/ yak\u0131t pili, her t\u00fcrl\u00fc alet analizi<\/p>\n<\/div>\n<\/div>\n<\/div>","protected":false},"excerpt":{"rendered":"<div class=\"short-description-head\">\n<div data-zone-id=\"0\" data-line-index=\"0\" data-line=\"true\">Diferansiyel bas\u0131n\u00e7 prensibine dayanan MTL20FC k\u00fctle ak\u0131\u015f \u00f6l\u00e7er \/ kontrol\u00f6r serisi, anl\u0131k ak\u0131\u015f h\u0131z\u0131n\u0131, k\u00fcm\u00fclatif ak\u0131\u015f h\u0131z\u0131n\u0131, bas\u0131nc\u0131, s\u0131cakl\u0131\u011f\u0131 vb. ayn\u0131 anda g\u00f6r\u00fcnt\u00fcleyebilir ve \u00e7\u0131kt\u0131 verebilir. Kontrol fonksiyonlar\u0131 gerekti\u011finde, elektromanyetik oransal kontrol valfleri ve dahili PID ayar fonksiyonlar\u0131 da kurulabilir.<\/div>\n<\/div>","protected":false},"featured_media":26788,"template":"","meta":[],"product_brand":[],"product_cat":[223],"product_tag":[],"class_list":{"0":"post-26697","1":"product","2":"type-product","3":"status-publish","4":"has-post-thumbnail","6":"product_cat-low-flow-mass-flow-meter-controller","8":"first","9":"instock","10":"shipping-taxable","11":"purchasable","12":"product-type-simple"},"_links":{"self":[{"href":"https:\/\/metlaninst.com\/tr\/wp-json\/wp\/v2\/product\/26697","targetHints":{"allow":["GET"]}}],"collection":[{"href":"https:\/\/metlaninst.com\/tr\/wp-json\/wp\/v2\/product"}],"about":[{"href":"https:\/\/metlaninst.com\/tr\/wp-json\/wp\/v2\/types\/product"}],"version-history":[{"count":3,"href":"https:\/\/metlaninst.com\/tr\/wp-json\/wp\/v2\/product\/26697\/revisions"}],"predecessor-version":[{"id":27067,"href":"https:\/\/metlaninst.com\/tr\/wp-json\/wp\/v2\/product\/26697\/revisions\/27067"}],"wp:featuredmedia":[{"embeddable":true,"href":"https:\/\/metlaninst.com\/tr\/wp-json\/wp\/v2\/media\/26788"}],"wp:attachment":[{"href":"https:\/\/metlaninst.com\/tr\/wp-json\/wp\/v2\/media?parent=26697"}],"wp:term":[{"taxonomy":"product_brand","embeddable":true,"href":"https:\/\/metlaninst.com\/tr\/wp-json\/wp\/v2\/product_brand?post=26697"},{"taxonomy":"product_cat","embeddable":true,"href":"https:\/\/metlaninst.com\/tr\/wp-json\/wp\/v2\/product_cat?post=26697"},{"taxonomy":"product_tag","embeddable":true,"href":"https:\/\/metlaninst.com\/tr\/wp-json\/wp\/v2\/product_tag?post=26697"}],"curies":[{"name":"wp","href":"https:\/\/api.w.org\/{rel}","templated":true}]}}