{"id":26700,"date":"2025-04-19T03:35:25","date_gmt":"2025-04-19T03:35:25","guid":{"rendered":"https:\/\/www.metlaninst.com\/?post_type=product&#038;p=26700"},"modified":"2025-09-12T14:41:34","modified_gmt":"2025-09-12T14:41:34","slug":"coriolis-kutle-akis-olcer-kontroloru-mtl20fe","status":"publish","type":"product","link":"https:\/\/metlaninst.com\/tr\/p\/coriolis-kutle-akis-olcer-kontroloru-mtl20fe\/","title":{"rendered":"Coriolis K\u00fctle Ak\u0131\u015f \u00d6l\u00e7er \/ Kontrol Cihaz\u0131 MTL20FE"},"content":{"rendered":"<div class=\"e-con-inner\">\n<div class=\"elementor-element e-con-full e-flex e-con e-child\">\n<div class=\"elementor-widget-container\">\n<h3 class=\"elementor-heading-title elementor-size-default\">\u00d6zellikler:<\/h3>\n<\/div>\n<div class=\"elementor-widget-container\">\n<ol>\n<li data-zone-id=\"0\" data-line-index=\"0\" data-line=\"true\">D\u00fc\u015f\u00fck ak\u0131\u015fl\u0131 gaz \/ s\u0131v\u0131 \u00f6l\u00e7\u00fcm\u00fc i\u00e7in tasarlanm\u0131\u015ft\u0131r.<\/li>\n<li data-zone-id=\"0\" data-line-index=\"0\" data-line=\"true\">Y\u00fcksek hassasiyet, iyi tekrarlanabilirlik. S\u0131v\u0131lar i\u00e7in \u00f6l\u00e7\u00fcm do\u011frulu\u011fu \u00b1 0,25%'ye ula\u015fabilir; gazlar i\u00e7in \u00f6l\u00e7\u00fcm do\u011frulu\u011fu \u00b1 0,5%'ye ula\u015fabilir.<\/li>\n<li data-zone-id=\"0\" data-line-index=\"0\" data-line=\"true\">A\u015f\u0131r\u0131 \u00e7evre ko\u015fullar\u0131na dayanabilen y\u00fcksek g\u00fcvenilirlik ve kararl\u0131l\u0131k: \u00dcr\u00fcn, titre\u015fime e\u011filimli ortamlarda bile tutarl\u0131 performans\u0131n\u0131 korur. Darbe veya \u00e7arp\u0131\u015fma gibi kazara fiziksel bozulmalar durumunda, sistem 400 milisaniye i\u00e7inde otomatik olarak kararl\u0131 \u00f6l\u00e7\u00fcm\u00fc geri kazan\u0131r.<\/li>\n<li data-zone-id=\"0\" data-line-index=\"0\" data-line=\"true\">Y\u00fcksek viskoziteli s\u0131v\u0131 ve y\u00fcksek yo\u011funluklu gaz \u00f6l\u00e7\u00fcm\u00fc yapabilir: MTL20FE, a\u015fa\u011f\u0131dakiler gibi \u00e7ok \u00e7e\u015fitli s\u0131v\u0131lar\u0131 \u00f6l\u00e7er<br \/>\nya\u011flama ya\u011f\u0131, s\u0131v\u0131 nitrojen ve di\u011fer y\u00fcksek yo\u011funluklu s\u0131v\u0131lar da do\u011fru bir \u015fekilde \u00f6l\u00e7\u00fclebilir.<\/li>\n<li data-zone-id=\"0\" data-line-index=\"0\" data-line=\"true\">K\u0131sma Oran\u0131: Dijital k\u00fctle ak\u0131\u015f kontrol\u00f6r\u00fc i\u00e7in 50:1; dijital k\u00fctle ak\u0131\u015f \u00f6l\u00e7er i\u00e7in 100:1.<\/li>\n<li data-zone-id=\"0\" data-line-index=\"0\" data-line=\"true\">Tepki S\u00fcresi: k\u00fctle ak\u0131\u015f kontrol\u00f6r\u00fc &lt;0,2s; k\u00fctle ak\u0131\u015f \u00f6l\u00e7er &lt;0,1s<\/li>\n<li data-zone-id=\"0\" data-line-index=\"0\" data-line=\"true\">Ak\u0131\u015f h\u0131z\u0131n\u0131 d\u00fczenlemek i\u00e7in entegre PID kontrol\u00f6r\u00fc.<\/li>\n<li data-zone-id=\"0\" data-line-index=\"0\" data-line=\"true\">Do\u011frudan k\u00fctle ak\u0131\u015f h\u0131z\u0131 \u00f6l\u00e7\u00fcm\u00fc, otomatik s\u0131cakl\u0131k kompanzasyonu.<\/li>\n<li data-zone-id=\"0\" data-line-index=\"0\" data-line=\"true\">Dokunulabilir ekran.<\/li>\n<li data-zone-id=\"0\" data-line-index=\"0\" data-line=\"true\">\u00d6n \u0131s\u0131tma gerektirmez, \u00f6l\u00e7\u00fcm s\u0131ras\u0131nda yan\u0131t gecikmesi olmaz.<\/li>\n<li data-zone-id=\"0\" data-line-index=\"0\" data-line=\"true\">LCD ekran i\u00e7in \u0130ngilizce, \u0130spanyolca, Frans\u0131zca ve talep \u00fczerine di\u011fer diller mevcuttur.<\/li>\n<li data-zone-id=\"0\" data-line-index=\"0\" data-line=\"true\">Her ak\u0131\u015f \u00f6l\u00e7er kalibre edilir ve t\u00fcm kalibrasyon verilerine kar\u015f\u0131l\u0131k gelen benzersiz bir seri numaras\u0131 atan\u0131r.<\/li>\n<\/ol>\n<\/div>\n<\/div>\n<div class=\"elementor-element e-con-full e-flex e-con e-child\">\n<div class=\"elementor-widget-container\">\n<h3 class=\"elementor-heading-title elementor-size-default\">Uygulamalar:<\/h3>\n<\/div>\n<div class=\"elementor-widget-container\">\n<ul>\n<li><strong>Yar\u0131 \u0130letken \u00dcretimi:<\/strong> \u00c7ip \u00fcretim s\u00fcre\u00e7lerinde do\u011frulu\u011fu sa\u011flamak i\u00e7in gaz ve s\u0131v\u0131 ak\u0131\u015flar\u0131n\u0131 hassas bir \u015fekilde kontrol etme.<\/li>\n<li><strong>Yiyecek ve \u0130\u00e7ecek \u0130\u015fleme:<\/strong> Tutarl\u0131 \u00fcr\u00fcn kalitesini korumak i\u00e7in g\u0131da katk\u0131 maddelerini, tatland\u0131r\u0131c\u0131lar\u0131 ve s\u00fct \u00fcr\u00fcnlerini do\u011fru bir \u015fekilde \u00f6l\u00e7mek.<\/li>\n<li><strong>Bilimsel ara\u015ft\u0131rma:<\/strong> Kimyasal reaksiyonlar ve form\u00fclasyon geli\u015ftirme i\u00e7in tam s\u0131v\u0131 \u00f6l\u00e7\u00fcm\u00fc sa\u011flar.<\/li>\n<li><strong>Petrol, Gaz ve Enerji:<\/strong> \u00dcretim verimlili\u011fini ve \u00e7\u0131kt\u0131 kalitesini art\u0131rmak i\u00e7in reaktanlar\u0131n ve \u00fcr\u00fcnlerin ak\u0131\u015f kontrol\u00fcn\u00fcn optimize edilmesi.<\/li>\n<li><strong>\u00c7evresel \u0130zleme:<\/strong> Kirlilik kontrol\u00fc ve mevzuata uygunluk i\u00e7in g\u00fcvenilir emisyon \u00f6l\u00e7\u00fcm\u00fc sa\u011flar.<\/li>\n<li><strong>Yak\u0131t h\u00fccresi teknolojisi:<\/strong> H\u00fccre verimlili\u011fini ve hizmet \u00f6mr\u00fcn\u00fc en \u00fcst d\u00fczeye \u00e7\u0131karmak i\u00e7in hidrojen\/oksijen ak\u0131\u015f oranlar\u0131n\u0131 hassas bir \u015fekilde d\u00fczenler.<br \/>\nFarmas\u00f6tik \u00dcretim: \u0130la\u00e7 g\u00fcvenli\u011fi ve parti tutarl\u0131l\u0131\u011f\u0131 i\u00e7in aktif bile\u015fenlerin s\u0131k\u0131 dozaj kontrol\u00fcn\u00fcn sa\u011flanmas\u0131.<\/li>\n<\/ul>\n<\/div>\n<\/div>\n<\/div>","protected":false},"excerpt":{"rendered":"<div class=\"short-description-head\">\n<div data-zone-id=\"0\" data-line-index=\"0\" data-line=\"true\">MTL20FE serisi Coriolis k\u00fctlesel ak\u0131\u015f kontrol\u00f6r\u00fc\/ak\u0131\u015f \u00f6l\u00e7er, ak\u0131\u015fkan \u00f6zelliklerinden etkilenmeyen son derece hassas ak\u0131\u015fkan \u00f6l\u00e7\u00fcmleri sa\u011flamak i\u00e7in geli\u015fmi\u015f Coriolis teknolojisini kullanan y\u00fcksek hassasiyetli bir cihazd\u0131r, bu da onu benzersiz g\u00fcvenilirlikle son derece k\u00fc\u00e7\u00fck ak\u0131\u015f h\u0131zlar\u0131n\u0131 \u00f6l\u00e7mek i\u00e7in ideal hale getirir. S\u00fcrekli teknolojik yenilikler sayesinde, bu seri yaln\u0131zca do\u011frudan k\u00fctlesel ak\u0131\u015f \u00f6l\u00e7\u00fcm\u00fc sa\u011flamakla kalmaz, ayn\u0131 zamanda s\u0131v\u0131 yo\u011funlu\u011funu ve s\u0131cakl\u0131\u011f\u0131n\u0131 da \u00f6l\u00e7erek iki hassasiyet seviyesi sunar: s\u0131v\u0131lar i\u00e7in \u00b10,25% do\u011fruluk ve gazlar i\u00e7in \u00b10,5% do\u011fruluk, en y\u00fcksek d\u00fczeyde \u00f6l\u00e7\u00fcm tutarl\u0131l\u0131\u011f\u0131 ve tekrarlanabilirlik gerektiren uygulamalarda alternatif \u00f6l\u00e7\u00fcm teknolojilerinden daha iyi performans g\u00f6sterir.<\/div>\n<\/div>","protected":false},"featured_media":26785,"template":"","meta":[],"product_brand":[],"product_cat":[223],"product_tag":[],"class_list":{"0":"post-26700","1":"product","2":"type-product","3":"status-publish","4":"has-post-thumbnail","6":"product_cat-low-flow-mass-flow-meter-controller","8":"first","9":"instock","10":"shipping-taxable","11":"purchasable","12":"product-type-simple"},"_links":{"self":[{"href":"https:\/\/metlaninst.com\/tr\/wp-json\/wp\/v2\/product\/26700","targetHints":{"allow":["GET"]}}],"collection":[{"href":"https:\/\/metlaninst.com\/tr\/wp-json\/wp\/v2\/product"}],"about":[{"href":"https:\/\/metlaninst.com\/tr\/wp-json\/wp\/v2\/types\/product"}],"version-history":[{"count":4,"href":"https:\/\/metlaninst.com\/tr\/wp-json\/wp\/v2\/product\/26700\/revisions"}],"predecessor-version":[{"id":26787,"href":"https:\/\/metlaninst.com\/tr\/wp-json\/wp\/v2\/product\/26700\/revisions\/26787"}],"wp:featuredmedia":[{"embeddable":true,"href":"https:\/\/metlaninst.com\/tr\/wp-json\/wp\/v2\/media\/26785"}],"wp:attachment":[{"href":"https:\/\/metlaninst.com\/tr\/wp-json\/wp\/v2\/media?parent=26700"}],"wp:term":[{"taxonomy":"product_brand","embeddable":true,"href":"https:\/\/metlaninst.com\/tr\/wp-json\/wp\/v2\/product_brand?post=26700"},{"taxonomy":"product_cat","embeddable":true,"href":"https:\/\/metlaninst.com\/tr\/wp-json\/wp\/v2\/product_cat?post=26700"},{"taxonomy":"product_tag","embeddable":true,"href":"https:\/\/metlaninst.com\/tr\/wp-json\/wp\/v2\/product_tag?post=26700"}],"curies":[{"name":"wp","href":"https:\/\/api.w.org\/{rel}","templated":true}]}}