{"id":26723,"date":"2024-12-25T08:09:06","date_gmt":"2024-12-25T08:09:06","guid":{"rendered":"https:\/\/www.metlaninst.com\/?post_type=product&#038;p=26723"},"modified":"2025-06-15T12:04:14","modified_gmt":"2025-06-15T12:04:14","slug":"oval-disli-pd-debimetre-mt-lc","status":"publish","type":"product","link":"https:\/\/metlaninst.com\/tr\/p\/oval-disli-pd-debimetre-mt-lc\/","title":{"rendered":"Oval Di\u015fli PD Ak\u0131\u015f \u00d6l\u00e7er MT-LC"},"content":{"rendered":"<div class=\"e-con-inner\">\n<div class=\"elementor-element e-con-full e-flex e-con e-child\">\n<div class=\"elementor-widget-container\">\n<h3 class=\"elementor-heading-title elementor-size-default\">\u00d6zellikler:<\/h3>\n<\/div>\n<div class=\"elementor-widget-container\">\n<ol>\n<li data-zone-id=\"0\" data-line-index=\"0\" data-line=\"true\">Tutarl\u0131 performans i\u00e7in minimum titre\u015fimle p\u00fcr\u00fczs\u00fcz spiral rotor \u00e7al\u0131\u015fmas\u0131<\/li>\n<li data-zone-id=\"0\" data-line-index=\"0\" data-line=\"true\">\u0130yi tekrarlanabilirlik ile geni\u015f \u00f6l\u00e7\u00fcm aral\u0131\u011f\u0131<\/li>\n<li data-zone-id=\"0\" data-line-index=\"0\" data-line=\"true\">0,2%'ye kadar hassasiyetle y\u00fcksek hassasiyetli \u00f6l\u00e7\u00fcm<\/li>\n<li data-zone-id=\"0\" data-line-index=\"0\" data-line=\"true\">Viskozite de\u011fi\u015fimine duyarl\u0131 de\u011fildir<\/li>\n<li data-zone-id=\"0\" data-line-index=\"0\" data-line=\"true\">Daha y\u00fcksek viskoziteli s\u0131v\u0131 \u00f6l\u00e7\u00fcm\u00fc i\u00e7in optimize edilmi\u015ftir<\/li>\n<li data-zone-id=\"0\" data-line-index=\"0\" data-line=\"true\">D\u00fcz boru ge\u00e7i\u015fi gerektirmeyen basit kurulum<\/li>\n<li data-zone-id=\"0\" data-line-index=\"0\" data-line=\"true\">M\u00fc\u015fteriye \u00f6zel konstr\u00fcksiyonlarda da mevcuttur<\/li>\n<li data-zone-id=\"0\" data-line-index=\"0\" data-line=\"true\">LCD ekran i\u00e7in \u0130ngilizce, \u0130spanyolca, Frans\u0131zca ve talep \u00fczerine di\u011fer diller mevcuttur.<\/li>\n<li data-zone-id=\"0\" data-line-index=\"0\" data-line=\"true\">Her ak\u0131\u015f \u00f6l\u00e7er kalibre edilir ve t\u00fcm kalibrasyon verilerine kar\u015f\u0131l\u0131k gelen benzersiz bir seri numaras\u0131 atan\u0131r.<\/li>\n<\/ol>\n<\/div>\n<\/div>\n<div class=\"elementor-element e-con-full e-flex e-con e-child\">\n<div class=\"elementor-widget-container\">\n<h3 class=\"elementor-heading-title elementor-size-default\">Uygulamalar:<\/h3>\n<\/div>\n<div class=\"elementor-widget-container\">\n<ul>\n<li data-zone-id=\"0\" data-line-index=\"0\" data-line=\"true\">Madencilik end\u00fcstrisi<\/li>\n<li data-zone-id=\"0\" data-line-index=\"0\" data-line=\"true\">Orta ve k\u00fc\u00e7\u00fck petrol deposu<\/li>\n<li data-zone-id=\"0\" data-line-index=\"0\" data-line=\"true\">Tersane<\/li>\n<li data-zone-id=\"0\" data-line-index=\"0\" data-line=\"true\">Ya\u011f deposu<\/li>\n<li data-zone-id=\"0\" data-line-index=\"0\" data-line=\"true\">Dizel yak\u0131t<\/li>\n<li data-zone-id=\"0\" data-line-index=\"0\" data-line=\"true\">Ham petrol<\/li>\n<li data-zone-id=\"0\" data-line-index=\"0\" data-line=\"true\">Benzin<\/li>\n<\/ul>\n<\/div>\n<\/div>\n<\/div>","protected":false},"excerpt":{"rendered":"<div class=\"short-description-head\">\n<div data-zone-id=\"0\" data-line-index=\"0\" data-line=\"true\">MT-LC serisi oval di\u015fli PD ak\u0131\u015f \u00f6l\u00e7er, hem toplam birikmi\u015f ak\u0131\u015f hem de anl\u0131k ak\u0131\u015f h\u0131zlar\u0131n\u0131n do\u011frudan okunmas\u0131n\u0131 sa\u011flayan iste\u011fe ba\u011fl\u0131 ak\u0131ll\u0131 elektronik saya\u00e7lar sunar. Harici bir g\u00fc\u00e7 kayna\u011f\u0131na ba\u011fland\u0131\u011f\u0131nda, HART ve RS485 ileti\u015fim protokollerini desteklerken darbe ve ak\u0131m sinyalleri verebilir. Daha basit uygulamalar i\u00e7in, boru hatt\u0131ndan ge\u00e7en toplam s\u0131v\u0131 hacmini do\u011frudan g\u00f6r\u00fcnt\u00fclemek \u00fczere iste\u011fe ba\u011fl\u0131 bir mekanik saya\u00e7 mevcuttur. Dizel, asitler, alkaliler, tuzlu \u00e7\u00f6zeltiler ve organik bile\u015fikler dahil olmak \u00fczere \u00e7e\u015fitli s\u0131v\u0131lar\u0131 i\u015flemek i\u00e7in tasarlanan bu ak\u0131\u015f \u00f6l\u00e7erler, farkl\u0131 ortam gereksinimlerine uyacak \u015fekilde d\u00f6kme demir, d\u00f6kme \u00e7elik, al\u00fcminyum ala\u015f\u0131m ve paslanmaz \u00e7elik gibi \u00e7ok say\u0131da malzeme se\u00e7ene\u011fine sahiptir.<\/div>\n<\/div>","protected":false},"featured_media":26724,"template":"","meta":[],"product_brand":[],"product_cat":[209,166,165],"product_tag":[],"class_list":{"0":"post-26723","1":"product","2":"type-product","3":"status-publish","4":"has-post-thumbnail","6":"product_cat-positive-displacement-flow-meters","7":"product_cat-liquid-flow-meters","8":"product_cat-oil-flow-meters","10":"first","11":"instock","12":"shipping-taxable","13":"purchasable","14":"product-type-simple"},"_links":{"self":[{"href":"https:\/\/metlaninst.com\/tr\/wp-json\/wp\/v2\/product\/26723","targetHints":{"allow":["GET"]}}],"collection":[{"href":"https:\/\/metlaninst.com\/tr\/wp-json\/wp\/v2\/product"}],"about":[{"href":"https:\/\/metlaninst.com\/tr\/wp-json\/wp\/v2\/types\/product"}],"version-history":[{"count":1,"href":"https:\/\/metlaninst.com\/tr\/wp-json\/wp\/v2\/product\/26723\/revisions"}],"predecessor-version":[{"id":26728,"href":"https:\/\/metlaninst.com\/tr\/wp-json\/wp\/v2\/product\/26723\/revisions\/26728"}],"wp:featuredmedia":[{"embeddable":true,"href":"https:\/\/metlaninst.com\/tr\/wp-json\/wp\/v2\/media\/26724"}],"wp:attachment":[{"href":"https:\/\/metlaninst.com\/tr\/wp-json\/wp\/v2\/media?parent=26723"}],"wp:term":[{"taxonomy":"product_brand","embeddable":true,"href":"https:\/\/metlaninst.com\/tr\/wp-json\/wp\/v2\/product_brand?post=26723"},{"taxonomy":"product_cat","embeddable":true,"href":"https:\/\/metlaninst.com\/tr\/wp-json\/wp\/v2\/product_cat?post=26723"},{"taxonomy":"product_tag","embeddable":true,"href":"https:\/\/metlaninst.com\/tr\/wp-json\/wp\/v2\/product_tag?post=26723"}],"curies":[{"name":"wp","href":"https:\/\/api.w.org\/{rel}","templated":true}]}}