{"id":26730,"date":"2024-12-26T08:21:44","date_gmt":"2024-12-26T08:21:44","guid":{"rendered":"https:\/\/www.metlaninst.com\/?post_type=product&#038;p=26730"},"modified":"2025-06-24T08:01:31","modified_gmt":"2025-06-24T08:01:31","slug":"dusuk-akis-pozi%cc%87ti%cc%87f-deplasmanli-di%cc%87sli%cc%87-debi%cc%87-olcer-mt-gf","status":"publish","type":"product","link":"https:\/\/metlaninst.com\/tr\/p\/dusuk-akis-pozi%cc%87ti%cc%87f-deplasmanli-di%cc%87sli%cc%87-debi%cc%87-olcer-mt-gf\/","title":{"rendered":"D\u00fc\u015f\u00fck Ak\u0131\u015fl\u0131 Pozitif Deplasmanl\u0131 Di\u015fli Ak\u0131\u015f \u00d6l\u00e7er MT-GF"},"content":{"rendered":"<div class=\"e-con-inner\">\n<div class=\"elementor-element e-con-full e-flex e-con e-child\">\n<div class=\"elementor-widget-container\">\n<h3 class=\"elementor-heading-title elementor-size-default\">\u00d6zellikler:<\/h3>\n<\/div>\n<div class=\"elementor-widget-container\">\n<ol>\n<li data-zone-id=\"0\" data-line-index=\"0\" data-line=\"true\">S\u00fclf\u00fcrik asit, hidroflorik asit ve di\u011fer agresif kimyasallar dahil olmak \u00fczere y\u00fcksek korozif ortam\u0131 \u00f6l\u00e7ebilir<\/li>\n<li data-zone-id=\"0\" data-line-index=\"0\" data-line=\"true\">Y\u00fcksek viskoziteli s\u0131v\u0131 \u00f6l\u00e7\u00fcm\u00fc i\u00e7in tasarlanm\u0131\u015ft\u0131r; \u015furup, erimi\u015f asfalt ve bal gibi zorlu ortamlar\u0131 g\u00fcvenilir do\u011frulukla i\u015fler<\/li>\n<li data-zone-id=\"0\" data-line-index=\"0\" data-line=\"true\">0,5%'ye kadar hassasiyetle y\u00fcksek hassasiyetli \u00f6l\u00e7\u00fcm<\/li>\n<li data-zone-id=\"0\" data-line-index=\"0\" data-line=\"true\">150:1 geni\u015f k\u0131sma oran\u0131<\/li>\n<li data-zone-id=\"0\" data-line-index=\"0\" data-line=\"true\">0,6 L\/H'den d\u00fc\u015f\u00fck ak\u0131\u015fl\u0131 s\u0131v\u0131lar i\u00e7in tasarlanm\u0131\u015ft\u0131r<\/li>\n<li data-zone-id=\"0\" data-line-index=\"0\" data-line=\"true\">M\u00fc\u015fteriye \u00f6zel konstr\u00fcksiyonlarda da mevcuttur<\/li>\n<li data-zone-id=\"0\" data-line-index=\"0\" data-line=\"true\">LCD ekran i\u00e7in \u0130ngilizce, \u0130spanyolca, Frans\u0131zca ve talep \u00fczerine di\u011fer diller mevcuttur.<\/li>\n<li data-zone-id=\"0\" data-line-index=\"0\" data-line=\"true\">Her ak\u0131\u015f \u00f6l\u00e7er kalibre edilir ve t\u00fcm kalibrasyon verilerine kar\u015f\u0131l\u0131k gelen benzersiz bir seri numaras\u0131 atan\u0131r.<\/li>\n<\/ol>\n<\/div>\n<\/div>\n<div class=\"elementor-element e-con-full e-flex e-con e-child\">\n<div class=\"elementor-widget-container\">\n<h3 class=\"elementor-heading-title elementor-size-default\">Uygulamalar:<\/h3>\n<\/div>\n<div class=\"elementor-widget-container\">\n<ul>\n<li><strong>Petrol ve Gaz End\u00fcstrisi<\/strong><\/li>\n<\/ul>\n<p><strong>Yak\u0131tlar:<\/strong> Benzin, dizel, denizcilik a\u011f\u0131r ya\u011f\u0131, fuel oil<br \/>\n<strong>Ya\u011flay\u0131c\u0131lar:<\/strong> Di\u015fli ya\u011f\u0131, hidrolik ya\u011flar<br \/>\n<strong>Di\u011ferleri: <\/strong>Re\u00e7ineler, asfalt<\/p>\n<ul>\n<li><strong> Kimyasal \u00dcretim<\/strong><\/li>\n<\/ul>\n<p><strong>A\u015f\u0131nd\u0131r\u0131c\u0131 Ortam: <\/strong>Asetik asit, kostik alkali, potasyum hidroksit<br \/>\n<strong>Pure Media:<\/strong> Deiyonize su<\/p>\n<ul>\n<li><strong>Yiyecek ve \u0130\u00e7ecek Sekt\u00f6r\u00fc<\/strong><\/li>\n<\/ul>\n<p><strong>Tatland\u0131r\u0131c\u0131lar:<\/strong> \u015eeker sol\u00fcsyonlar\u0131, \u015furuplar, bal, \u00e7ikolata<br \/>\n<strong>S\u0131v\u0131lar:<\/strong> Meyve sular\u0131, alkol, etanol, soslar<br \/>\n<strong>S\u00fct \u00fcr\u00fcnleri:<\/strong> S\u00fct, krema, yo\u011furt<\/p>\n<ul>\n<li><strong>\u0130la\u00e7 ve Kozmetik<\/strong><\/li>\n<\/ul>\n<p><strong>\u0130la\u00e7:<\/strong> Alkol, t\u0131bbi \u015furuplar, gliserin<br \/>\n<strong>Kozmetik:<\/strong> \u015eampuanlar, jeller, parf\u00fcmler, kremler<\/p>\n<ul>\n<li><strong>Su ve At\u0131ksu Ar\u0131tma<\/strong><\/li>\n<\/ul>\n<p>Ar\u0131tma kimyasallar\u0131, flor\u00fcrler, asitler<\/p>\n<ul>\n<li><strong>End\u00fcstriyel \u00dcretim<\/strong><\/li>\n<\/ul>\n<p><strong>Ka\u011f\u0131t Hamuru ve Ka\u011f\u0131t:<\/strong> Balmumu kaplamalar, boyalar, y\u00fczey i\u015fleme maddeleri<br \/>\n<strong>Bask\u0131:<\/strong> M\u00fcrekkepler, \u00e7\u00f6z\u00fcc\u00fcler<br \/>\n<strong>Otomotiv:<\/strong> \u015eanz\u0131man s\u0131v\u0131lar\u0131, etilen glikol, klima so\u011futucular\u0131<br \/>\n<strong>Tekstil:<\/strong> Boyalar, a\u011fart\u0131c\u0131lar, i\u015fleme kimyasallar\u0131<br \/>\n<strong>Boya:<\/strong> Lateks bazl\u0131 boyalar, solventler, vernikler<br \/>\n<strong>Gemi yap\u0131m\u0131:<\/strong> Ya\u011flama ya\u011flar\u0131, denizcilik yak\u0131tlar\u0131<br \/>\n<strong>Madencilik:<\/strong> A\u011f\u0131r hizmet ya\u011flar\u0131, hidrolik ya\u011flar<\/p>\n<ul>\n<li><strong>\u00d6zel Uygulamalar<\/strong><\/li>\n<\/ul>\n<p><strong>Yap\u0131\u015ft\u0131r\u0131c\u0131lar:<\/strong> Tutkallar, epoksi re\u00e7ineler<br \/>\n<strong>Kaplamalar:<\/strong> Koruyucu filmler, sealan<\/p>\n<\/div>\n<\/div>\n<\/div>","protected":false},"excerpt":{"rendered":"<div class=\"short-description-head\">\n<div data-zone-id=\"0\" data-line-index=\"0\" data-line=\"true\">Di\u015fli ak\u0131\u015f \u00f6l\u00e7er basit ancak son derece etkili bir mekanik prensiple \u00e7al\u0131\u015f\u0131r. Y\u00fcksek toleransl\u0131 bir \u00f6l\u00e7\u00fcm odas\u0131 i\u00e7inde senkronize bir \u015fekilde d\u00f6nen, \u00e7evreleri boyunca entegre zamanlama di\u015flilerine sahip, hassas bir \u015fekilde i\u015flenmi\u015f iki rotora sahiptir. Son derece a\u015f\u0131nd\u0131r\u0131c\u0131 ve y\u00fcksek viskoziteli s\u0131v\u0131lar\u0131 \u00b10,5%'ye kadar hassasiyetle \u00f6l\u00e7ebilir.<\/div>\n<\/div>","protected":false},"featured_media":26731,"template":"","meta":[],"product_brand":[],"product_cat":[209,166,165],"product_tag":[],"class_list":{"0":"post-26730","1":"product","2":"type-product","3":"status-publish","4":"has-post-thumbnail","6":"product_cat-positive-displacement-flow-meters","7":"product_cat-liquid-flow-meters","8":"product_cat-oil-flow-meters","10":"first","11":"instock","12":"shipping-taxable","13":"purchasable","14":"product-type-simple"},"_links":{"self":[{"href":"https:\/\/metlaninst.com\/tr\/wp-json\/wp\/v2\/product\/26730","targetHints":{"allow":["GET"]}}],"collection":[{"href":"https:\/\/metlaninst.com\/tr\/wp-json\/wp\/v2\/product"}],"about":[{"href":"https:\/\/metlaninst.com\/tr\/wp-json\/wp\/v2\/types\/product"}],"version-history":[{"count":3,"href":"https:\/\/metlaninst.com\/tr\/wp-json\/wp\/v2\/product\/26730\/revisions"}],"predecessor-version":[{"id":26737,"href":"https:\/\/metlaninst.com\/tr\/wp-json\/wp\/v2\/product\/26730\/revisions\/26737"}],"wp:featuredmedia":[{"embeddable":true,"href":"https:\/\/metlaninst.com\/tr\/wp-json\/wp\/v2\/media\/26731"}],"wp:attachment":[{"href":"https:\/\/metlaninst.com\/tr\/wp-json\/wp\/v2\/media?parent=26730"}],"wp:term":[{"taxonomy":"product_brand","embeddable":true,"href":"https:\/\/metlaninst.com\/tr\/wp-json\/wp\/v2\/product_brand?post=26730"},{"taxonomy":"product_cat","embeddable":true,"href":"https:\/\/metlaninst.com\/tr\/wp-json\/wp\/v2\/product_cat?post=26730"},{"taxonomy":"product_tag","embeddable":true,"href":"https:\/\/metlaninst.com\/tr\/wp-json\/wp\/v2\/product_tag?post=26730"}],"curies":[{"name":"wp","href":"https:\/\/api.w.org\/{rel}","templated":true}]}}