{"id":27060,"date":"2024-12-26T08:31:36","date_gmt":"2024-12-26T08:31:36","guid":{"rendered":"https:\/\/metlaninst.com\/?post_type=product&#038;p=27060"},"modified":"2025-06-24T07:57:15","modified_gmt":"2025-06-24T07:57:15","slug":"m-seri%cc%87si%cc%87-mekani%cc%87k-pozi%cc%87ti%cc%87f-deplasmanli-debi%cc%87-olcer","status":"publish","type":"product","link":"https:\/\/metlaninst.com\/tr\/p\/m-seri%cc%87si%cc%87-mekani%cc%87k-pozi%cc%87ti%cc%87f-deplasmanli-debi%cc%87-olcer\/","title":{"rendered":"M Serisi Mekanik Pozitif Deplasmanl\u0131 Ak\u0131\u015f \u00d6l\u00e7er"},"content":{"rendered":"<div class=\"e-con-inner\">\n<div class=\"elementor-element e-con-full e-flex e-con e-child\">\n<div class=\"elementor-widget-container\">\n<h3 class=\"elementor-heading-title elementor-size-default\">\u00d6zellikler:<\/h3>\n<\/div>\n<div class=\"elementor-widget-container\">\n<ol>\n<li data-zone-id=\"0\" data-line-index=\"0\" data-line=\"true\">0,2 %'ye kadar y\u00fcksek do\u011fruluk, iyi tekrarlanabilirlik \u22640,05%.<\/li>\n<li data-zone-id=\"0\" data-line-index=\"0\" data-line=\"true\">M\u00fckemmel kademesiz ayar mekanizmas\u0131, \u00f6l\u00e7\u00fcm cihaz\u0131n\u0131n mikro ayar\u0131na olanak tan\u0131r.<\/li>\n<li data-zone-id=\"0\" data-line-index=\"0\" data-line=\"true\">D\u00fc\u015f\u00fck bak\u0131m, \u00f6l\u00e7\u00fcm odas\u0131nda metal-metal temas\u0131 yok, uzun \u00f6m\u00fcrl\u00fc hizmet.<\/li>\n<li data-zone-id=\"0\" data-line-index=\"0\" data-line=\"true\">D\u00fc\u015f\u00fck bas\u0131n\u00e7 kayb\u0131, ger\u00e7ek bir yer\u00e7ekimi ak\u0131\u015f \u00f6l\u00e7er.<\/li>\n<li data-zone-id=\"0\" data-line-index=\"0\" data-line=\"true\">Bas\u0131n\u00e7 dalgalanmalar\u0131ndan, termal de\u011fi\u015fimlerden veya s\u0131v\u0131 viskozite de\u011fi\u015fikliklerinden etkilenmeyen do\u011fruluk.<\/li>\n<\/ol>\n<\/div>\n<\/div>\n<div class=\"elementor-element e-con-full e-flex e-con e-child\">\n<div class=\"elementor-widget-container\">\n<h3 class=\"elementor-heading-title elementor-size-default\">Uygulamalar:<\/h3>\n<\/div>\n<div class=\"elementor-widget-container\">\n<ul>\n<li data-zone-id=\"0\" data-line-index=\"0\" data-line=\"true\">Rafine petrol \u00fcr\u00fcnleri;<\/li>\n<li data-zone-id=\"0\" data-line-index=\"0\" data-line=\"true\">Havac\u0131l\u0131k benzinleri ve jet yak\u0131tlar\u0131;<\/li>\n<li data-zone-id=\"0\" data-line-index=\"0\" data-line=\"true\">S\u0131v\u0131 \u015fekerler, m\u0131s\u0131r \u015furubu, m\u0131s\u0131r tatland\u0131r\u0131c\u0131lar\u0131, dekstroz, fruktoz, sukroz, maltoz, laktoz, m\u0131s\u0131r ya\u011f\u0131, soya fasulyesi ya\u011f\u0131, pamuk tohumu ya\u011f\u0131, hindistan cevizi ya\u011f\u0131 gibi \u00e7ok \u00e7e\u015fitli \u00fcr\u00fcnler;<\/li>\n<li data-zone-id=\"0\" data-line-index=\"0\" data-line=\"true\">Ar\u0131t\u0131lm\u0131\u015f sular (deiyonize, demineralize ve i\u00e7ilebilir);<\/li>\n<li data-zone-id=\"0\" data-line-index=\"0\" data-line=\"true\">Klorlu solventler ve genel solvent \u00f6l\u00e7\u00fcm\u00fc;<\/li>\n<li data-zone-id=\"0\" data-line-index=\"0\" data-line=\"true\">Asit pH s\u0131v\u0131lar\u0131;<\/li>\n<li data-zone-id=\"0\" data-line-index=\"0\" data-line=\"true\">S\u0131v\u0131la\u015ft\u0131r\u0131lm\u0131\u015f petrol gaz\u0131 (LPG);<\/li>\n<li data-zone-id=\"0\" data-line-index=\"0\" data-line=\"true\">Ham petrol, ayr\u0131ca \u0131s\u0131t\u0131lm\u0131\u015f ve\/veya viskoz s\u0131v\u0131lar i\u00e7in;<\/li>\n<li data-zone-id=\"0\" data-line-index=\"0\" data-line=\"true\">Ya\u011f veya su bazl\u0131 lateks \u00fcr\u00fcnler, polyester re\u00e7ineler ve yap\u0131\u015ft\u0131r\u0131c\u0131lar (n\u00f6tr pH), ayr\u0131ca herbisit ve azotlu g\u00fcbre \u00e7\u00f6zeltilerinin \u00f6l\u00e7\u00fcm\u00fc i\u00e7in;<\/li>\n<li data-zone-id=\"0\" data-line-index=\"0\" data-line=\"true\">Herbisit;<\/li>\n<li data-zone-id=\"0\" data-line-index=\"0\" data-line=\"true\">Sodyum hidroksit (kostik) \u00e7\u00f6zeltileri, y\u00fcksek s\u00fclf\u00fcrl\u00fc ham petrol (LACT ve NOD) ve di\u011fer alkali pH s\u0131v\u0131lar\u0131;<\/li>\n<li data-zone-id=\"0\" data-line-index=\"0\" data-line=\"true\">A\u015f\u0131nd\u0131r\u0131c\u0131 s\u0131v\u0131lar.<\/li>\n<\/ul>\n<\/div>\n<\/div>\n<\/div>","protected":false},"excerpt":{"rendered":"<div class=\"short-description-head\">\n<div data-zone-id=\"0\" data-line-index=\"0\" data-line=\"true\">Bu\u00a0<strong>Metlan M Serisi Pozitif Deplasmanl\u0131 Debi \u00d6l\u00e7er<\/strong>\u00a0teslim eder\u00a0<strong>y\u00fcksek do\u011fruluk (\u00b10,2%) ve iyi tekrarlanabilirlik (\u22640,05%)<\/strong> Geni\u015f viskozite aral\u0131klar\u0131nda (30SSU-1.500.000SSU), petrol, LPG ve y\u00fcksek viskoziteli s\u0131v\u0131lar i\u00e7in idealdir. Kademesiz mikro ayar mekanizmas\u0131 hassas ak\u0131\u015f kontrol\u00fc sa\u011flarken, temass\u0131z \u00f6l\u00e7\u00fcm odas\u0131 minimum bak\u0131mla uzun hizmet \u00f6mr\u00fcn\u00fc garanti eder.<\/div>\n<\/div>","protected":false},"featured_media":27061,"template":"","meta":[],"product_brand":[],"product_cat":[209,166,165],"product_tag":[],"class_list":{"0":"post-27060","1":"product","2":"type-product","3":"status-publish","4":"has-post-thumbnail","6":"product_cat-positive-displacement-flow-meters","7":"product_cat-liquid-flow-meters","8":"product_cat-oil-flow-meters","10":"first","11":"instock","12":"shipping-taxable","13":"purchasable","14":"product-type-simple"},"_links":{"self":[{"href":"https:\/\/metlaninst.com\/tr\/wp-json\/wp\/v2\/product\/27060","targetHints":{"allow":["GET"]}}],"collection":[{"href":"https:\/\/metlaninst.com\/tr\/wp-json\/wp\/v2\/product"}],"about":[{"href":"https:\/\/metlaninst.com\/tr\/wp-json\/wp\/v2\/types\/product"}],"version-history":[{"count":1,"href":"https:\/\/metlaninst.com\/tr\/wp-json\/wp\/v2\/product\/27060\/revisions"}],"predecessor-version":[{"id":27062,"href":"https:\/\/metlaninst.com\/tr\/wp-json\/wp\/v2\/product\/27060\/revisions\/27062"}],"wp:featuredmedia":[{"embeddable":true,"href":"https:\/\/metlaninst.com\/tr\/wp-json\/wp\/v2\/media\/27061"}],"wp:attachment":[{"href":"https:\/\/metlaninst.com\/tr\/wp-json\/wp\/v2\/media?parent=27060"}],"wp:term":[{"taxonomy":"product_brand","embeddable":true,"href":"https:\/\/metlaninst.com\/tr\/wp-json\/wp\/v2\/product_brand?post=27060"},{"taxonomy":"product_cat","embeddable":true,"href":"https:\/\/metlaninst.com\/tr\/wp-json\/wp\/v2\/product_cat?post=27060"},{"taxonomy":"product_tag","embeddable":true,"href":"https:\/\/metlaninst.com\/tr\/wp-json\/wp\/v2\/product_tag?post=27060"}],"curies":[{"name":"wp","href":"https:\/\/api.w.org\/{rel}","templated":true}]}}