{"id":27317,"date":"2024-12-25T06:43:49","date_gmt":"2024-12-25T06:43:49","guid":{"rendered":"https:\/\/metlaninst.com\/?post_type=product&#038;p=27317"},"modified":"2025-07-17T10:11:39","modified_gmt":"2025-07-17T10:11:39","slug":"steam-vortex-flow-meter-anti-vibration-lugbmt-vs","status":"publish","type":"product","link":"https:\/\/metlaninst.com\/tr\/p\/steam-vortex-flow-meter-anti-vibration-lugbmt-vs\/","title":{"rendered":"Steam Vortex Flow Meter Anti-vibration (LUGBMT-VS)"},"content":{"rendered":"<div class=\"e-con-inner\">\n<div class=\"elementor-element e-con-full e-flex e-con e-child\">\n<div class=\"elementor-widget-container\">\n<h3 class=\"elementor-heading-title elementor-size-default\">\u00d6zellikler:<\/h3>\n<\/div>\n<div class=\"elementor-widget-container\">\n<ol>\n<li data-zone-id=\"0\" data-line-index=\"0\" data-line=\"true\">Suitable for measuring dirty and wet compressed air, oxygen, natural gas and other industrial gases, steam, and etc.<\/li>\n<li data-zone-id=\"0\" data-line-index=\"0\" data-line=\"true\">Wide measuring range, the low measuring limit can reach 1.5m\/s.<\/li>\n<li data-zone-id=\"0\" data-line-index=\"0\" data-line=\"true\">The turndown range ratio is 53:1, which exceeds the traditional vortex flow meters.<\/li>\n<li data-zone-id=\"0\" data-line-index=\"0\" data-line=\"true\">Combining with DSA (digital full spectrum analysis technology), the flowmeter can accurately identify flow, vibration, and electromagnetic disturbance signals, greatly improving the anti-vibration ability of this vortex flow meter.<\/li>\n<li data-zone-id=\"0\" data-line-index=\"0\" data-line=\"true\">Integrates pressure and temperature sensors to monitor online gas pressure and temperature.<\/li>\n<li data-zone-id=\"0\" data-line-index=\"0\" data-line=\"true\">No moving parts, low pressure drop.<\/li>\n<li data-zone-id=\"0\" data-line-index=\"0\" data-line=\"true\">Standard Modbus RTU (RS485) interface, 4 to 20 mA current and pulse output.<\/li>\n<li data-zone-id=\"0\" data-line-index=\"0\" data-line=\"true\">Bluetooth function for wireless flowmeter configuration and data transmission.<\/li>\n<li data-zone-id=\"0\" data-line-index=\"0\" data-line=\"true\">The fully welded structure has better corrosion and high pressure and temperature resistance.<\/li>\n<li data-zone-id=\"0\" data-line-index=\"0\" data-line=\"true\">Explosion-proof class: Ex db IIC T6 Gb \/ Ex tb IIIC T80\u00b0C Db<\/li>\n<li data-zone-id=\"0\" data-line-index=\"0\" data-line=\"true\">LCD ekran i\u00e7in \u0130ngilizce, \u0130spanyolca, Frans\u0131zca ve talep \u00fczerine di\u011fer diller mevcuttur.<\/li>\n<li data-zone-id=\"0\" data-line-index=\"4\" data-line=\"true\">Her ak\u0131\u015f \u00f6l\u00e7er kalibre edilir ve t\u00fcm kalibrasyon verilerine kar\u015f\u0131l\u0131k gelen benzersiz bir seri numaras\u0131 atan\u0131r.<\/li>\n<\/ol>\n<\/div>\n<\/div>\n<div class=\"elementor-element e-con-full e-flex e-con e-child\">\n<div class=\"elementor-widget-container\">\n<h3 class=\"elementor-heading-title elementor-size-default\">Uygulamalar:<\/h3>\n<\/div>\n<div class=\"elementor-widget-container\">\n<h5 class=\"first\">Genel<\/h5>\n<div>\n<ul>\n<li data-zone-id=\"0\" data-line-index=\"0\" data-line=\"true\">Yard\u0131mc\u0131 uygulamalar: Yard\u0131mc\u0131 ve besleme devrelerinde enerji da\u011f\u0131t\u0131m\u0131<\/li>\n<li data-zone-id=\"0\" data-line-index=\"0\" data-line=\"true\">(\u0130letken olmayan) s\u0131v\u0131lar\u0131n, gazlar\u0131n, doymu\u015f ve k\u0131zg\u0131n buhar\u0131n \u00f6l\u00e7\u00fcm\u00fc<\/li>\n<li data-zone-id=\"0\" data-line-index=\"0\" data-line=\"true\">Buhar ve s\u0131cak suyun br\u00fct\/net \u0131s\u0131 \u00f6l\u00e7\u00fcm\u00fc<\/li>\n<li data-zone-id=\"0\" data-line-index=\"0\" data-line=\"true\">End\u00fcstriyel gazlar\u0131n (do\u011fal gaz, azot vb.) t\u00fcketiminin \u00f6l\u00e7\u00fclmesi<\/li>\n<li data-zone-id=\"0\" data-line-index=\"0\" data-line=\"true\">Bas\u0131n\u00e7l\u0131 hava sistemlerinde t\u00fcketim \u00f6l\u00e7\u00fcm\u00fc<\/li>\n<\/ul>\n<\/div>\n<h5>Kimya ve di\u011fer proses end\u00fcstrileri<\/h5>\n<div>\n<ul>\n<li data-zone-id=\"0\" data-line-index=\"0\" data-line=\"true\">Hidrokarbonlar, termal ya\u011flar vb.<\/li>\n<li data-zone-id=\"0\" data-line-index=\"0\" data-line=\"true\">\u00c7\u00f6z\u00fcc\u00fcler<\/li>\n<li data-zone-id=\"0\" data-line-index=\"0\" data-line=\"true\">Tuzdan ar\u0131nd\u0131r\u0131lm\u0131\u015f su<\/li>\n<li data-zone-id=\"0\" data-line-index=\"0\" data-line=\"true\">Gazlar, kaynak gazlar\u0131, buhar<\/li>\n<li data-zone-id=\"0\" data-line-index=\"0\" data-line=\"true\">Petrokimya \u00fcr\u00fcnleri (benzen, etilen, vb.)<\/li>\n<\/ul>\n<\/div>\n<h5>Demir, \u00e7elik ve metal end\u00fcstrisi<\/h5>\n<div>\n<ul>\n<li data-zone-id=\"0\" data-line-index=\"0\" data-line=\"true\">So\u011futma devreleri<\/li>\n<li data-zone-id=\"0\" data-line-index=\"0\" data-line=\"true\">Bas\u0131n\u00e7l\u0131 hava<\/li>\n<li data-zone-id=\"0\" data-line-index=\"0\" data-line=\"true\">\u0130nert gazlar<\/li>\n<li data-zone-id=\"0\" data-line-index=\"0\" data-line=\"true\">Oksijen<\/li>\n<li data-zone-id=\"0\" data-line-index=\"0\" data-line=\"true\">Do\u011fal gaz<\/li>\n<li data-zone-id=\"0\" data-line-index=\"0\" data-line=\"true\">Buhar<\/li>\n<\/ul>\n<\/div>\n<h5>Yiyecek ve i\u00e7ecek end\u00fcstrisi<\/h5>\n<ul>\n<li>Ar\u0131t\u0131lm\u0131\u015f ve tuzdan ar\u0131nd\u0131r\u0131lm\u0131\u015f su<\/li>\n<li>CO2<\/li>\n<li>Br\u00fcl\u00f6r t\u00fcketimi<\/li>\n<li>Buhar<\/li>\n<\/ul>\n<h5>Ka\u011f\u0131t hamuru ve ka\u011f\u0131t end\u00fcstrisi<\/h5>\n<ul>\n<li>Bas\u0131n\u00e7l\u0131 hava, buhar vb.<\/li>\n<\/ul>\n<h5>Petrol ve gaz end\u00fcstrisi<\/h5>\n<ul>\n<li>Petrokimya \u00fcr\u00fcnleri (benzen, etilen, buhar, vb.)<\/li>\n<li>Do\u011fal gaz<\/li>\n<\/ul>\n<\/div>\n<\/div>\n<\/div>","protected":false},"excerpt":{"rendered":"<div class=\"short-description-head\">\n<div data-zone-id=\"0\" data-line-index=\"0\" data-line=\"true\">The LUGBMT-VS vortex flow meter integrated temperature and pressure sensor, automatically calculates the mass flow of the medium through the international standard density compensation algorithm. Due to the built-in ultra-high sensitivity dual vortex sensor, the flow meter can simultaneously detect the flow signal and interference signal, through the algorithm can automatically identify the flow signal and vibration, electromagnetic disturbance signal. In comparison to the traditional vortex flow meter, the newly developed DSA (Digital Spectrum Analysis) technology greatly improves the low limit of measurement, turndown ratio, anti-vibration and anti-disturbance performance of flow meters, providing users with high accuracy and long-term stability.<\/div>\n<\/div>","protected":false},"featured_media":27319,"template":"","meta":[],"product_brand":[],"product_cat":[121,205,164,166,163],"product_tag":[],"class_list":{"0":"post-27317","1":"product","2":"type-product","3":"status-publish","4":"has-post-thumbnail","6":"product_cat-vortex-flow-meters","7":"product_cat-steam-flow-meters","8":"product_cat-air-flow-meters","9":"product_cat-liquid-flow-meters","10":"product_cat-water-flow-meters","12":"first","13":"instock","14":"shipping-taxable","15":"purchasable","16":"product-type-simple"},"_links":{"self":[{"href":"https:\/\/metlaninst.com\/tr\/wp-json\/wp\/v2\/product\/27317","targetHints":{"allow":["GET"]}}],"collection":[{"href":"https:\/\/metlaninst.com\/tr\/wp-json\/wp\/v2\/product"}],"about":[{"href":"https:\/\/metlaninst.com\/tr\/wp-json\/wp\/v2\/types\/product"}],"version-history":[{"count":1,"href":"https:\/\/metlaninst.com\/tr\/wp-json\/wp\/v2\/product\/27317\/revisions"}],"predecessor-version":[{"id":27320,"href":"https:\/\/metlaninst.com\/tr\/wp-json\/wp\/v2\/product\/27317\/revisions\/27320"}],"wp:featuredmedia":[{"embeddable":true,"href":"https:\/\/metlaninst.com\/tr\/wp-json\/wp\/v2\/media\/27319"}],"wp:attachment":[{"href":"https:\/\/metlaninst.com\/tr\/wp-json\/wp\/v2\/media?parent=27317"}],"wp:term":[{"taxonomy":"product_brand","embeddable":true,"href":"https:\/\/metlaninst.com\/tr\/wp-json\/wp\/v2\/product_brand?post=27317"},{"taxonomy":"product_cat","embeddable":true,"href":"https:\/\/metlaninst.com\/tr\/wp-json\/wp\/v2\/product_cat?post=27317"},{"taxonomy":"product_tag","embeddable":true,"href":"https:\/\/metlaninst.com\/tr\/wp-json\/wp\/v2\/product_tag?post=27317"}],"curies":[{"name":"wp","href":"https:\/\/api.w.org\/{rel}","templated":true}]}}